{"id":966,"date":"2022-09-27T13:48:46","date_gmt":"2022-09-27T12:48:46","guid":{"rendered":"https:\/\/www.agroeshop.hu\/?post_type=product&#038;p=966"},"modified":"2024-03-24T23:34:11","modified_gmt":"2024-03-24T22:34:11","slug":"hecht-000625-ch-tolto-2-akkumulatorhoz-akku-pr-6020","status":"publish","type":"product","link":"https:\/\/www.agroeshop.hu\/?product=hecht-000625-ch-tolto-2-akkumulatorhoz-akku-pr-6020","title":{"rendered":"HECHT 000625 CH &#8211; T\u00f6lt\u0151 2 akkumul\u00e1torhoz, akku pr. 6020"},"content":{"rendered":"<h2 class=\"text-center fs_26 mb_20\">Term\u00e9k le\u00edr\u00e1sa<\/h2>\n<p>T\u00f6lt\u0151 a 000620B \u00e9s 000625B Li-ion akkumul\u00e1torokhoz. A t\u00f6lt\u0151 k\u00e9t akkumul\u00e1tor egyidej\u0171 t\u00f6lt\u00e9s\u00e9re alkalmas.<\/p>\n<p>Az ACCU 6020 programba tartozik.<\/p>\n<h3>Mi az ACCU 6020 program \u00e9s milyen el\u0151nyei vannak?<\/h3>\n<p>Az akkumul\u00e1torral m\u0171k\u00f6d\u0151 g\u00e9peknek sz\u00e1mos el\u0151nye van.\u00a0\u00a0<strong>Az elektromos motor csendes, \u00e9s nem termel er\u0151s szag\u00fa vagy m\u00e9rgez\u0151 f\u00fcst\u00f6t.<\/strong>A bels\u0151\u00e9g\u00e9s\u0171 motorokhoz k\u00e9pest nem kell bonyolultan beind\u00edtani a motort, rendszeres karbantart\u00e1st v\u00e9gezni, olajat \u00e9s l\u00e9gsz\u0171r\u0151t cser\u00e9lni. Egy elektromos motor megb\u00edzhat\u00f3bb, mint egy meglehet\u0151sen bonyolult bels\u0151\u00e9g\u00e9s\u0171 motor. \u00a0A hagyom\u00e1nyos elektromos g\u00e9pek f\u0151 h\u00e1tr\u00e1nya azonban az, hogy sz\u00fcks\u00e9g van t\u00e1pk\u00e1belre. A k\u00e1bel korl\u00e1tozza a mozg\u00e1st, \u00e9s egy kis figyelmetlens\u00e9g s\u00e9r\u00fclhez \u00e9s esetleges \u00e1ram\u00fct\u00e9shez vezethet.<\/p>\n<p>Mindezek a probl\u00e9m\u00e1k \u00fagy old\u00f3dnak meg,<strong>\u00a0hogy a g\u00e9pet egy k\u00f6nny\u0171 l\u00edtium akkumul\u00e1torral t\u00e1pl\u00e1ljuk.<\/strong><\/p>\n<p>A modern l\u00edtium akkumul\u00e1torok k\u00f6nny\u0171ek, nagy mennyis\u00e9g\u0171 energi\u00e1t t\u00e1rolnak, \u00e9s megfelel\u0151 gondoskod\u00e1s mellett viszonylag hossz\u00fa \u00e9lettartam\u00faak. H\u00e1tr\u00e1nyuk a magasabb \u00e1r.\u00a0 Az ACCU program az\u00e1ltal k\u00fcsz\u00f6b\u00f6li ki ezt a h\u00e1tr\u00e1nyt, hogy lehet\u0151v\u00e9 teszi,\u00a0<strong>hogy t\u00f6bb k\u00fcl\u00f6nb\u00f6z\u0151 term\u00e9k egyetlen akkumul\u00e1torr\u00f3l m\u0171k\u00f6dj\u00f6n<\/strong>.\u00a0\u00a0Szerezzen be p\u00e9ld\u00e1ul l\u00e1ncf\u0171r\u00e9szt, s\u00f6v\u00e9nyny\u00edr\u00f3t, f\u0171ny\u00edr\u00f3t, magasnyom\u00e1s\u00fa mos\u00f3t, metsz\u0151f\u0171r\u00e9szt \u00e9s m\u00e1s olyan g\u00e9peket, amelyekhez \u00e1ltal\u00e1ban t\u00f6bb \u00e9s meglehet\u0151sen dr\u00e1ga akkumul\u00e1torra lenne sz\u00fcks\u00e9g. Az ACCU programnak k\u00f6sz\u00f6nhet\u0151en azonban csak egyetlen akkumul\u00e1torra lesz sz\u00fcks\u00e9ge.<br \/>\nCsak a HECHT 5025 m\u0171k\u00f6d\u00e9s\u00e9hez van sz\u00fcks\u00e9g egy p\u00e1r 2,5 Ah-s akkumul\u00e1torra. Ezek az akkumul\u00e1torok azonban visszafel\u00e9 is kompatibilisek a teljes ACCU 6020 term\u00e9kcsal\u00e1ddal, \u00e9s felv\u00e1tva is haszn\u00e1lhat\u00f3k. Mik\u00f6zben az egyik akkumul\u00e1torral dolgozik, a m\u00e1sikat t\u00f6ltheti.<\/p>\n<p><strong>Az ACCU programmal m\u00e1r a v\u00e1s\u00e1rl\u00e1skor t\u00f6bb ezer forintot takar\u00edthat meg.<\/strong>\u00a0Nem kell minden egyes g\u00e9phezk\u00fcl\u00f6nb\u00f6z\u0151 akkumul\u00e1tor\u00e9rt fizetnie, el\u00e9g bel\u0151le egy vagy kett\u0151. Az akkumul\u00e1tor t\u00f6lt\u00e9s\u00e9hez sz\u00fcks\u00e9ges \u00e1ramfogyaszt\u00e1s alig \u00e9szrevehet\u0151 a m\u00e9r\u0151\u00f3r\u00e1n. Hasonl\u00edtsa ezt \u00f6ssze egy benzin\u00fczem\u0171 f\u0171ny\u00edr\u00f3 \u00fczemanyag\u00e1r\u00e1val, \u00e9s adja hozz\u00e1 a motorolaj vagy a l\u00e9gsz\u0171r\u0151 \u00e1r\u00e1t, amelyet szezononk\u00e9nt legal\u00e1bb egyszer cser\u00e9lni kell.<\/p>\n<p>Egy id\u0151 ut\u00e1n pedig, amikor az akkumul\u00e1tor korl\u00e1tozott \u00e9lettartama miatt kifullad, csup\u00e1n egy \u00fajat kell v\u00e1s\u00e1rolnia, \u00e9s ism\u00e9t megoldotta az \u00f6sszes g\u00e9p \u00e1ramell\u00e1t\u00e1s\u00e1nak probl\u00e9m\u00e1j\u00e1t.<\/p>\n<p>A m\u0171helyben vagy a gar\u00e1zsban egy t\u00f6lt\u0151 el\u00e9g egy t\u00edpus\u00fa akkumul\u00e1torhoz. A l\u00edtiumos akkumul\u00e1tort nem kell teljesen lemer\u00edtenie, minden haszn\u00e1lat ut\u00e1n \u00fajrat\u00f6ltheti, \u00edgy mindig k\u00e9szen \u00e1ll a m\u0171k\u00f6d\u00e9sre.<\/p>\n<p><strong>Az ACCU 6020 program nemcsak az \u00d6n p\u00e9nzt\u00e1rc\u00e1j\u00e1t, hanem a term\u00e9szetet is k\u00edm\u00e9li.<\/strong><\/p>\n<p>&nbsp;<\/p>\n<h3>Egyetlen akkumul\u00e1tor mindenhez!<\/h3>\n","protected":false},"excerpt":{"rendered":"<p>Term\u00e9k le\u00edr\u00e1sa T\u00f6lt\u0151 a 000620B \u00e9s 000625B Li-ion akkumul\u00e1torokhoz. A t\u00f6lt\u0151 k\u00e9t akkumul\u00e1tor egyidej\u0171 t\u00f6lt\u00e9s\u00e9re alkalmas. Az ACCU 6020 programba tartozik. Mi az ACCU 6020 program \u00e9s milyen el\u0151nyei vannak? Az akkumul\u00e1torral m\u0171k\u00f6d\u0151 g\u00e9peknek sz\u00e1mos el\u0151nye van.\u00a0\u00a0Az elektromos motor csendes, \u00e9s nem termel er\u0151s szag\u00fa vagy m\u00e9rgez\u0151 f\u00fcst\u00f6t.A bels\u0151\u00e9g\u00e9s\u0171 motorokhoz k\u00e9pest nem kell bonyolultan beind\u00edtani<\/p>\n<div class=\"more-link\">\n\t\t\t\t <a href=\"https:\/\/www.agroeshop.hu\/?product=hecht-000625-ch-tolto-2-akkumulatorhoz-akku-pr-6020\" class=\"btn theme-btn inverted\"><span>B\u0151vebben <\/span><\/a>\n\t\t\t<\/div>\n","protected":false},"featured_media":967,"comment_status":"open","ping_status":"closed","template":"","meta":{"om_disable_all_campaigns":false,"_monsterinsights_skip_tracking":false,"_monsterinsights_sitenote_active":false,"_monsterinsights_sitenote_note":"","_monsterinsights_sitenote_category":0},"product_brand":[],"product_cat":[89],"product_tag":[],"class_list":{"0":"post-966","1":"product","2":"type-product","3":"status-publish","4":"has-post-thumbnail","6":"product_cat-hecht-6020-akku-program","8":"first","9":"outofstock","10":"taxable","11":"shipping-taxable","12":"purchasable","13":"product-type-simple"},"aioseo_notices":[],"blog_post_layout_featured_media_urls":{"thumbnail":["https:\/\/i0.wp.com\/www.agroeshop.hu\/wp-content\/uploads\/2022\/09\/000625-C-H.webp?resize=150%2C150&ssl=1",150,150,true],"full":["https:\/\/i0.wp.com\/www.agroeshop.hu\/wp-content\/uploads\/2022\/09\/000625-C-H.webp?fit=590%2C590&ssl=1",590,590,false]},"categories":null,"categories_names":null,"comments_number":"0","jetpack-related-posts":[],"jetpack_sharing_enabled":true,"_links":{"self":[{"href":"https:\/\/www.agroeshop.hu\/index.php?rest_route=\/wp\/v2\/product\/966","targetHints":{"allow":["GET"]}}],"collection":[{"href":"https:\/\/www.agroeshop.hu\/index.php?rest_route=\/wp\/v2\/product"}],"about":[{"href":"https:\/\/www.agroeshop.hu\/index.php?rest_route=\/wp\/v2\/types\/product"}],"replies":[{"embeddable":true,"href":"https:\/\/www.agroeshop.hu\/index.php?rest_route=%2Fwp%2Fv2%2Fcomments&post=966"}],"wp:featuredmedia":[{"embeddable":true,"href":"https:\/\/www.agroeshop.hu\/index.php?rest_route=\/wp\/v2\/media\/967"}],"wp:attachment":[{"href":"https:\/\/www.agroeshop.hu\/index.php?rest_route=%2Fwp%2Fv2%2Fmedia&parent=966"}],"wp:term":[{"taxonomy":"product_brand","embeddable":true,"href":"https:\/\/www.agroeshop.hu\/index.php?rest_route=%2Fwp%2Fv2%2Fproduct_brand&post=966"},{"taxonomy":"product_cat","embeddable":true,"href":"https:\/\/www.agroeshop.hu\/index.php?rest_route=%2Fwp%2Fv2%2Fproduct_cat&post=966"},{"taxonomy":"product_tag","embeddable":true,"href":"https:\/\/www.agroeshop.hu\/index.php?rest_route=%2Fwp%2Fv2%2Fproduct_tag&post=966"}],"curies":[{"name":"wp","href":"https:\/\/api.w.org\/{rel}","templated":true}]}}