{"id":964,"date":"2022-09-27T13:46:35","date_gmt":"2022-09-27T12:46:35","guid":{"rendered":"https:\/\/www.agroeshop.hu\/?post_type=product&#038;p=964"},"modified":"2024-03-24T23:34:11","modified_gmt":"2024-03-24T22:34:11","slug":"000625-b-akkumulator-20v-25ah-akku-program-6020","status":"publish","type":"product","link":"https:\/\/www.agroeshop.hu\/?product=000625-b-akkumulator-20v-25ah-akku-program-6020","title":{"rendered":"000625 B &#8211; Akkumul\u00e1tor 20v 2,5ah akku program 6020"},"content":{"rendered":"<h2 class=\"text-center fs_26 mb_20\">Term\u00e9k le\u00edr\u00e1sa<\/h2>\n<p>Kiv\u00e1l\u00f3 min\u0151s\u00e9g\u0171 20 V-os Li-ion akkumul\u00e1tor\u00a0<strong>2,5 Ah kapacit\u00e1ssal<\/strong>. Ez az akkumul\u00e1tor az ACCU 6020 program r\u00e9sze, \u00e9s sz\u00e1mos szersz\u00e1mt\u00edpussal kompatibilis. Az akkumul\u00e1tor t\u00f6lt\u00f6tts\u00e9gi \u00e1llapotjelz\u0151vel van ell\u00e1tva.<\/p>\n<p>A feleslegesen valahol hever\u0151, haszn\u00e1laton k\u00edv\u00fcli akkumul\u00e1tor spont\u00e1n lebomlik, \u00e9s ha nem t\u00f6ltik rendszeresen, id\u0151vel visszaford\u00edthatatlanul k\u00e1rosodhat. Manaps\u00e1g bevett gyakorlat, hogy minden szersz\u00e1mhoz saj\u00e1t akkumul\u00e1tort\u00edpus tartozik, amely &#8211; b\u00e1r a szersz\u00e1m beszerz\u00e9si \u00e1r\u00e1nak jelent\u0151s r\u00e9sz\u00e9t teszi ki &#8211; \u00e9lete nagy r\u00e9sz\u00e9ben haszontalanul \u00e1ll a rakt\u00e1rban vagy a m\u0171helyben.<\/p>\n<p>Az accuprogram 6020-nak k\u00f6sz\u00f6nhet\u0151en az akkumul\u00e1tort eg\u00e9sz \u00e9vben haszn\u00e1lhatja t\u00f6bbf\u00e9le kerti berendez\u00e9sben, \u00e9s \u00edgy a lehet\u0151 legjobban kihaszn\u00e1lhatja kapacit\u00e1s\u00e1t \u00e9s \u00e9lettartam\u00e1t.<\/p>\n<p>A 000620CH t\u00f6lt\u0151t tervezt\u00e9k a t\u00f6lt\u00e9s\u00e9hez.<\/p>\n","protected":false},"excerpt":{"rendered":"<p>Term\u00e9k le\u00edr\u00e1sa Kiv\u00e1l\u00f3 min\u0151s\u00e9g\u0171 20 V-os Li-ion akkumul\u00e1tor\u00a02,5 Ah kapacit\u00e1ssal. Ez az akkumul\u00e1tor az ACCU 6020 program r\u00e9sze, \u00e9s sz\u00e1mos szersz\u00e1mt\u00edpussal kompatibilis. Az akkumul\u00e1tor t\u00f6lt\u00f6tts\u00e9gi \u00e1llapotjelz\u0151vel van ell\u00e1tva. A feleslegesen valahol hever\u0151, haszn\u00e1laton k\u00edv\u00fcli akkumul\u00e1tor spont\u00e1n lebomlik, \u00e9s ha nem t\u00f6ltik rendszeresen, id\u0151vel visszaford\u00edthatatlanul k\u00e1rosodhat. Manaps\u00e1g bevett gyakorlat, hogy minden szersz\u00e1mhoz saj\u00e1t akkumul\u00e1tort\u00edpus tartozik, amely<\/p>\n<div class=\"more-link\">\n\t\t\t\t <a href=\"https:\/\/www.agroeshop.hu\/?product=000625-b-akkumulator-20v-25ah-akku-program-6020\" class=\"btn theme-btn inverted\"><span>B\u0151vebben <\/span><\/a>\n\t\t\t<\/div>\n","protected":false},"featured_media":965,"comment_status":"open","ping_status":"closed","template":"","meta":{"om_disable_all_campaigns":false,"_monsterinsights_skip_tracking":false,"_monsterinsights_sitenote_active":false,"_monsterinsights_sitenote_note":"","_monsterinsights_sitenote_category":0},"product_brand":[],"product_cat":[89],"product_tag":[],"class_list":{"0":"post-964","1":"product","2":"type-product","3":"status-publish","4":"has-post-thumbnail","6":"product_cat-hecht-6020-akku-program","8":"first","9":"instock","10":"taxable","11":"shipping-taxable","12":"purchasable","13":"product-type-simple"},"aioseo_notices":[],"blog_post_layout_featured_media_urls":{"thumbnail":["https:\/\/i0.wp.com\/www.agroeshop.hu\/wp-content\/uploads\/2022\/09\/000625-B.webp?resize=150%2C150&ssl=1",150,150,true],"full":["https:\/\/i0.wp.com\/www.agroeshop.hu\/wp-content\/uploads\/2022\/09\/000625-B.webp?fit=590%2C590&ssl=1",590,590,false]},"categories":null,"categories_names":null,"comments_number":"0","jetpack-related-posts":[],"jetpack_sharing_enabled":true,"_links":{"self":[{"href":"https:\/\/www.agroeshop.hu\/index.php?rest_route=\/wp\/v2\/product\/964","targetHints":{"allow":["GET"]}}],"collection":[{"href":"https:\/\/www.agroeshop.hu\/index.php?rest_route=\/wp\/v2\/product"}],"about":[{"href":"https:\/\/www.agroeshop.hu\/index.php?rest_route=\/wp\/v2\/types\/product"}],"replies":[{"embeddable":true,"href":"https:\/\/www.agroeshop.hu\/index.php?rest_route=%2Fwp%2Fv2%2Fcomments&post=964"}],"wp:featuredmedia":[{"embeddable":true,"href":"https:\/\/www.agroeshop.hu\/index.php?rest_route=\/wp\/v2\/media\/965"}],"wp:attachment":[{"href":"https:\/\/www.agroeshop.hu\/index.php?rest_route=%2Fwp%2Fv2%2Fmedia&parent=964"}],"wp:term":[{"taxonomy":"product_brand","embeddable":true,"href":"https:\/\/www.agroeshop.hu\/index.php?rest_route=%2Fwp%2Fv2%2Fproduct_brand&post=964"},{"taxonomy":"product_cat","embeddable":true,"href":"https:\/\/www.agroeshop.hu\/index.php?rest_route=%2Fwp%2Fv2%2Fproduct_cat&post=964"},{"taxonomy":"product_tag","embeddable":true,"href":"https:\/\/www.agroeshop.hu\/index.php?rest_route=%2Fwp%2Fv2%2Fproduct_tag&post=964"}],"curies":[{"name":"wp","href":"https:\/\/api.w.org\/{rel}","templated":true}]}}