{"id":917,"date":"2022-09-27T07:51:25","date_gmt":"2022-09-27T06:51:25","guid":{"rendered":"https:\/\/www.agroeshop.hu\/?post_type=product&#038;p=917"},"modified":"2024-03-24T23:34:06","modified_gmt":"2024-03-24T22:34:06","slug":"hecht-690-3in1-e-magassagi-agvago","status":"publish","type":"product","link":"https:\/\/www.agroeshop.hu\/?product=hecht-690-3in1-e-magassagi-agvago","title":{"rendered":"HECHT 690 3IN1 &#8211; E.magass\u00e1gi \u00e1gv\u00e1g\u00f3"},"content":{"rendered":"<h2 class=\"text-center fs_26 mb_20\">Term\u00e9k le\u00edr\u00e1sa<\/h2>\n<p>A HECHT 690 3in1 g\u00e9p\u00fcnk kit\u0171n\u0151 v\u00e1laszt\u00e1s, ha nem szeretne\u00a03 k\u00fcl\u00f6nb\u00f6z\u0151 munk\u00e1hoz 3 g\u00e9pet v\u00e1s\u00e1rolni.\u00a0 A g\u00e9p megv\u00e1s\u00e1rl\u00e1s\u00e1val birtok\u00e1ba ker\u00fcl egy f\u0171kasza, egy s\u00f6v\u00e9nyv\u00e1g\u00f3 \u00e9s egy \u00e1gv\u00e1g\u00f3.\u00a0A term\u00e9k er\u0151forr\u00e1sa 900W-os elektromos motor.<\/p>\n<p>A f\u0171szeg\u00e9lyny\u00edr\u00f3 munkasz\u00e9less\u00e9ge 36cm. A s\u00f6v\u00e9nyv\u00e1g\u00f3 41cm-es munkahossz\u00fas\u00e1ggal rendelkezik, az \u00e1gv\u00e1g\u00f3 l\u00e1ncvezet\u0151j\u00e9nek hossza 23cm. A told\u00f3 hossza: 50 cm.<br \/>\nA j\u00f3 min\u0151s\u00e9g\u0171 anyagok haszn\u00e1lat\u00e1nak k\u00f6sz\u00f6nhet\u0151en a g\u00e9pnek nagyon j\u00f3 a stabilit\u00e1sa, ennek k\u00f6sz\u00f6nhet\u0151en kev\u00e9sb\u00e9 f\u00e1rads\u00e1gos a munkav\u00e9gz\u00e9s vele.<br \/>\nEnnek a g\u00e9pnek tov\u00e1bbi nagy el\u0151nye a s\u00falya \u2013 ami csak 2,5 kg. Term\u00e9szetesen sz\u00e9tszedhet\u0151 a sz\u00e1r \u00e9s a csomag tartalmaz egy 50cm-es sz\u00e1rtold\u00f3t is.<\/p>\n<p>&nbsp;<\/p>\n","protected":false},"excerpt":{"rendered":"<h2 class=\"text-center fs_26 mb_20\">Param\u00e9terek<\/h2>\n<table class=\"detail-table\">\n<colgroup>\n<col width=\"50%\" \/>\n<col \/><\/colgroup>\n<tbody>\n<tr>\n<td>motor<\/td>\n<td>elektromos<\/td>\n<\/tr>\n<tr>\n<td>t\u00f6meg<\/td>\n<td>2,5 kg<\/td>\n<\/tr>\n<tr>\n<td>teljes\u00edtm\u00e9ny (W)<\/td>\n<td>900<\/td>\n<\/tr>\n<tr>\n<td>s\u00f6v\u00e9nyv\u00e1g\u00f3 lap hossza<\/td>\n<td>41 cm<\/td>\n<\/tr>\n<tr>\n<td>f\u0171r\u00e9szlap hossza<\/td>\n<td>23 mm<\/td>\n<\/tr>\n<tr>\n<td>szeg\u00e9lyny\u00edr\u00f3 \u00e1tm\u00e9r\u0151je<\/td>\n<td>36 cm<\/td>\n<\/tr>\n<\/tbody>\n<\/table>\n","protected":false},"featured_media":884,"comment_status":"open","ping_status":"closed","template":"","meta":{"om_disable_all_campaigns":false,"_monsterinsights_skip_tracking":false,"_monsterinsights_sitenote_active":false,"_monsterinsights_sitenote_note":"","_monsterinsights_sitenote_category":0},"product_brand":[],"product_cat":[107],"product_tag":[],"class_list":{"0":"post-917","1":"product","2":"type-product","3":"status-publish","4":"has-post-thumbnail","6":"product_cat-elektromos-sovenyvago","8":"first","9":"instock","10":"taxable","11":"shipping-taxable","12":"purchasable","13":"product-type-simple"},"aioseo_notices":[],"blog_post_layout_featured_media_urls":{"thumbnail":["https:\/\/i0.wp.com\/www.agroeshop.hu\/wp-content\/uploads\/2022\/09\/690-3IN1-1.webp?resize=150%2C150&ssl=1",150,150,true],"full":["https:\/\/i0.wp.com\/www.agroeshop.hu\/wp-content\/uploads\/2022\/09\/690-3IN1-1.webp?fit=590%2C590&ssl=1",590,590,false]},"categories":null,"categories_names":null,"comments_number":"0","jetpack-related-posts":[],"jetpack_sharing_enabled":true,"_links":{"self":[{"href":"https:\/\/www.agroeshop.hu\/index.php?rest_route=\/wp\/v2\/product\/917","targetHints":{"allow":["GET"]}}],"collection":[{"href":"https:\/\/www.agroeshop.hu\/index.php?rest_route=\/wp\/v2\/product"}],"about":[{"href":"https:\/\/www.agroeshop.hu\/index.php?rest_route=\/wp\/v2\/types\/product"}],"replies":[{"embeddable":true,"href":"https:\/\/www.agroeshop.hu\/index.php?rest_route=%2Fwp%2Fv2%2Fcomments&post=917"}],"wp:featuredmedia":[{"embeddable":true,"href":"https:\/\/www.agroeshop.hu\/index.php?rest_route=\/wp\/v2\/media\/884"}],"wp:attachment":[{"href":"https:\/\/www.agroeshop.hu\/index.php?rest_route=%2Fwp%2Fv2%2Fmedia&parent=917"}],"wp:term":[{"taxonomy":"product_brand","embeddable":true,"href":"https:\/\/www.agroeshop.hu\/index.php?rest_route=%2Fwp%2Fv2%2Fproduct_brand&post=917"},{"taxonomy":"product_cat","embeddable":true,"href":"https:\/\/www.agroeshop.hu\/index.php?rest_route=%2Fwp%2Fv2%2Fproduct_cat&post=917"},{"taxonomy":"product_tag","embeddable":true,"href":"https:\/\/www.agroeshop.hu\/index.php?rest_route=%2Fwp%2Fv2%2Fproduct_tag&post=917"}],"curies":[{"name":"wp","href":"https:\/\/api.w.org\/{rel}","templated":true}]}}