{"id":911,"date":"2022-09-26T13:46:56","date_gmt":"2022-09-26T12:46:56","guid":{"rendered":"https:\/\/www.agroeshop.hu\/?post_type=product&#038;p=911"},"modified":"2024-03-24T23:34:06","modified_gmt":"2024-03-24T22:34:06","slug":"hecht-6040-akkumulatoros-sovenyvago-akkutolto-nem-tartozek","status":"publish","type":"product","link":"https:\/\/www.agroeshop.hu\/?product=hecht-6040-akkumulatoros-sovenyvago-akkutolto-nem-tartozek","title":{"rendered":"HECHT 6040 &#8211; Akkumul\u00e1toros s\u00f6v\u00e9nyv\u00e1g\u00f3 akku+t\u00f6lt\u0151 nem tartoz\u00e9k"},"content":{"rendered":"<h2 class=\"text-center fs_26 mb_20\">Term\u00e9k le\u00edr\u00e1sa<\/h2>\n<p><strong>Az akkumul\u00e1tor \u00e9s t\u00f6lt\u0151 nem tartoz\u00e9k!<\/strong><\/p>\n<p>&nbsp;<\/p>\n<p>ACCU 5040 program<\/p>\n<p>&nbsp;<\/p>\n<p>Ez a term\u00e9k az ACCU 5040 program r\u00e9sze, amellyel egyed\u00fcl\u00e1ll\u00f3 m\u00f3don k\u00e9pes futtatni 22 term\u00e9ket egy\u00a0t\u00edpus\u00fa akkumul\u00e1torral. Minden az\u00a0ACCU 5040 programmal\u00a0megjel\u00f6lt term\u00e9k teljes m\u00e9rt\u00e9kben kompatibilis az HECHT 005040B, HECHT 005025B \u00e9s 005050B t\u00edpus\u00fa akkumul\u00e1torral. A legf\u0151bb el\u0151nye nem csak a k\u00f6lts\u00e9gek cs\u00f6kkent\u00e9se, hanem az a t\u00e9ny is, hogy az akkumul\u00e1tor teljesen kihaszn\u00e1lhat\u00f3 annak\u00a0teljes \u00e9lettartama alatt.<\/p>\n","protected":false},"excerpt":{"rendered":"<h2 class=\"text-center fs_26 mb_20\">Param\u00e9terek<\/h2>\n<table class=\"detail-table\">\n<colgroup>\n<col width=\"50%\" \/>\n<col \/><\/colgroup>\n<tbody>\n<tr>\n<td>t\u00f6meg<\/td>\n<td>4,3 kg<\/td>\n<\/tr>\n<tr>\n<td>ACCUprogram 5040<\/td>\n<td>x<\/td>\n<\/tr>\n<tr>\n<td>accu Li-ion<\/td>\n<td>40V<\/td>\n<\/tr>\n<tr>\n<td>v\u00e1g\u00f3lap munkahossz\u00fas\u00e1ga<\/td>\n<td>55 cm<\/td>\n<\/tr>\n<tr>\n<td>max. v\u00e1g\u00e1s \u00e1tm\u00e9r\u0151<\/td>\n<td>20 mm<\/td>\n<\/tr>\n<\/tbody>\n<\/table>\n","protected":false},"featured_media":888,"comment_status":"open","ping_status":"closed","template":"","meta":{"om_disable_all_campaigns":false,"_monsterinsights_skip_tracking":false,"_monsterinsights_sitenote_active":false,"_monsterinsights_sitenote_note":"","_monsterinsights_sitenote_category":0},"product_brand":[],"product_cat":[105],"product_tag":[],"class_list":{"0":"post-911","1":"product","2":"type-product","3":"status-publish","4":"has-post-thumbnail","6":"product_cat-akkumulatoros-sovenyvago","8":"first","9":"instock","10":"taxable","11":"shipping-taxable","12":"purchasable","13":"product-type-simple"},"aioseo_notices":[],"blog_post_layout_featured_media_urls":{"thumbnail":["https:\/\/i0.wp.com\/www.agroeshop.hu\/wp-content\/uploads\/2022\/09\/6040.webp?resize=150%2C150&ssl=1",150,150,true],"full":["https:\/\/i0.wp.com\/www.agroeshop.hu\/wp-content\/uploads\/2022\/09\/6040.webp?fit=590%2C590&ssl=1",590,590,false]},"categories":null,"categories_names":null,"comments_number":"0","jetpack-related-posts":[],"jetpack_sharing_enabled":true,"_links":{"self":[{"href":"https:\/\/www.agroeshop.hu\/index.php?rest_route=\/wp\/v2\/product\/911","targetHints":{"allow":["GET"]}}],"collection":[{"href":"https:\/\/www.agroeshop.hu\/index.php?rest_route=\/wp\/v2\/product"}],"about":[{"href":"https:\/\/www.agroeshop.hu\/index.php?rest_route=\/wp\/v2\/types\/product"}],"replies":[{"embeddable":true,"href":"https:\/\/www.agroeshop.hu\/index.php?rest_route=%2Fwp%2Fv2%2Fcomments&post=911"}],"wp:featuredmedia":[{"embeddable":true,"href":"https:\/\/www.agroeshop.hu\/index.php?rest_route=\/wp\/v2\/media\/888"}],"wp:attachment":[{"href":"https:\/\/www.agroeshop.hu\/index.php?rest_route=%2Fwp%2Fv2%2Fmedia&parent=911"}],"wp:term":[{"taxonomy":"product_brand","embeddable":true,"href":"https:\/\/www.agroeshop.hu\/index.php?rest_route=%2Fwp%2Fv2%2Fproduct_brand&post=911"},{"taxonomy":"product_cat","embeddable":true,"href":"https:\/\/www.agroeshop.hu\/index.php?rest_route=%2Fwp%2Fv2%2Fproduct_cat&post=911"},{"taxonomy":"product_tag","embeddable":true,"href":"https:\/\/www.agroeshop.hu\/index.php?rest_route=%2Fwp%2Fv2%2Fproduct_tag&post=911"}],"curies":[{"name":"wp","href":"https:\/\/api.w.org\/{rel}","templated":true}]}}