{"id":907,"date":"2022-09-26T13:06:21","date_gmt":"2022-09-26T12:06:21","guid":{"rendered":"https:\/\/www.agroeshop.hu\/?post_type=product&#038;p=907"},"modified":"2024-03-24T23:34:06","modified_gmt":"2024-03-24T22:34:06","slug":"hecht-9504-akkus-magassagi-agvago-furesz-akkutolto-nem-tartozek","status":"publish","type":"product","link":"https:\/\/www.agroeshop.hu\/?product=hecht-9504-akkus-magassagi-agvago-furesz-akkutolto-nem-tartozek","title":{"rendered":"HECHT 9504 &#8211; Akkus magass\u00e1gi \u00e1gv\u00e1g\u00f3 f\u0171r\u00e9sz, akku+t\u00f6lt\u0151 nem tartoz\u00e9k"},"content":{"rendered":"<h2 class=\"text-center fs_26 mb_20\">Term\u00e9k le\u00edr\u00e1sa<\/h2>\n<p>Le kell v\u00e1gnia a magasan lev\u0151 \u00e1gakat? A HECHT 9504 akkumul\u00e1toros\u00a0magass\u00e1gi \u00e1gv\u00e1g\u00f3 kit\u0171n\u0151 v\u00e1laszt\u00e1s. A 230\u00a0\u2013 280\u00a0cm k\u00f6t\u00f6tti tartom\u00e1nyban \u00e1ll\u00edthat\u00f3 teleszk\u00f3pos ny\u00e9l seg\u00edts\u00e9g\u00e9vel el\u00e9ri a magas f\u00e1k koron\u00e1j\u00e1t is. A l\u00e1ncvezet\u0151 hossza 20\u00a0cm. A l\u00e1nc m\u00e9retei: 3\/8\u201d, 1,3 mm.<br \/>\nA j\u00f3 min\u0151s\u00e9g\u0171 anyagok haszn\u00e1lat\u00e1nak k\u00f6sz\u00f6nhet\u0151en a g\u00e9pnek nagyon j\u00f3 a stabilit\u00e1sa, ennek k\u00f6sz\u00f6nhet\u0151en kev\u00e9sb\u00e9 f\u00e1rads\u00e1gos a munkav\u00e9gz\u00e9s vele. A g\u00e9pbe biztons\u00e1gi elemeket is be\u00e9p\u00edtett\u00fcnk, mint pl. a l\u00e1ncf\u00e9k. A g\u00e9p automatikus l\u00e1ncken\u00e9ssel is rendelkezik. Az olajszint k\u00f6nnyen ellen\u0151rizhet\u0151 az \u00e1tl\u00e1tsz\u00f3 jelz\u0151 seg\u00edts\u00e9g\u00e9vel.<br \/>\nEnnek a g\u00e9pnek tov\u00e1bbi nagy el\u0151nye a s\u00falya \u2013 ami csak 4,4\u00a0kg a l\u00e1nc \u00e9s l\u00e1ncvezet\u0151 n\u00e9lk\u00fcl.<\/p>\n<p>&nbsp;<\/p>\n<p>ACCU 5040 program<\/p>\n<p>&nbsp;<\/p>\n<p>Ez a term\u00e9k az ACCU 5040 program r\u00e9sze, amellyel egyed\u00fcl\u00e1ll\u00f3 m\u00f3don k\u00e9pes futtatni 22 term\u00e9ket egy\u00a0t\u00edpus\u00fa akkumul\u00e1torral. Minden az\u00a0ACCU 5040 programmal\u00a0megjel\u00f6lt term\u00e9k teljes m\u00e9rt\u00e9kben kompatibilis az HECHT 005040B, HECHT 005025B \u00e9s 005050B t\u00edpus\u00fa akkumul\u00e1torral. A legf\u0151bb el\u0151nye nem csak a k\u00f6lts\u00e9gek cs\u00f6kkent\u00e9se, hanem az a t\u00e9ny is, hogy az akkumul\u00e1tor teljesen kihaszn\u00e1lhat\u00f3 annak\u00a0teljes \u00e9lettartama alatt.<\/p>\n<p>&nbsp;<\/p>\n<p><strong>Az akkumul\u00e1tor \u00e9s a t\u00f6lt\u0151 nem tartoz\u00e9k!<\/strong><\/p>\n","protected":false},"excerpt":{"rendered":"<h2 class=\"text-center fs_26 mb_20\">Param\u00e9terek<\/h2>\n<table class=\"detail-table\">\n<colgroup>\n<col width=\"50%\" \/>\n<col \/><\/colgroup>\n<tbody>\n<tr>\n<td>t\u00f6meg<\/td>\n<td>4,4 kg<\/td>\n<\/tr>\n<tr>\n<td>akkumul\u00e1tor Li-ion<\/td>\n<td>40 V<\/td>\n<\/tr>\n<tr>\n<td>ACCUprogram 5040<\/td>\n<td>x<\/td>\n<\/tr>\n<tr>\n<td>l\u00e1ncvezet\u0151 hossza<\/td>\n<td>20 cm<\/td>\n<\/tr>\n<\/tbody>\n<\/table>\n","protected":false},"featured_media":908,"comment_status":"open","ping_status":"closed","template":"","meta":{"om_disable_all_campaigns":false,"_monsterinsights_skip_tracking":false,"_monsterinsights_sitenote_active":false,"_monsterinsights_sitenote_note":"","_monsterinsights_sitenote_category":0},"product_brand":[],"product_cat":[105],"product_tag":[],"class_list":{"0":"post-907","1":"product","2":"type-product","3":"status-publish","4":"has-post-thumbnail","6":"product_cat-akkumulatoros-sovenyvago","8":"first","9":"instock","10":"taxable","11":"shipping-taxable","12":"purchasable","13":"product-type-simple"},"aioseo_notices":[],"blog_post_layout_featured_media_urls":{"thumbnail":["https:\/\/i0.wp.com\/www.agroeshop.hu\/wp-content\/uploads\/2022\/09\/9504.webp?resize=150%2C150&ssl=1",150,150,true],"full":["https:\/\/i0.wp.com\/www.agroeshop.hu\/wp-content\/uploads\/2022\/09\/9504.webp?fit=590%2C590&ssl=1",590,590,false]},"categories":null,"categories_names":null,"comments_number":"0","jetpack-related-posts":[],"jetpack_sharing_enabled":true,"_links":{"self":[{"href":"https:\/\/www.agroeshop.hu\/index.php?rest_route=\/wp\/v2\/product\/907","targetHints":{"allow":["GET"]}}],"collection":[{"href":"https:\/\/www.agroeshop.hu\/index.php?rest_route=\/wp\/v2\/product"}],"about":[{"href":"https:\/\/www.agroeshop.hu\/index.php?rest_route=\/wp\/v2\/types\/product"}],"replies":[{"embeddable":true,"href":"https:\/\/www.agroeshop.hu\/index.php?rest_route=%2Fwp%2Fv2%2Fcomments&post=907"}],"wp:featuredmedia":[{"embeddable":true,"href":"https:\/\/www.agroeshop.hu\/index.php?rest_route=\/wp\/v2\/media\/908"}],"wp:attachment":[{"href":"https:\/\/www.agroeshop.hu\/index.php?rest_route=%2Fwp%2Fv2%2Fmedia&parent=907"}],"wp:term":[{"taxonomy":"product_brand","embeddable":true,"href":"https:\/\/www.agroeshop.hu\/index.php?rest_route=%2Fwp%2Fv2%2Fproduct_brand&post=907"},{"taxonomy":"product_cat","embeddable":true,"href":"https:\/\/www.agroeshop.hu\/index.php?rest_route=%2Fwp%2Fv2%2Fproduct_cat&post=907"},{"taxonomy":"product_tag","embeddable":true,"href":"https:\/\/www.agroeshop.hu\/index.php?rest_route=%2Fwp%2Fv2%2Fproduct_tag&post=907"}],"curies":[{"name":"wp","href":"https:\/\/api.w.org\/{rel}","templated":true}]}}