{"id":902,"date":"2022-09-26T12:34:41","date_gmt":"2022-09-26T11:34:41","guid":{"rendered":"https:\/\/www.agroeshop.hu\/?post_type=product&#038;p=902"},"modified":"2024-03-24T23:34:03","modified_gmt":"2024-03-24T22:34:03","slug":"hecht-976-4t-benzinmotoros-lomb-fuvo","status":"publish","type":"product","link":"https:\/\/www.agroeshop.hu\/?product=hecht-976-4t-benzinmotoros-lomb-fuvo","title":{"rendered":"HECHT 976 4T &#8211; Benzinmotoros lomb f\u00fav\u00f3"},"content":{"rendered":"<div class=\"small-desc\">\n<p>76 cm3-es n\u00e9gy\u00fctem\u0171 benzinmotor, 309 m3\/min a leveg\u0151 sebess\u00e9ge,<\/p>\n<\/div>\n<div class=\"small-desc\"><\/div>\n<div class=\"prices \"><\/div>\n","protected":false},"excerpt":{"rendered":"<h2 class=\"text-center fs_26 mb_20\">Param\u00e9terek<\/h2>\n<table class=\"detail-table\">\n<colgroup>\n<col width=\"50%\" \/>\n<col \/><\/colgroup>\n<tbody>\n<tr>\n<td>motor t\u00e9rfogat<\/td>\n<td>76 cm3<\/td>\n<\/tr>\n<tr>\n<td>4-\u00fctem\u0171 motor<\/td>\n<td>x HECHT OHV<\/td>\n<\/tr>\n<tr>\n<td>leveg\u0151 t\u00e9rfogata f\u00fav\u00e1s<\/td>\n<td>0,31 m3\/s<\/td>\n<\/tr>\n<tr>\n<td>leveg\u0151 sebess\u00e9ge<\/td>\n<td>309 m3\/min<\/td>\n<\/tr>\n<\/tbody>\n<\/table>\n","protected":false},"featured_media":865,"comment_status":"open","ping_status":"closed","template":"","meta":{"om_disable_all_campaigns":false,"_monsterinsights_skip_tracking":false,"_monsterinsights_sitenote_active":false,"_monsterinsights_sitenote_note":"","_monsterinsights_sitenote_category":0},"product_brand":[],"product_cat":[102],"product_tag":[],"class_list":{"0":"post-902","1":"product","2":"type-product","3":"status-publish","4":"has-post-thumbnail","6":"product_cat-benzinmotoros-lombfuvo-szivo","8":"first","9":"instock","10":"taxable","11":"shipping-taxable","12":"purchasable","13":"product-type-simple"},"aioseo_notices":[],"blog_post_layout_featured_media_urls":{"thumbnail":["https:\/\/i0.wp.com\/www.agroeshop.hu\/wp-content\/uploads\/2022\/09\/976-4-T.webp?resize=150%2C150&ssl=1",150,150,true],"full":["https:\/\/i0.wp.com\/www.agroeshop.hu\/wp-content\/uploads\/2022\/09\/976-4-T.webp?fit=590%2C590&ssl=1",590,590,false]},"categories":null,"categories_names":null,"comments_number":"0","jetpack-related-posts":[],"jetpack_sharing_enabled":true,"_links":{"self":[{"href":"https:\/\/www.agroeshop.hu\/index.php?rest_route=\/wp\/v2\/product\/902","targetHints":{"allow":["GET"]}}],"collection":[{"href":"https:\/\/www.agroeshop.hu\/index.php?rest_route=\/wp\/v2\/product"}],"about":[{"href":"https:\/\/www.agroeshop.hu\/index.php?rest_route=\/wp\/v2\/types\/product"}],"replies":[{"embeddable":true,"href":"https:\/\/www.agroeshop.hu\/index.php?rest_route=%2Fwp%2Fv2%2Fcomments&post=902"}],"wp:featuredmedia":[{"embeddable":true,"href":"https:\/\/www.agroeshop.hu\/index.php?rest_route=\/wp\/v2\/media\/865"}],"wp:attachment":[{"href":"https:\/\/www.agroeshop.hu\/index.php?rest_route=%2Fwp%2Fv2%2Fmedia&parent=902"}],"wp:term":[{"taxonomy":"product_brand","embeddable":true,"href":"https:\/\/www.agroeshop.hu\/index.php?rest_route=%2Fwp%2Fv2%2Fproduct_brand&post=902"},{"taxonomy":"product_cat","embeddable":true,"href":"https:\/\/www.agroeshop.hu\/index.php?rest_route=%2Fwp%2Fv2%2Fproduct_cat&post=902"},{"taxonomy":"product_tag","embeddable":true,"href":"https:\/\/www.agroeshop.hu\/index.php?rest_route=%2Fwp%2Fv2%2Fproduct_tag&post=902"}],"curies":[{"name":"wp","href":"https:\/\/api.w.org\/{rel}","templated":true}]}}