{"id":849,"date":"2022-09-25T19:38:30","date_gmt":"2022-09-25T18:38:30","guid":{"rendered":"https:\/\/www.agroeshop.hu\/?post_type=product&#038;p=849"},"modified":"2024-03-24T23:34:02","modified_gmt":"2024-03-24T22:34:02","slug":"hecht-5654-benzines-gyepszellozteto","status":"publish","type":"product","link":"https:\/\/www.agroeshop.hu\/?product=hecht-5654-benzines-gyepszellozteto","title":{"rendered":"HECHT 5654 &#8211; Benzines gyepszell\u0151ztet\u0151"},"content":{"rendered":"<h2 class=\"text-center fs_26 mb_20\">Term\u00e9k le\u00edr\u00e1sa<\/h2>\n<p>A Hecht 5654\u00a0k\u00f6nnyen kezelhet\u0151 benzinmotoros\u00a0gyepszell\u0151ztet\u0151. Er\u0151forr\u00e1s\u00e1t egy 78,5cm3-es, 1,2kW-os\u00a04-\u00fctem\u0171 Hecht OHV motor biztos\u00edtja..<\/p>\n<p>Munkasz\u00e9less\u00e9ge 38 cm. A 18 k\u00e9ses szell\u0151ztet\u0151 hengerrel m\u0171k\u00f6dik, melyet 0-12mm-es m\u00e9lys\u00e9gig \u00e1ll\u00edthatunk.K\u00f6zponti m\u00e9lys\u00e9g\u00e1ll\u00edt\u00e1ssal rendelkezik, melynek \u00e1ll\u00edt\u00f3karja a jobb els\u0151 ker\u00e9kn\u00e9l tal\u00e1lhat\u00f3.<br \/>\nA kiszedett \u00e9s felesleges n\u00f6v\u00e9nyzetet 40\u00a0literes v\u00e1szon\u00a0t\u00e1rol\u00f3ba\u00a0gy\u0171jti. K\u00f6nny\u0171, 26,5kg-os t\u00f6mege miatt rendk\u00edv\u00fcl k\u00f6nnyen v\u00e9gezhet\u0151 vele a munka ak\u00e1r 1400m2-es ter\u00fcleten.<\/p>\n<p>&nbsp;<\/p>\n<p><strong>A term\u00e9k el\u0151nyei:<\/strong><\/p>\n<p>&nbsp;<\/p>\n<ul>\n<li>Nagy teljes\u00edtm\u00e9ny\u0171 OHV benzinmotor<\/li>\n<li>A 38 cm-es munkasz\u00e9less\u00e9g\u00e9nek k\u00f6sz\u00f6nhet\u0151en k\u00f6zepes \u00e9s nagyobb m\u00e9ret\u0171 telkek megm\u0171vel\u00e9s\u00e9re alkalmas<\/li>\n<li>Ide\u00e1lis olyan ter\u00fcleteken \u00e9s kertekben, ahol nem \u00e1ll rendelkez\u00e9sre elektromos h\u00e1l\u00f3zat<\/li>\n<li>K\u00f6zpontilag be\u00e1ll\u00edthat\u00f3 szell\u0151ztet\u00e9si m\u00e9lys\u00e9g<\/li>\n<li>A vev\u0151k \u00e9rt\u00e9kelni fogj\u00e1k a massz\u00edv f\u00e9m alv\u00e1zat<\/li>\n<li>Be\u00e1ll\u00edthat\u00f3 szell\u0151ztet\u00e9si m\u00e9lys\u00e9g<\/li>\n<li>Az \u00f6sszecsukhat\u00f3 foganty\u00fak megk\u00f6nny\u00edtik a sz\u00e1ll\u00edt\u00e1st \u00e9s a t\u00e1rol\u00e1st<\/li>\n<li>Ergonomikus foganty\u00fak nagyobb k\u00e9nyelmet biztos\u00edtanak a munka sor\u00e1n<\/li>\n<li>A sz\u00e9les \u00fcr\u00edt\u0151dobnak k\u00f6sz\u00f6nhet\u0151en a kiszedett n\u00f6v\u00e9nyzetet kiv\u00e1l\u00f3an \u00f6sszegy\u0171jti<\/li>\n<li>Ellen\u00e1ll\u00f3 sz\u00f6vetanyagb\u00f3l k\u00e9sz\u00fclt f\u0171gy\u0171jt\u0151 kos\u00e1r<\/li>\n<li>A gyepszell\u0151ztet\u0151 eg\u00e9szen biztosan j\u00f3t tesz a gyepnek, a gyepet mentes\u00edti a felesleges r\u00e9szekt\u0151l \u00e9s meglaz\u00edtja, ennek k\u00f6vetkezt\u00e9ben s\u0171r\u0171bb\u00e9, d\u00fasabb\u00e1 v\u00e1lik a f\u0171<\/li>\n<\/ul>\n<p>&nbsp;<\/p>\n","protected":false},"excerpt":{"rendered":"<div id=\"detail-tabs\" class=\"white-bg\">\n<div class=\"row main-row clearfix\">\n<div class=\"column xsmall-12\">\n<div id=\"prod-params\" class=\"tab\" data-height=\"500\">\n<h2 class=\"text-center fs_26 mb_20\">Param\u00e9terek<\/h2>\n<table class=\"detail-table\">\n<colgroup>\n<col width=\"50%\" \/>\n<col \/><\/colgroup>\n<tbody>\n<tr>\n<td>motor<\/td>\n<td>HECHT OHV<\/td>\n<\/tr>\n<tr>\n<td>munkasz\u00e9less\u00e9g<\/td>\n<td>38 cm<\/td>\n<\/tr>\n<tr>\n<td>t\u00f6meg<\/td>\n<td>26,5 kg<\/td>\n<\/tr>\n<tr>\n<td>f\u00e9mh\u00e1zas<\/td>\n<td>nem<\/td>\n<\/tr>\n<tr>\n<td>gy\u0171jt\u0151kos\u00e1r<\/td>\n<td>40 l<\/td>\n<\/tr>\n<tr>\n<td>teljes\u00edtm\u00e9ny (W)<\/td>\n<td>1,2<\/td>\n<\/tr>\n<tr>\n<td>motor t\u00e9rfogat<\/td>\n<td>78,5 cm3<\/td>\n<\/tr>\n<tr>\n<td>max. forgat\u00f3nyomat\u00e9k<\/td>\n<td>4,5 Nm<\/td>\n<\/tr>\n<tr>\n<td>aj\u00e1nlott ter\u00fclet<\/td>\n<td>1400 m2<\/td>\n<\/tr>\n<\/tbody>\n<\/table>\n<\/div>\n<p><br class=\"show-for-medium\" \/><br class=\"show-for-medium\" \/><\/p>\n<\/div>\n<\/div>\n<\/div>\n<div id=\"prod-alt\" class=\"row main-row clearfix tab\">\n<div class=\"column xsmall-12\"><\/div>\n<\/div>\n","protected":false},"featured_media":843,"comment_status":"open","ping_status":"closed","template":"","meta":{"om_disable_all_campaigns":false,"_monsterinsights_skip_tracking":false,"_monsterinsights_sitenote_active":false,"_monsterinsights_sitenote_note":"","_monsterinsights_sitenote_category":0},"product_brand":[],"product_cat":[110],"product_tag":[],"class_list":{"0":"post-849","1":"product","2":"type-product","3":"status-publish","4":"has-post-thumbnail","6":"product_cat-benzinmotoros-gyepszellozteto","8":"first","9":"instock","10":"taxable","11":"shipping-taxable","12":"purchasable","13":"product-type-simple"},"aioseo_notices":[],"blog_post_layout_featured_media_urls":{"thumbnail":["https:\/\/i0.wp.com\/www.agroeshop.hu\/wp-content\/uploads\/2022\/09\/5654.webp?resize=150%2C150&ssl=1",150,150,true],"full":["https:\/\/i0.wp.com\/www.agroeshop.hu\/wp-content\/uploads\/2022\/09\/5654.webp?fit=590%2C590&ssl=1",590,590,false]},"categories":null,"categories_names":null,"comments_number":"0","jetpack-related-posts":[],"jetpack_sharing_enabled":true,"_links":{"self":[{"href":"https:\/\/www.agroeshop.hu\/index.php?rest_route=\/wp\/v2\/product\/849","targetHints":{"allow":["GET"]}}],"collection":[{"href":"https:\/\/www.agroeshop.hu\/index.php?rest_route=\/wp\/v2\/product"}],"about":[{"href":"https:\/\/www.agroeshop.hu\/index.php?rest_route=\/wp\/v2\/types\/product"}],"replies":[{"embeddable":true,"href":"https:\/\/www.agroeshop.hu\/index.php?rest_route=%2Fwp%2Fv2%2Fcomments&post=849"}],"wp:featuredmedia":[{"embeddable":true,"href":"https:\/\/www.agroeshop.hu\/index.php?rest_route=\/wp\/v2\/media\/843"}],"wp:attachment":[{"href":"https:\/\/www.agroeshop.hu\/index.php?rest_route=%2Fwp%2Fv2%2Fmedia&parent=849"}],"wp:term":[{"taxonomy":"product_brand","embeddable":true,"href":"https:\/\/www.agroeshop.hu\/index.php?rest_route=%2Fwp%2Fv2%2Fproduct_brand&post=849"},{"taxonomy":"product_cat","embeddable":true,"href":"https:\/\/www.agroeshop.hu\/index.php?rest_route=%2Fwp%2Fv2%2Fproduct_cat&post=849"},{"taxonomy":"product_tag","embeddable":true,"href":"https:\/\/www.agroeshop.hu\/index.php?rest_route=%2Fwp%2Fv2%2Fproduct_tag&post=849"}],"curies":[{"name":"wp","href":"https:\/\/api.w.org\/{rel}","templated":true}]}}