{"id":829,"date":"2022-09-25T19:12:17","date_gmt":"2022-09-25T18:12:17","guid":{"rendered":"https:\/\/www.agroeshop.hu\/?post_type=product&#038;p=829"},"modified":"2024-03-24T23:34:02","modified_gmt":"2024-03-24T22:34:02","slug":"hecht-000102-ketvallas-heveder","status":"publish","type":"product","link":"https:\/\/www.agroeshop.hu\/?product=hecht-000102-ketvallas-heveder","title":{"rendered":"HECHT 000102 &#8211; K\u00e9tv\u00e1llas heveder"},"content":{"rendered":"<h2 class=\"text-center fs_26 mb_20\">Term\u00e9k le\u00edr\u00e1sa<\/h2>\n<p>Professzion\u00e1lis k\u00e9tv\u00e1llas heveder, amely a boz\u00f3tv\u00e1g\u00f3k \u00e9s ny\u00edr\u00f3g\u00e9pek t\u00falnyom\u00f3 t\u00f6bbs\u00e9g\u00e9hez alkalmas.<\/p>\n","protected":false},"excerpt":{"rendered":"<p>Term\u00e9k le\u00edr\u00e1sa Professzion\u00e1lis k\u00e9tv\u00e1llas heveder, amely a boz\u00f3tv\u00e1g\u00f3k \u00e9s ny\u00edr\u00f3g\u00e9pek t\u00falnyom\u00f3 t\u00f6bbs\u00e9g\u00e9hez alkalmas.<\/p>\n","protected":false},"featured_media":823,"comment_status":"open","ping_status":"closed","template":"","meta":{"om_disable_all_campaigns":false,"_monsterinsights_skip_tracking":false,"_monsterinsights_sitenote_active":false,"_monsterinsights_sitenote_note":"","_monsterinsights_sitenote_category":0},"product_brand":[],"product_cat":[99],"product_tag":[],"class_list":{"0":"post-829","1":"product","2":"type-product","3":"status-publish","4":"has-post-thumbnail","6":"product_cat-tartozekok-fukaszakhoz-szegelynyirokhoz","8":"first","9":"instock","10":"taxable","11":"shipping-taxable","12":"purchasable","13":"product-type-simple"},"aioseo_notices":[],"blog_post_layout_featured_media_urls":{"thumbnail":["https:\/\/i0.wp.com\/www.agroeshop.hu\/wp-content\/uploads\/2022\/09\/000102.webp?resize=150%2C150&ssl=1",150,150,true],"full":["https:\/\/i0.wp.com\/www.agroeshop.hu\/wp-content\/uploads\/2022\/09\/000102.webp?fit=590%2C590&ssl=1",590,590,false]},"categories":null,"categories_names":null,"comments_number":"0","jetpack-related-posts":[],"jetpack_sharing_enabled":true,"_links":{"self":[{"href":"https:\/\/www.agroeshop.hu\/index.php?rest_route=\/wp\/v2\/product\/829","targetHints":{"allow":["GET"]}}],"collection":[{"href":"https:\/\/www.agroeshop.hu\/index.php?rest_route=\/wp\/v2\/product"}],"about":[{"href":"https:\/\/www.agroeshop.hu\/index.php?rest_route=\/wp\/v2\/types\/product"}],"replies":[{"embeddable":true,"href":"https:\/\/www.agroeshop.hu\/index.php?rest_route=%2Fwp%2Fv2%2Fcomments&post=829"}],"wp:featuredmedia":[{"embeddable":true,"href":"https:\/\/www.agroeshop.hu\/index.php?rest_route=\/wp\/v2\/media\/823"}],"wp:attachment":[{"href":"https:\/\/www.agroeshop.hu\/index.php?rest_route=%2Fwp%2Fv2%2Fmedia&parent=829"}],"wp:term":[{"taxonomy":"product_brand","embeddable":true,"href":"https:\/\/www.agroeshop.hu\/index.php?rest_route=%2Fwp%2Fv2%2Fproduct_brand&post=829"},{"taxonomy":"product_cat","embeddable":true,"href":"https:\/\/www.agroeshop.hu\/index.php?rest_route=%2Fwp%2Fv2%2Fproduct_cat&post=829"},{"taxonomy":"product_tag","embeddable":true,"href":"https:\/\/www.agroeshop.hu\/index.php?rest_route=%2Fwp%2Fv2%2Fproduct_tag&post=829"}],"curies":[{"name":"wp","href":"https:\/\/api.w.org\/{rel}","templated":true}]}}