{"id":828,"date":"2022-09-25T19:10:45","date_gmt":"2022-09-25T18:10:45","guid":{"rendered":"https:\/\/www.agroeshop.hu\/?post_type=product&#038;p=828"},"modified":"2024-03-24T23:34:01","modified_gmt":"2024-03-24T22:34:01","slug":"hecht-000130-easy-load-damilfej","status":"publish","type":"product","link":"https:\/\/www.agroeshop.hu\/?product=hecht-000130-easy-load-damilfej","title":{"rendered":"HECHT 000130 &#8211; Easy load damilfej"},"content":{"rendered":"<h2 class=\"text-center fs_26 mb_20\">Term\u00e9k le\u00edr\u00e1sa<\/h2>\n<p>Az\u00a0<strong>EASY-LOAD<\/strong>\u00a0damilfejet a HECHT 135 BTS, 1330, 142 BTS, 145, 151, 152 BTS, 154 boz\u00f3tv\u00e1g\u00f3khoz tervezt\u00e9k. Az EASY-LOAD funkci\u00f3nak k\u00f6sz\u00f6nhet\u0151en a damil felteker\u00e9se nagyon egyszer\u0171. A damil cser\u00e9jekor nem sz\u00fcks\u00e9ges sz\u00e9tszerelni a fejet. Egyszer\u0171en h\u00fazza ki a r\u00e9gi damil marad\u00e9k\u00e1t, f\u0171zz\u00f6n egy kim\u00e9rt darab \u00faj damilt k\u00f6zvetlen\u00fcl a fejbe, \u00e9s tekerje fel a fejbe.<\/p>\n","protected":false},"excerpt":{"rendered":"<p>Term\u00e9k le\u00edr\u00e1sa Az\u00a0EASY-LOAD\u00a0damilfejet a HECHT 135 BTS, 1330, 142 BTS, 145, 151, 152 BTS, 154 boz\u00f3tv\u00e1g\u00f3khoz tervezt\u00e9k. Az EASY-LOAD funkci\u00f3nak k\u00f6sz\u00f6nhet\u0151en a damil felteker\u00e9se nagyon egyszer\u0171. A damil cser\u00e9jekor nem sz\u00fcks\u00e9ges sz\u00e9tszerelni a fejet. Egyszer\u0171en h\u00fazza ki a r\u00e9gi damil marad\u00e9k\u00e1t, f\u0171zz\u00f6n egy kim\u00e9rt darab \u00faj damilt k\u00f6zvetlen\u00fcl a fejbe, \u00e9s tekerje fel a fejbe.<\/p>\n","protected":false},"featured_media":820,"comment_status":"open","ping_status":"closed","template":"","meta":{"om_disable_all_campaigns":false,"_monsterinsights_skip_tracking":false,"_monsterinsights_sitenote_active":false,"_monsterinsights_sitenote_note":"","_monsterinsights_sitenote_category":0},"product_brand":[],"product_cat":[99],"product_tag":[],"class_list":{"0":"post-828","1":"product","2":"type-product","3":"status-publish","4":"has-post-thumbnail","6":"product_cat-tartozekok-fukaszakhoz-szegelynyirokhoz","8":"first","9":"instock","10":"taxable","11":"shipping-taxable","12":"purchasable","13":"product-type-simple"},"aioseo_notices":[],"blog_post_layout_featured_media_urls":{"thumbnail":["https:\/\/i0.wp.com\/www.agroeshop.hu\/wp-content\/uploads\/2022\/09\/000130.webp?resize=150%2C150&ssl=1",150,150,true],"full":["https:\/\/i0.wp.com\/www.agroeshop.hu\/wp-content\/uploads\/2022\/09\/000130.webp?fit=590%2C590&ssl=1",590,590,false]},"categories":null,"categories_names":null,"comments_number":"0","jetpack-related-posts":[],"jetpack_sharing_enabled":true,"_links":{"self":[{"href":"https:\/\/www.agroeshop.hu\/index.php?rest_route=\/wp\/v2\/product\/828","targetHints":{"allow":["GET"]}}],"collection":[{"href":"https:\/\/www.agroeshop.hu\/index.php?rest_route=\/wp\/v2\/product"}],"about":[{"href":"https:\/\/www.agroeshop.hu\/index.php?rest_route=\/wp\/v2\/types\/product"}],"replies":[{"embeddable":true,"href":"https:\/\/www.agroeshop.hu\/index.php?rest_route=%2Fwp%2Fv2%2Fcomments&post=828"}],"wp:featuredmedia":[{"embeddable":true,"href":"https:\/\/www.agroeshop.hu\/index.php?rest_route=\/wp\/v2\/media\/820"}],"wp:attachment":[{"href":"https:\/\/www.agroeshop.hu\/index.php?rest_route=%2Fwp%2Fv2%2Fmedia&parent=828"}],"wp:term":[{"taxonomy":"product_brand","embeddable":true,"href":"https:\/\/www.agroeshop.hu\/index.php?rest_route=%2Fwp%2Fv2%2Fproduct_brand&post=828"},{"taxonomy":"product_cat","embeddable":true,"href":"https:\/\/www.agroeshop.hu\/index.php?rest_route=%2Fwp%2Fv2%2Fproduct_cat&post=828"},{"taxonomy":"product_tag","embeddable":true,"href":"https:\/\/www.agroeshop.hu\/index.php?rest_route=%2Fwp%2Fv2%2Fproduct_tag&post=828"}],"curies":[{"name":"wp","href":"https:\/\/api.w.org\/{rel}","templated":true}]}}