{"id":811,"date":"2022-09-25T18:44:33","date_gmt":"2022-09-25T17:44:33","guid":{"rendered":"https:\/\/www.agroeshop.hu\/?post_type=product&#038;p=811"},"modified":"2024-03-24T23:33:57","modified_gmt":"2024-03-24T22:33:57","slug":"hecht-152-bts-benzinmotoros-fukasza","status":"publish","type":"product","link":"https:\/\/www.agroeshop.hu\/?product=hecht-152-bts-benzinmotoros-fukasza","title":{"rendered":"HECHT 152 BTS &#8211; Benzinmotoros f\u0171kasza"},"content":{"rendered":"<h2 class=\"text-center fs_26 mb_20\">Term\u00e9k le\u00edr\u00e1sa<\/h2>\n<p>Ez a f\u0171kasza 52 cm3, 2,2 HP k\u00e9t\u00fctem\u0171 motorral van felszerelve. A g\u00e9phez tartoz\u00e9kk\u00e9nt adjuk a k\u00e9tv\u00e1llas hevedert, damilfejet, f\u00e9m v\u00e1g\u00f3korongot, \u00e9s szersz\u00e1mokat az \u00f6ssze- \u00e9s sz\u00e9tszerel\u00e9shez. A g\u00e9p sz\u00e1ra sz\u00e9tszedhet\u0151, ami megk\u00f6nny\u00edti a sz\u00e1ll\u00edt\u00e1s\u00e1t \u00e9s t\u00e1rol\u00e1s\u00e1t. Az ergonomikusan kialak\u00edtott markolat biztons\u00e1gos \u00e9s k\u00e9nyelmes fog\u00e1st biztos\u00edt.<br \/>\nA g\u00e9p t\u00f6mege 7,9 kg. A hozz\u00e1 adott f\u00e9m v\u00e1g\u00f3korong \u00e1tm\u00e9r\u0151je 255 mm. A damilfejhez 2,5 mm \u00e1tm\u00e9r\u0151j\u0171 v\u00e1g\u00f3sz\u00e1lat tud haszn\u00e1lni, ennek munkasz\u00e9less\u00e9ge 430 mm.<\/p>\n","protected":false},"excerpt":{"rendered":"<h2 class=\"text-center fs_26 mb_20\">Param\u00e9terek<\/h2>\n<table class=\"detail-table\">\n<colgroup>\n<col width=\"50%\" \/>\n<col \/><\/colgroup>\n<tbody>\n<tr>\n<td>munkasz\u00e9less\u00e9g<\/td>\n<td>43 cm<\/td>\n<\/tr>\n<tr>\n<td>t\u00f6meg<\/td>\n<td>8 kg<\/td>\n<\/tr>\n<tr>\n<td>motor t\u00e9rfogat<\/td>\n<td>52 cm3<\/td>\n<\/tr>\n<tr>\n<td>teljes\u00edtm\u00e9ny SAE J1940 szerint<\/td>\n<td>2,2 HP<\/td>\n<\/tr>\n<\/tbody>\n<\/table>\n","protected":false},"featured_media":787,"comment_status":"open","ping_status":"closed","template":"","meta":{"om_disable_all_campaigns":false,"_monsterinsights_skip_tracking":false,"_monsterinsights_sitenote_active":false,"_monsterinsights_sitenote_note":"","_monsterinsights_sitenote_category":0},"product_brand":[],"product_cat":[97],"product_tag":[],"class_list":{"0":"post-811","1":"product","2":"type-product","3":"status-publish","4":"has-post-thumbnail","6":"product_cat-benzinmotoros","8":"first","9":"instock","10":"taxable","11":"shipping-taxable","12":"purchasable","13":"product-type-simple"},"aioseo_notices":[],"blog_post_layout_featured_media_urls":{"thumbnail":["https:\/\/i0.wp.com\/www.agroeshop.hu\/wp-content\/uploads\/2022\/09\/152-BTS.webp?resize=150%2C150&ssl=1",150,150,true],"full":["https:\/\/i0.wp.com\/www.agroeshop.hu\/wp-content\/uploads\/2022\/09\/152-BTS.webp?fit=590%2C590&ssl=1",590,590,false]},"categories":null,"categories_names":null,"comments_number":"0","jetpack-related-posts":[],"jetpack_sharing_enabled":true,"_links":{"self":[{"href":"https:\/\/www.agroeshop.hu\/index.php?rest_route=\/wp\/v2\/product\/811","targetHints":{"allow":["GET"]}}],"collection":[{"href":"https:\/\/www.agroeshop.hu\/index.php?rest_route=\/wp\/v2\/product"}],"about":[{"href":"https:\/\/www.agroeshop.hu\/index.php?rest_route=\/wp\/v2\/types\/product"}],"replies":[{"embeddable":true,"href":"https:\/\/www.agroeshop.hu\/index.php?rest_route=%2Fwp%2Fv2%2Fcomments&post=811"}],"wp:featuredmedia":[{"embeddable":true,"href":"https:\/\/www.agroeshop.hu\/index.php?rest_route=\/wp\/v2\/media\/787"}],"wp:attachment":[{"href":"https:\/\/www.agroeshop.hu\/index.php?rest_route=%2Fwp%2Fv2%2Fmedia&parent=811"}],"wp:term":[{"taxonomy":"product_brand","embeddable":true,"href":"https:\/\/www.agroeshop.hu\/index.php?rest_route=%2Fwp%2Fv2%2Fproduct_brand&post=811"},{"taxonomy":"product_cat","embeddable":true,"href":"https:\/\/www.agroeshop.hu\/index.php?rest_route=%2Fwp%2Fv2%2Fproduct_cat&post=811"},{"taxonomy":"product_tag","embeddable":true,"href":"https:\/\/www.agroeshop.hu\/index.php?rest_route=%2Fwp%2Fv2%2Fproduct_tag&post=811"}],"curies":[{"name":"wp","href":"https:\/\/api.w.org\/{rel}","templated":true}]}}