{"id":802,"date":"2022-09-25T18:23:52","date_gmt":"2022-09-25T17:23:52","guid":{"rendered":"https:\/\/www.agroeshop.hu\/?post_type=product&#038;p=802"},"modified":"2024-03-24T23:33:57","modified_gmt":"2024-03-24T22:33:57","slug":"hecht-163-profi-benzinmotoros-fukasza","status":"publish","type":"product","link":"https:\/\/www.agroeshop.hu\/?product=hecht-163-profi-benzinmotoros-fukasza","title":{"rendered":"HECHT 163 PROFI &#8211; Benzinmotoros f\u0171kasza"},"content":{"rendered":"<h2 class=\"text-center fs_26 mb_20\">Term\u00e9k le\u00edr\u00e1sa<\/h2>\n<p>A HECHT 163 PROFI min\u0151s\u00e9gi motoros boz\u00f3tv\u00e1g\u00f3, ami val\u00f3ban nagyon er\u0151s 63,3 cm3, 3,1 HP motorral van felszerelve. Ez egy igaz\u00e1n robusztus boz\u00f3tv\u00e1g\u00f3, amit nagy ig\u00e9nybev\u00e9tel\u0171 munk\u00e1khoz is aj\u00e1nlunk, un. \u201etiszt\u00edt\u00f3\u201d kasz\u00e1l\u00e1shoz is.<br \/>\nK\u00e9tv\u00e1llas (mell\u00e9nyszer\u0171) hevedert adunk hozz\u00e1, min\u0151s\u00e9gi, er\u0151s p\u00e1rn\u00e1z\u00e1ssal. A g\u00e9p j\u00f3 egyens\u00falyeloszt\u00e1s\u00e1nak k\u00f6sz\u00f6nhet\u0151en a s\u00faly a hevederre tev\u0151dik \u00e1t. \u00c9s az ergonomikus markolat k\u00f6sz\u00f6nhet\u0151en k\u00f6nny\u0171 vele a munkav\u00e9gz\u00e9s.<br \/>\nA g\u00e9p tartoz\u00e9kak\u00e9nt adjuk a v\u00e1llhevedert, damilfejet, f\u00e9m v\u00e1g\u00f3korongot, \u00e9s szersz\u00e1mokat az \u00f6ssze- \u00e9s sz\u00e9tszerel\u00e9shez.<\/p>\n","protected":false},"excerpt":{"rendered":"<h2 class=\"text-center fs_26 mb_20\">Param\u00e9terek<\/h2>\n<table class=\"detail-table\">\n<colgroup>\n<col width=\"50%\" \/>\n<col \/><\/colgroup>\n<tbody>\n<tr>\n<td>munkasz\u00e9less\u00e9g<\/td>\n<td>43 cm<\/td>\n<\/tr>\n<tr>\n<td>t\u00f6meg<\/td>\n<td>10,8 kg<\/td>\n<\/tr>\n<tr>\n<td>motor t\u00e9rfogat<\/td>\n<td>63,3 cm3<\/td>\n<\/tr>\n<tr>\n<td>teljes\u00edtm\u00e9ny SAE J1940 szerint<\/td>\n<td>3,1 HP<\/td>\n<\/tr>\n<\/tbody>\n<\/table>\n","protected":false},"featured_media":795,"comment_status":"open","ping_status":"closed","template":"","meta":{"om_disable_all_campaigns":false,"_monsterinsights_skip_tracking":false,"_monsterinsights_sitenote_active":false,"_monsterinsights_sitenote_note":"","_monsterinsights_sitenote_category":0},"product_brand":[],"product_cat":[97],"product_tag":[],"class_list":{"0":"post-802","1":"product","2":"type-product","3":"status-publish","4":"has-post-thumbnail","6":"product_cat-benzinmotoros","8":"first","9":"instock","10":"taxable","11":"shipping-taxable","12":"purchasable","13":"product-type-simple"},"aioseo_notices":[],"blog_post_layout_featured_media_urls":{"thumbnail":["https:\/\/i0.wp.com\/www.agroeshop.hu\/wp-content\/uploads\/2022\/09\/163.webp?resize=150%2C150&ssl=1",150,150,true],"full":["https:\/\/i0.wp.com\/www.agroeshop.hu\/wp-content\/uploads\/2022\/09\/163.webp?fit=590%2C590&ssl=1",590,590,false]},"categories":null,"categories_names":null,"comments_number":"0","jetpack-related-posts":[],"jetpack_sharing_enabled":true,"_links":{"self":[{"href":"https:\/\/www.agroeshop.hu\/index.php?rest_route=\/wp\/v2\/product\/802","targetHints":{"allow":["GET"]}}],"collection":[{"href":"https:\/\/www.agroeshop.hu\/index.php?rest_route=\/wp\/v2\/product"}],"about":[{"href":"https:\/\/www.agroeshop.hu\/index.php?rest_route=\/wp\/v2\/types\/product"}],"replies":[{"embeddable":true,"href":"https:\/\/www.agroeshop.hu\/index.php?rest_route=%2Fwp%2Fv2%2Fcomments&post=802"}],"wp:featuredmedia":[{"embeddable":true,"href":"https:\/\/www.agroeshop.hu\/index.php?rest_route=\/wp\/v2\/media\/795"}],"wp:attachment":[{"href":"https:\/\/www.agroeshop.hu\/index.php?rest_route=%2Fwp%2Fv2%2Fmedia&parent=802"}],"wp:term":[{"taxonomy":"product_brand","embeddable":true,"href":"https:\/\/www.agroeshop.hu\/index.php?rest_route=%2Fwp%2Fv2%2Fproduct_brand&post=802"},{"taxonomy":"product_cat","embeddable":true,"href":"https:\/\/www.agroeshop.hu\/index.php?rest_route=%2Fwp%2Fv2%2Fproduct_cat&post=802"},{"taxonomy":"product_tag","embeddable":true,"href":"https:\/\/www.agroeshop.hu\/index.php?rest_route=%2Fwp%2Fv2%2Fproduct_tag&post=802"}],"curies":[{"name":"wp","href":"https:\/\/api.w.org\/{rel}","templated":true}]}}