{"id":772,"date":"2022-09-25T17:59:46","date_gmt":"2022-09-25T16:59:46","guid":{"rendered":"https:\/\/www.agroeshop.hu\/?post_type=product&#038;p=772"},"modified":"2024-03-24T23:33:57","modified_gmt":"2024-03-24T22:33:57","slug":"hecht-626-silent-agaprito","status":"publish","type":"product","link":"https:\/\/www.agroeshop.hu\/?product=hecht-626-silent-agaprito","title":{"rendered":"HECHT 626 SILENT &#8211; \u00c1gapr\u00edt\u00f3"},"content":{"rendered":"<h2 class=\"text-center fs_26 mb_20\">Term\u00e9k le\u00edr\u00e1sa<\/h2>\n<p>A Hecht 626 Silent \u00a0elektromos kerti apr\u00edt\u00f3 nagyon csendes k\u00e9sz\u00fcl\u00e9k, seg\u00edts\u00e9get ny\u00fajt a rendszeres kerti tiszt\u00edt\u00e1sban. Az apr\u00edt\u00f3 seg\u00edts\u00e9g\u00e9vel a fahullad\u00e9k feldolgozhat\u00f3 talajtakar\u00f3v\u00e1 vagy kerti komposztt\u00e1. A feldolgozand\u00f3 \u00e1gak 4 cm \u00e1tm\u00e9r\u0151j\u0171ek lehetnek. A k\u00e9sz\u00fcl\u00e9k teljes\u00edtm\u00e9nye 2600 W, ez\u00e1ltal nagyon hat\u00e9konyan haszn\u00e1lhat\u00f3. \u00c1gapr\u00edt\u00e1s fogazott henger.<\/p>\n","protected":false},"excerpt":{"rendered":"<h2 class=\"text-center fs_26 mb_20\">Param\u00e9terek<\/h2>\n<table class=\"detail-table\">\n<colgroup>\n<col width=\"50%\" \/>\n<col \/><\/colgroup>\n<tbody>\n<tr>\n<td>t\u00f6meg<\/td>\n<td>23,5 kg<\/td>\n<\/tr>\n<tr>\n<td>teljes\u00edtm\u00e9ny (W)<\/td>\n<td>2600<\/td>\n<\/tr>\n<tr>\n<td>apr\u00edthat\u00f3 \u00e1gak max. \u00e1tm\u00e9r\u0151je<\/td>\n<td>4 cm<\/td>\n<\/tr>\n<\/tbody>\n<\/table>\n","protected":false},"featured_media":758,"comment_status":"open","ping_status":"closed","template":"","meta":{"om_disable_all_campaigns":false,"_monsterinsights_skip_tracking":false,"_monsterinsights_sitenote_active":false,"_monsterinsights_sitenote_note":"","_monsterinsights_sitenote_category":0},"product_brand":[],"product_cat":[75],"product_tag":[],"class_list":{"0":"post-772","1":"product","2":"type-product","3":"status-publish","4":"has-post-thumbnail","6":"product_cat-elektromos-agaprito","8":"first","9":"instock","10":"taxable","11":"shipping-taxable","12":"purchasable","13":"product-type-simple"},"aioseo_notices":[],"blog_post_layout_featured_media_urls":{"thumbnail":["https:\/\/i0.wp.com\/www.agroeshop.hu\/wp-content\/uploads\/2022\/09\/626.webp?resize=150%2C150&ssl=1",150,150,true],"full":["https:\/\/i0.wp.com\/www.agroeshop.hu\/wp-content\/uploads\/2022\/09\/626.webp?fit=590%2C590&ssl=1",590,590,false]},"categories":null,"categories_names":null,"comments_number":"0","jetpack-related-posts":[],"jetpack_sharing_enabled":true,"_links":{"self":[{"href":"https:\/\/www.agroeshop.hu\/index.php?rest_route=\/wp\/v2\/product\/772","targetHints":{"allow":["GET"]}}],"collection":[{"href":"https:\/\/www.agroeshop.hu\/index.php?rest_route=\/wp\/v2\/product"}],"about":[{"href":"https:\/\/www.agroeshop.hu\/index.php?rest_route=\/wp\/v2\/types\/product"}],"replies":[{"embeddable":true,"href":"https:\/\/www.agroeshop.hu\/index.php?rest_route=%2Fwp%2Fv2%2Fcomments&post=772"}],"wp:featuredmedia":[{"embeddable":true,"href":"https:\/\/www.agroeshop.hu\/index.php?rest_route=\/wp\/v2\/media\/758"}],"wp:attachment":[{"href":"https:\/\/www.agroeshop.hu\/index.php?rest_route=%2Fwp%2Fv2%2Fmedia&parent=772"}],"wp:term":[{"taxonomy":"product_brand","embeddable":true,"href":"https:\/\/www.agroeshop.hu\/index.php?rest_route=%2Fwp%2Fv2%2Fproduct_brand&post=772"},{"taxonomy":"product_cat","embeddable":true,"href":"https:\/\/www.agroeshop.hu\/index.php?rest_route=%2Fwp%2Fv2%2Fproduct_cat&post=772"},{"taxonomy":"product_tag","embeddable":true,"href":"https:\/\/www.agroeshop.hu\/index.php?rest_route=%2Fwp%2Fv2%2Fproduct_tag&post=772"}],"curies":[{"name":"wp","href":"https:\/\/api.w.org\/{rel}","templated":true}]}}