{"id":770,"date":"2022-09-25T17:54:13","date_gmt":"2022-09-25T16:54:13","guid":{"rendered":"https:\/\/www.agroeshop.hu\/?post_type=product&#038;p=770"},"modified":"2024-03-24T23:33:57","modified_gmt":"2024-03-24T22:33:57","slug":"hecht-6285-xl-agaprito","status":"publish","type":"product","link":"https:\/\/www.agroeshop.hu\/?product=hecht-6285-xl-agaprito","title":{"rendered":"HECHT 6285 XL &#8211; \u00c1gapr\u00edt\u00f3"},"content":{"rendered":"<h2 class=\"text-center fs_26 mb_20\">Term\u00e9k le\u00edr\u00e1sa<\/h2>\n<p>Hecht 6285 XL elektromos apr\u00edt\u00f3 2800W-os motorj\u00e1val maximum 4,4 cm \u00e1gvastags\u00e1gig k\u00e9pes apr\u00edtani. Dar\u00e1l\u00f3k\u00e9se hossz\u00fa \u00e9lettartamot garant\u00e1l \u00e9s egyben beh\u00fazza az \u00e1gakat. Ir\u00e1nyv\u00e1lt\u00f3ja k\u00e9nyelmess\u00e9 teszi haszn\u00e1lat\u00e1t. Biztons\u00e1gos, mert gy\u0171jt\u0151doboz n\u00e9lk\u00fcl nem kezd el dolgozni. Az apr\u00edt\u00e1st fogazott henger v\u00e9gzi. T\u00falterhel\u00e9s elleni v\u00e9delemmel \u00e9s motorf\u00e9kkel ell\u00e1tott.<\/p>\n","protected":false},"excerpt":{"rendered":"<h2 class=\"text-center fs_26 mb_20\">Param\u00e9terek<\/h2>\n<table class=\"detail-table\">\n<colgroup>\n<col width=\"50%\" \/>\n<col \/><\/colgroup>\n<tbody>\n<tr>\n<td>t\u00f6meg<\/td>\n<td>14 kg<\/td>\n<\/tr>\n<tr>\n<td>teljes\u00edtm\u00e9ny (W)<\/td>\n<td>2800<\/td>\n<\/tr>\n<tr>\n<td>apr\u00edthat\u00f3 \u00e1gak max. \u00e1tm\u00e9r\u0151je<\/td>\n<td>4,4 cm<\/td>\n<\/tr>\n<tr>\n<td>gy\u0171jt\u0151doboz kb.<\/td>\n<td>60 l<\/td>\n<\/tr>\n<\/tbody>\n<\/table>\n","protected":false},"featured_media":760,"comment_status":"open","ping_status":"closed","template":"","meta":{"om_disable_all_campaigns":false,"_monsterinsights_skip_tracking":false,"_monsterinsights_sitenote_active":false,"_monsterinsights_sitenote_note":"","_monsterinsights_sitenote_category":0},"product_brand":[],"product_cat":[75],"product_tag":[],"class_list":{"0":"post-770","1":"product","2":"type-product","3":"status-publish","4":"has-post-thumbnail","6":"product_cat-elektromos-agaprito","8":"first","9":"instock","10":"taxable","11":"shipping-taxable","12":"purchasable","13":"product-type-simple"},"aioseo_notices":[],"blog_post_layout_featured_media_urls":{"thumbnail":["https:\/\/i0.wp.com\/www.agroeshop.hu\/wp-content\/uploads\/2022\/09\/6285-XL.webp?resize=150%2C150&ssl=1",150,150,true],"full":["https:\/\/i0.wp.com\/www.agroeshop.hu\/wp-content\/uploads\/2022\/09\/6285-XL.webp?fit=590%2C590&ssl=1",590,590,false]},"categories":null,"categories_names":null,"comments_number":"0","jetpack-related-posts":[],"jetpack_sharing_enabled":true,"_links":{"self":[{"href":"https:\/\/www.agroeshop.hu\/index.php?rest_route=\/wp\/v2\/product\/770","targetHints":{"allow":["GET"]}}],"collection":[{"href":"https:\/\/www.agroeshop.hu\/index.php?rest_route=\/wp\/v2\/product"}],"about":[{"href":"https:\/\/www.agroeshop.hu\/index.php?rest_route=\/wp\/v2\/types\/product"}],"replies":[{"embeddable":true,"href":"https:\/\/www.agroeshop.hu\/index.php?rest_route=%2Fwp%2Fv2%2Fcomments&post=770"}],"wp:featuredmedia":[{"embeddable":true,"href":"https:\/\/www.agroeshop.hu\/index.php?rest_route=\/wp\/v2\/media\/760"}],"wp:attachment":[{"href":"https:\/\/www.agroeshop.hu\/index.php?rest_route=%2Fwp%2Fv2%2Fmedia&parent=770"}],"wp:term":[{"taxonomy":"product_brand","embeddable":true,"href":"https:\/\/www.agroeshop.hu\/index.php?rest_route=%2Fwp%2Fv2%2Fproduct_brand&post=770"},{"taxonomy":"product_cat","embeddable":true,"href":"https:\/\/www.agroeshop.hu\/index.php?rest_route=%2Fwp%2Fv2%2Fproduct_cat&post=770"},{"taxonomy":"product_tag","embeddable":true,"href":"https:\/\/www.agroeshop.hu\/index.php?rest_route=%2Fwp%2Fv2%2Fproduct_tag&post=770"}],"curies":[{"name":"wp","href":"https:\/\/api.w.org\/{rel}","templated":true}]}}