{"id":693,"date":"2022-09-24T19:17:38","date_gmt":"2022-09-24T18:17:38","guid":{"rendered":"https:\/\/www.agroeshop.hu\/?post_type=product&#038;p=693"},"modified":"2024-03-24T23:33:52","modified_gmt":"2024-03-24T22:33:52","slug":"hecht-5483-swe-5-in-1-benzinmotoros-onjaro-funyiro","status":"publish","type":"product","link":"https:\/\/www.agroeshop.hu\/?product=hecht-5483-swe-5-in-1-benzinmotoros-onjaro-funyiro","title":{"rendered":"HECHT 5483 SWE 5 IN 1 &#8211; Benzinmotoros \u00f6nj\u00e1r\u00f3 f\u0171ny\u00edr\u00f3"},"content":{"rendered":"<h2 class=\"text-center fs_26 mb_20\">Term\u00e9k le\u00edr\u00e1sa<\/h2>\n<p>A HECHT 5483 SWE egy \u00e1tlagon fel\u00fcl felszerelt f\u0171ny\u00edr\u00f3, ami kiel\u00e9g\u00edti a legt\u00f6bb haszn\u00e1l\u00f3 ig\u00e9nyeit. Abban k\u00fcl\u00f6nb\u00f6zik a t\u00f6bbi f\u0171ny\u00edr\u00f3t\u00f3l, hogy h\u00e1rom kereke van. Az els\u0151 kereket r\u00f6gz\u00edteni is lehet, de szabadon is hagyhat\u00f3, hogy \u00edgy k\u00f6vesse a halad\u00e1s ir\u00e1ny\u00e1t.<br \/>\nA h\u00e1romkerek\u0171 megold\u00e1s ellen\u00e9re a f\u0171ny\u00edr\u00f3 nagyon stabil. A f\u0171ny\u00edr\u00f3 s\u00falypontja nagyon alacsonyan, k\u00f6zvetlen\u00fcl a h\u00e1ts\u00f3 kerekek el\u0151tt, ez\u00e9rt gyakorlatilag lehetetlen a f\u0171ny\u00edr\u00f3t haszn\u00e1lat k\u00f6zben felbor\u00edtani. Kijelenthetj\u00fck, hogy a stabilit\u00e1sa azonos a n\u00e9gykerek\u0171 f\u0171ny\u00edr\u00f3k\u00e9val. Tov\u00e1bbi el\u0151nye, hogy b\u00e1rmilyen terepen minden pillanatban mind a h\u00e1rom ker\u00e9k \u00e9rintkezik a f\u00f6lddel. A f\u0171ny\u00edr\u00f3 s\u00falya egyenletesen van elosztva, \u00e9s a n\u00e9gykerek\u0171ekkel ellent\u00e9tben a h\u00e1zra jelent\u0151sen kevesebb teher h\u00e1rul. Ezek a t\u00e9nyek pozit\u00edvan befoly\u00e1solj\u00e1k a f\u0171ny\u00edr\u00f3 \u00e9lettartam\u00e1t.<br \/>\nA h\u00e1rom kerek\u0171 konstrukci\u00f3 els\u0151 r\u00e1n\u00e9z\u00e9sre szokatlan lehet a f\u0171ny\u00edr\u00f3k eset\u00e9ben, de a hagyom\u00e1nyos n\u00e9gy ker\u00e9kkel szemben, ez a g\u00e9p t\u00f6k\u00e9letesen ir\u00e1ny\u00edthat\u00f3. Ha az els\u0151 ker\u00e9k nincs blokkolva, t\u00f6k\u00e9letesen tud haladni az akad\u00e1lyok k\u00f6r\u00fcl. Ha a kertj\u00e9ben d\u00edszbokrok, f\u00e1k, kerti tavak, vir\u00e1g\u00e1gy\u00e1sok vagy m\u00e1s akad\u00e1lyok vannak, biztosan tapasztalta, milyen neh\u00e9zkes ezezeket a f\u0171ny\u00edr\u00e1s sor\u00e1n kiker\u00fclni. A \u201eh\u00e1romkerek\u0171vel\u201d ezeket k\u00f6nnyed\u00e9n ki tudja ker\u00fclni. P\u00e9ld\u00e1ul a kerek medence k\u00f6r\u00fcl haladni vele gyerekj\u00e1t\u00e9k.<br \/>\nTov\u00e1bbi elt\u00e9r\u00e9s az \u00e1tlagos f\u0171ny\u00edr\u00f3kkal szemben az elektromos ind\u00edt\u00e1s \u2013 a foganty\u00fa panel\u00e9n tal\u00e1lhat\u00f3 az ind\u00edt\u00f3berendez\u00e9s. Kulccsal is el tudja ind\u00edtani. Ugyanitt egy 12V, 4,5 Ah akkumul\u00e1tor van elhelyezve, ez seg\u00edti az elektromos ind\u00edt\u00e1st. Term\u00e9szetesen megtartottuk a \u201eklasszikus\u201d ber\u00e1nt\u00f3t is, \u00edgy manu\u00e1lisan is be lehet ind\u00edtani a f\u0171ny\u00edr\u00f3t.<br \/>\nA meghajt\u00e1sr\u00f3l a 135 cm3, 5 HP HECHT OHV motor gondoskodik. A motor teljes\u00edtm\u00e9nye elegend\u0151 \u00fagy a f\u0171ny\u00edr\u00e1shoz, mint az \u00f6nj\u00e1r\u00f3 kerekek meghat\u00e1s\u00e1hoz. A f\u0171ny\u00edr\u00f3 menetsebess\u00e9ge kb. 3,3 km\/h. A stabil, er\u0151s f\u00e9my h\u00e1z oldalkidob\u00f3val is rendelkezik. Tartoz\u00e9kk\u00e9nt adjuk az oldalkidob\u00f3 toldat\u00e1t, aminek seg\u00edts\u00e9g\u00e9vel a nagyra n\u0151tt f\u00fcvet is le tudja v\u00e1gni \u00fagy, hogy a g\u00e9p kezel\u0151j\u00e9nek nem kell taposnia a lev\u00e1gott f\u00fcv\u00f6n.<br \/>\nA k\u00e9s munkasz\u00e9less\u00e9ge 460 mm, a v\u00e1g\u00e1si magass\u00e1got a h\u00e1ts\u00f3 kerekekn\u00e9l egy kar seg\u00edts\u00e9g\u00e9vel lehet \u00e1ll\u00edtani, az els\u0151 kereket pedig a megfelel\u0151 ny\u00edl\u00e1sban kell r\u00f6gz\u00edteni, ez a magass\u00e1g 25 \u00e9s 75 mm k\u00f6z\u00f6tti tartom\u00e1nyban \u00e1ll\u00edthat\u00f3. A kerekek csap\u00e1gyazottak. Norm\u00e1l \u00fczemm\u00f3dban a f\u0171ny\u00edr\u00f3 a f\u00fcvet 60 literes textil kos\u00e1rba gy\u0171jti. A kos\u00e1ron tal\u00e1lhat\u00f3 egy aerodinamikus csappanty\u00fa, ami jelzi a tel\u00edtetts\u00e9g\u00e9t.<br \/>\nTov\u00e1bbi alternat\u00edv f\u0171ny\u00edr\u00e1si m\u00f3d az un. mulcsoz\u00e1s. A munlcsoz\u00f3k\u00e9szlet, amit tartoz\u00e9kk\u00e9nt adunk, lez\u00e1rja a f\u0171kidob\u00f3t, \u00e9s a speci\u00e1lisan kialak\u00edtott k\u00e9seknek k\u00f6sz\u00f6nhet\u0151en a f\u00fcvet nagyon apr\u00f3ra v\u00e1gja \u00f6ssze. Ez az apr\u00f3ra v\u00e1gott f\u0171 visszahullik a gy\u00f6kerekhez, \u00edgy term\u00e9szetes tr\u00e1gyak\u00e9nt t\u00e1pl\u00e1lja a talajt. \u00c9rdekes, hogy ez a sz\u00e9tsz\u00f3rt f\u0171 hagyja l\u00e9legezni a p\u00e1zsitot, s\u0151t, \u00fagy akad\u00e1lyozza meg a nedvess\u00e9g elp\u00e1rolg\u00e1s\u00e1t, hogy seg\u00edti a f\u0171 eg\u00e9szs\u00e9ges n\u00f6veked\u00e9s\u00e9t.<br \/>\nA foganty\u00fa k\u00e9nyelemes, p\u00e1rn\u00e1zott \u00e9s \u00e1ll\u00edthat\u00f3 a magass\u00e1ga. Az ir\u00e1ny\u00edt\u00f3 panelen tal\u00e1lhat\u00f3 az elektromos ind\u00edt\u00e1s, \u00e9s egy t\u00e1rol\u00f3t is elhelyezt\u00fcnk, ahova el tudja rakni az apr\u00f3 dolgokat. Az egyszer\u0171 \u00f6ssze- \u00e9s sz\u00e9tszerel\u00e9snek k\u00f6sz\u00f6nhet\u0151en k\u00f6nny\u0171 a sz\u00e1ll\u00edt\u00e1sa \u00e9s t\u00e1rol\u00e1sa, a foganty\u00fa magass\u00e1ga is \u00e1ll\u00edthat\u00f3. Tartoz\u00e9kk\u00e9nt adjuk az akkumul\u00e1tor t\u00f6lt\u0151t. A f\u0171ny\u00edr\u00f3 s\u00falya 41,1 kg.<\/p>\n","protected":false},"excerpt":{"rendered":"<h2 class=\"text-center fs_26 mb_20\">Param\u00e9terek<\/h2>\n<table class=\"detail-table\">\n<colgroup>\n<col width=\"50%\" \/>\n<col \/><\/colgroup>\n<tbody>\n<tr>\n<td>motor<\/td>\n<td>HECHT OHV<\/td>\n<\/tr>\n<tr>\n<td>munkasz\u00e9less\u00e9g<\/td>\n<td>46 cm<\/td>\n<\/tr>\n<tr>\n<td>t\u00f6meg<\/td>\n<td>41,1 kg<\/td>\n<\/tr>\n<tr>\n<td>v\u00e1g\u00e1si magass\u00e1g<\/td>\n<td>25-75 mm<\/td>\n<\/tr>\n<tr>\n<td>f\u00e9mh\u00e1zas<\/td>\n<td>nem<\/td>\n<\/tr>\n<tr>\n<td>gy\u0171jt\u0151kos\u00e1r<\/td>\n<td>60 l<\/td>\n<\/tr>\n<tr>\n<td>Akkumul\u00e1tor<\/td>\n<td>DC 12V, 4,5 Ah Ah<\/td>\n<\/tr>\n<tr>\n<td>motor t\u00e9rfogat<\/td>\n<td>135 cm3<\/td>\n<\/tr>\n<tr>\n<td>teljes\u00edtm\u00e9ny SAE J1940 szerint<\/td>\n<td>3,3 HP<\/td>\n<\/tr>\n<tr>\n<td>aj\u00e1nlott ter\u00fclet<\/td>\n<td>1200 m2<\/td>\n<\/tr>\n<tr>\n<td>kerekek els\u0151\/h\u00e1ts\u00f3 \u00e1tm\u00e9r\u0151je<\/td>\n<td>8\/11 coll<\/td>\n<\/tr>\n<tr>\n<td>oldalkidob\u00f3<\/td>\n<td>x<\/td>\n<\/tr>\n<tr>\n<td>Mulcsoz\u00f3 bet\u00e9t<\/td>\n<td>x<\/td>\n<\/tr>\n<tr>\n<td>max. nyomat\u00e9k<\/td>\n<td>7 Nm<\/td>\n<\/tr>\n<tr>\n<td>\u00d6nind\u00edt\u00f3<\/td>\n<td>x<\/td>\n<\/tr>\n<\/tbody>\n<\/table>\n","protected":false},"featured_media":661,"comment_status":"open","ping_status":"closed","template":"","meta":{"om_disable_all_campaigns":false,"_monsterinsights_skip_tracking":false,"_monsterinsights_sitenote_active":false,"_monsterinsights_sitenote_note":"","_monsterinsights_sitenote_category":0},"product_brand":[],"product_cat":[260],"product_tag":[],"class_list":{"0":"post-693","1":"product","2":"type-product","3":"status-publish","4":"has-post-thumbnail","6":"product_cat-benzinmotoros-onjaro","8":"first","9":"instock","10":"taxable","11":"shipping-taxable","12":"purchasable","13":"product-type-simple"},"aioseo_notices":[],"blog_post_layout_featured_media_urls":{"thumbnail":["https:\/\/i0.wp.com\/www.agroeshop.hu\/wp-content\/uploads\/2022\/09\/5483-SWE-5-IN-1.webp?resize=150%2C150&ssl=1",150,150,true],"full":["https:\/\/i0.wp.com\/www.agroeshop.hu\/wp-content\/uploads\/2022\/09\/5483-SWE-5-IN-1.webp?fit=590%2C590&ssl=1",590,590,false]},"categories":null,"categories_names":null,"comments_number":"0","jetpack-related-posts":[],"jetpack_sharing_enabled":true,"_links":{"self":[{"href":"https:\/\/www.agroeshop.hu\/index.php?rest_route=\/wp\/v2\/product\/693","targetHints":{"allow":["GET"]}}],"collection":[{"href":"https:\/\/www.agroeshop.hu\/index.php?rest_route=\/wp\/v2\/product"}],"about":[{"href":"https:\/\/www.agroeshop.hu\/index.php?rest_route=\/wp\/v2\/types\/product"}],"replies":[{"embeddable":true,"href":"https:\/\/www.agroeshop.hu\/index.php?rest_route=%2Fwp%2Fv2%2Fcomments&post=693"}],"wp:featuredmedia":[{"embeddable":true,"href":"https:\/\/www.agroeshop.hu\/index.php?rest_route=\/wp\/v2\/media\/661"}],"wp:attachment":[{"href":"https:\/\/www.agroeshop.hu\/index.php?rest_route=%2Fwp%2Fv2%2Fmedia&parent=693"}],"wp:term":[{"taxonomy":"product_brand","embeddable":true,"href":"https:\/\/www.agroeshop.hu\/index.php?rest_route=%2Fwp%2Fv2%2Fproduct_brand&post=693"},{"taxonomy":"product_cat","embeddable":true,"href":"https:\/\/www.agroeshop.hu\/index.php?rest_route=%2Fwp%2Fv2%2Fproduct_cat&post=693"},{"taxonomy":"product_tag","embeddable":true,"href":"https:\/\/www.agroeshop.hu\/index.php?rest_route=%2Fwp%2Fv2%2Fproduct_tag&post=693"}],"curies":[{"name":"wp","href":"https:\/\/api.w.org\/{rel}","templated":true}]}}