{"id":683,"date":"2022-09-24T18:57:50","date_gmt":"2022-09-24T17:57:50","guid":{"rendered":"https:\/\/www.agroeshop.hu\/?post_type=product&#038;p=683"},"modified":"2024-03-24T23:33:49","modified_gmt":"2024-03-24T22:33:49","slug":"hecht-5484-sx-5-in-1-benzinmotoros-onjaro-funyiro","status":"publish","type":"product","link":"https:\/\/www.agroeshop.hu\/?product=hecht-5484-sx-5-in-1-benzinmotoros-onjaro-funyiro","title":{"rendered":"HECHT 5484 SX 5 IN 1 &#8211; Benzinmotoros \u00f6nj\u00e1r\u00f3 f\u0171ny\u00edr\u00f3"},"content":{"rendered":"<h2 class=\"text-center fs_26 mb_20\">Term\u00e9k le\u00edr\u00e1sa<\/h2>\n<p>Ezt a nagyon k\u00f6zkedvelt 5 in 1, \u00f6nj\u00e1r\u00f3 f\u0171ny\u00edr\u00f3t k\u00f6zepes \u00e9s nagy kertekbe aj\u00e1nljuk, maximum 1200 m2 ter\u00fclet rendszeres karbantart\u00e1s\u00e1ra. A f\u0171ny\u00edr\u00f3 robusztus h\u00e1za min\u0151s\u00e9gi ac\u00e9lb\u00f3l k\u00e9sz\u00fclt, \u00e9s ellen\u00e1ll\u00f3 komax fel\u00fcletkezel\u00e9st kapott, ami biztos\u00edtja a g\u00e9p hossz\u00fa \u00e9lettartam\u00e1t. A hozz\u00e1 adott tartoz\u00e9koknak k\u00f6sz\u00f6nhet\u0151en szersz\u00e1mok n\u00e9lk\u00fcl is k\u00f6nnyen \u00e1talak\u00edthat\u00f3 mulcsoz\u00f3v\u00e1, vagy a gy\u0171jt\u0151kos\u00e1r helyett oldalkidob\u00f3val is haszn\u00e1lhat\u00f3.<br \/>\nA j\u00f3l \u00e1tgondolt v\u00e1g\u00f3kamra kialak\u00edt\u00e1snak \u00e9s a speci\u00e1lisan form\u00e1zott k\u00e9seknek k\u00f6sz\u00f6nhet\u0151en a f\u0171ny\u00edr\u00e1s eredm\u00e9nye t\u00f6k\u00e9letes. A f\u0171ny\u00edr\u00f3 konstrukci\u00f3ja lehet\u0151v\u00e9 teszi az EDGE CUTTING ny\u00edr\u00e1st, ami tulajdonk\u00e9ppen azt jelenti, hogy k\u00f6zvetlen\u00fcl a falak, ker\u00edt\u00e9sek mellett is lev\u00e1gja a f\u00fcvet.<br \/>\nA 60 literes gy\u0171jt\u0151kos\u00e1r egy hossz\u00fa ergonomikus foganty\u00faval van ell\u00e1tva, \u00e9s rendelkezik m\u00e9g a kos\u00e1r tel\u00edtetts\u00e9g\u00e9t jelz\u0151 csappanty\u00faval. A kit\u0171n\u0151 leveg\u0151\u00e1raml\u00e1snak k\u00f6sz\u00f6nhet\u0151en a gy\u0171jt\u0151kos\u00e1r teljesen megtelik. A nagy kerekek fut\u00f3fel\u00fclet\u00e9nek mint\u00e1zata cs\u00fasz\u00e1sbiztos, ami biztos\u00edtja a k\u00f6nny\u0171 mozgat\u00e1st \u00e9s man\u0151verez\u00e9st.<br \/>\nA meghajt\u00e1sr\u00f3l az 5 HP HECHT OHV motor gondoskodik, ami megb\u00edzhat\u00f3an hajtja meg a k\u00e9st \u00e9s a kerekeket. A zavartalan m\u0171k\u00f6d\u00e9st a min\u0151s\u00e9gi GT Synchro hajt\u00f3m\u0171 biztos\u00edtja, \u00e9s minden kereke csap\u00e1gyazott. A f\u0171ny\u00edr\u00f3 menetsebess\u00e9g\u00e9t k\u00e9nyelmesen a saj\u00e1t ig\u00e9nyinek megfelel\u0151en tudja szab\u00e1lyozni, a sebess\u00e9g 4 fokozatban \u00e1ll\u00edthat\u00f3.<br \/>\nA teljes f\u0171ny\u00edr\u00f3 ergonomikus kialak\u00edt\u00e1s\u00fa, ezzel biztos\u00edtjuk a legk\u00e9nyelmesebb haszn\u00e1lat\u00e1t \u00e9s a kiv\u00e1l\u00f3 f\u0171ny\u00edr\u00e1st. A v\u00e1g\u00e1si magass\u00e1g h\u00e9t fokozatban \u00e1ll\u00edthat\u00f3 25 \u00e9s 75 mm k\u00f6z\u00f6tti tartom\u00e1nyban, ez biztos\u00edtja az optim\u00e1lis kihaszn\u00e1lhat\u00f3s\u00e1g\u00e1t minden kertben. A puha markolatal ell\u00e1tott k\u00e9nyelmes foganty\u00fa magass\u00e1g\u00e1t egyszer\u0171en hozz\u00e1 lehet \u00e1ll\u00edtani a g\u00e9p kezel\u0151j\u00e9nek magass\u00e1g\u00e1hoz, hogy a munkav\u00e9gz\u00e9s a lehet\u0151 legk\u00e9nyelmesebb legyen. Term\u00e9szetesen a foganty\u00fa egyszer\u0171en \u00f6sszecsukhat\u00f3, amit nagyra fog \u00e9rt\u00e9kelni sz\u00e1ll\u00edt\u00e1skor vagy t\u00e1rol\u00e1skor. A hossz\u00fa foganty\u00fak k\u00e9nyelmesen haszn\u00e1lhat\u00f3ak jobb- \u00e9s balkezesek sz\u00e1m\u00e1ra is.<\/p>\n","protected":false},"excerpt":{"rendered":"<h2 class=\"text-center fs_26 mb_20\">Param\u00e9terek<\/h2>\n<table class=\"detail-table\">\n<colgroup>\n<col width=\"50%\" \/>\n<col \/><\/colgroup>\n<tbody>\n<tr>\n<td>motor<\/td>\n<td>HECHT OHV<\/td>\n<\/tr>\n<tr>\n<td>munkasz\u00e9less\u00e9g<\/td>\n<td>46 cm<\/td>\n<\/tr>\n<tr>\n<td>t\u00f6meg<\/td>\n<td>36,7 kg<\/td>\n<\/tr>\n<tr>\n<td>v\u00e1g\u00e1si magass\u00e1g<\/td>\n<td>25-75 mm<\/td>\n<\/tr>\n<tr>\n<td>f\u00e9mh\u00e1zas<\/td>\n<td>nem<\/td>\n<\/tr>\n<tr>\n<td>gy\u0171jt\u0151kos\u00e1r<\/td>\n<td>60 l<\/td>\n<\/tr>\n<tr>\n<td>motor t\u00e9rfogat<\/td>\n<td>135 cm3<\/td>\n<\/tr>\n<tr>\n<td>teljes\u00edtm\u00e9ny SAE J1940 szerint<\/td>\n<td>3,3 HP<\/td>\n<\/tr>\n<tr>\n<td>aj\u00e1nlott ter\u00fclet<\/td>\n<td>1200 m2<\/td>\n<\/tr>\n<tr>\n<td>kerekek els\u0151\/h\u00e1ts\u00f3 \u00e1tm\u00e9r\u0151je<\/td>\n<td>8\/11 coll<\/td>\n<\/tr>\n<tr>\n<td>oldalkidob\u00f3<\/td>\n<td>igen<\/td>\n<\/tr>\n<tr>\n<td>Mulcsoz\u00f3 bet\u00e9t<\/td>\n<td>igen<\/td>\n<\/tr>\n<tr>\n<td>max. nyomat\u00e9k<\/td>\n<td>7 Nm<\/td>\n<\/tr>\n<\/tbody>\n<\/table>\n","protected":false},"featured_media":651,"comment_status":"open","ping_status":"closed","template":"","meta":{"om_disable_all_campaigns":false,"_monsterinsights_skip_tracking":false,"_monsterinsights_sitenote_active":false,"_monsterinsights_sitenote_note":"","_monsterinsights_sitenote_category":0},"product_brand":[],"product_cat":[257],"product_tag":[],"class_list":{"0":"post-683","1":"product","2":"type-product","3":"status-publish","4":"has-post-thumbnail","6":"product_cat-onjaro","8":"first","9":"instock","10":"taxable","11":"shipping-taxable","12":"purchasable","13":"product-type-simple"},"aioseo_notices":[],"blog_post_layout_featured_media_urls":{"thumbnail":["https:\/\/i0.wp.com\/www.agroeshop.hu\/wp-content\/uploads\/2022\/09\/5484-SX-5-IN-1.webp?resize=150%2C150&ssl=1",150,150,true],"full":["https:\/\/i0.wp.com\/www.agroeshop.hu\/wp-content\/uploads\/2022\/09\/5484-SX-5-IN-1.webp?fit=590%2C590&ssl=1",590,590,false]},"categories":null,"categories_names":null,"comments_number":"0","jetpack-related-posts":[],"jetpack_sharing_enabled":true,"_links":{"self":[{"href":"https:\/\/www.agroeshop.hu\/index.php?rest_route=\/wp\/v2\/product\/683","targetHints":{"allow":["GET"]}}],"collection":[{"href":"https:\/\/www.agroeshop.hu\/index.php?rest_route=\/wp\/v2\/product"}],"about":[{"href":"https:\/\/www.agroeshop.hu\/index.php?rest_route=\/wp\/v2\/types\/product"}],"replies":[{"embeddable":true,"href":"https:\/\/www.agroeshop.hu\/index.php?rest_route=%2Fwp%2Fv2%2Fcomments&post=683"}],"wp:featuredmedia":[{"embeddable":true,"href":"https:\/\/www.agroeshop.hu\/index.php?rest_route=\/wp\/v2\/media\/651"}],"wp:attachment":[{"href":"https:\/\/www.agroeshop.hu\/index.php?rest_route=%2Fwp%2Fv2%2Fmedia&parent=683"}],"wp:term":[{"taxonomy":"product_brand","embeddable":true,"href":"https:\/\/www.agroeshop.hu\/index.php?rest_route=%2Fwp%2Fv2%2Fproduct_brand&post=683"},{"taxonomy":"product_cat","embeddable":true,"href":"https:\/\/www.agroeshop.hu\/index.php?rest_route=%2Fwp%2Fv2%2Fproduct_cat&post=683"},{"taxonomy":"product_tag","embeddable":true,"href":"https:\/\/www.agroeshop.hu\/index.php?rest_route=%2Fwp%2Fv2%2Fproduct_tag&post=683"}],"curies":[{"name":"wp","href":"https:\/\/api.w.org\/{rel}","templated":true}]}}