{"id":620,"date":"2022-09-23T19:39:28","date_gmt":"2022-09-23T18:39:28","guid":{"rendered":"https:\/\/www.agroeshop.hu\/?post_type=product&#038;p=620"},"modified":"2024-03-24T23:33:48","modified_gmt":"2024-03-24T22:33:48","slug":"hecht-546-benzinmotoros-funyiro","status":"publish","type":"product","link":"https:\/\/www.agroeshop.hu\/?product=hecht-546-benzinmotoros-funyiro","title":{"rendered":"HECHT 546 &#8211; Benzinmotoros f\u0171ny\u00edr\u00f3"},"content":{"rendered":"<h2 class=\"text-center fs_26 mb_20\">Term\u00e9k le\u00edr\u00e1sa<\/h2>\n<p>A HECHT 546\u00a0egy benzinmotoros f\u0171ny\u00edr\u00f3.\u00a04-\u00fctem\u0171 HECHT OHV motorral van felszerelve, 150 cm3 henger\u0171rtartalommal, ami 3,4 LE teljes\u00edtm\u00e9nyt eredm\u00e9nyez.<br \/>\nA f\u0171ny\u00edr\u00f3 alapj\u00e1t az er\u0151s ac\u00e9l v\u00e1z alkotja, amiben 46\u00a0cm-es munkasz\u00e9less\u00e9g\u0171 k\u00e9s forog. A k\u00e9s a k\u00e9start\u00f3ra k\u00f6zpontos\u00edt\u00f3, elfordul\u00e1sg\u00e1tl\u00f3val van r\u00f6gz\u00edtve, ami akad\u00e1lyba \u00fctk\u00f6z\u00e9skor a k\u00e9s elcs\u00fasz\u00e1s\u00e1t okozza. A k\u00e9s r\u00f6gz\u00edt\u00e9s\u00e9nek ez a megold\u00e1sa sok esetben megel\u0151zheti a motor s\u00e9r\u00fcl\u00e9s\u00e9t vagy a tengely elferd\u00fcl\u00e9s\u00e9t. A v\u00e1g\u00e1si magass\u00e1got 25-t\u0151l 75\u00a0mm-ig lehet \u00e1ll\u00edtani.<br \/>\nA f\u00fcvet 55\u00a0l-es textil kos\u00e1rba lehet gy\u0171jteni, ami anyag\u00e1nak k\u00f6sz\u00f6nhet\u0151en nemcsak k\u00f6nny\u0171, de seg\u00edti a leveg\u0151 \u00e1raml\u00e1s\u00e1t, \u00edgy k\u00f6nnyen megtelik.<br \/>\nA f\u0171ny\u00edr\u00f3 beind\u00edt\u00e1sa\u00a0ber\u00e1nt\u00f3val t\u00f6rt\u00e9nik.<br \/>\nA foganty\u00fat egyszer\u0171en \u00e9s gyorsan \u00f6ssze lehet csukni, amit nagyra fog \u00e9rt\u00e9kelni p\u00e9ld\u00e1ul a sz\u00e1ll\u00edt\u00e1skor vagy rakt\u00e1roz\u00e1skor.<\/p>\n<p>&nbsp;<\/p>\n<p><strong>A term\u00e9k el\u0151nyei:<\/strong><\/p>\n<p>&nbsp;<\/p>\n<ul>\n<li>Min\u0151s\u00e9gi, OHV 150 ccm rendszer\u0171 benzinmotor<\/li>\n<li>A magas forg\u00f3nyomat\u00e9knak k\u00f6sz\u00f6nhet\u0151en nem okoz gondot a s\u0171r\u0171bb gyep sem<\/li>\n<li>K\u00f6zepes telkek karbantart\u00e1s\u00e1ra alkalmas<\/li>\n<li>A felhaszn\u00e1l\u00f3k \u00e9rt\u00e9kelni fogj\u00e1k a k\u00fcls\u0151 hat\u00e1soknak ellen\u00e1ll\u00f3 f\u00e9m alv\u00e1zat<\/li>\n<li>Gyorsan \u00f6sszecsukhat\u00f3 foganty\u00fa a k\u00f6nnyebb sz\u00e1ll\u00edt\u00e1s, \u00e9s az \u00d6n gar\u00e1zs\u00e1ban val\u00f3 helytakar\u00e9koss\u00e1g \u00e9rdek\u00e9ben<\/li>\n<li>A puha markolattal ell\u00e1tott k\u00e9nyelmes foganty\u00fa n\u00f6veli a komfortos haszn\u00e1latot a munka sor\u00e1n<\/li>\n<li>A f\u0171ny\u00edr\u00e1sn\u00e1l t\u00f6rt\u00e9n\u0151 kezel\u00e9s\u00e9t megk\u00f6nny\u00edti az els\u0151 7 colos \u00e9s a h\u00e1ts\u00f3 10 colos ker\u00e9k, ami ezen kateg\u00f3ri\u00e1n bel\u00fcl ink\u00e1bb kiv\u00e9telnek sz\u00e1m\u00edt.<\/li>\n<li>A kerekek min\u0151s\u00e9gi goly\u00f3s csap\u00e1gyakkal vannak ell\u00e1tva, ami minim\u00e1lisra cs\u00f6kkenti az ellen\u00e1ll\u00e1st<\/li>\n<li>Az el\u00fcls\u0151 \u00fctk\u00f6z\u0151 a g\u00e9p v\u00e9delm\u00e9t szolg\u00e1lja, \u00e9s egy\u00fattal foganty\u00faval is el van l\u00e1tva az esetleges hordoz\u00e1shoz<\/li>\n<li>A v\u00e1g\u00f3magass\u00e1g k\u00f6zpontilag t\u00f6rt\u00e9n\u0151 be\u00e1ll\u00edt\u00e1sa n\u00f6veli a k\u00e9nyelmet a munka sor\u00e1n<\/li>\n<li>Min\u0151s\u00e9gi, m\u0171anyag fed\u00e9llel \u00e9s t\u00f6lt\u00f6tts\u00e9gi szintet kijelz\u0151 berendez\u00e9ssel ell\u00e1tott f\u0171gy\u0171jt\u0151 kos\u00e1r<\/li>\n<li>A gy\u0171jt\u0151kos\u00e1r falai l\u00e9g\u00e1tereszt\u0151 sz\u00f6vetb\u0151l k\u00e9sz\u00fcltek, ez jav\u00edtja l\u00e9g\u00e1raml\u00e1st \u00e9s a f\u0171gy\u0171jt\u00e9s min\u0151s\u00e9g\u00e9t biztos\u00edtja<\/li>\n<\/ul>\n<p>&nbsp;<\/p>\n","protected":false},"excerpt":{"rendered":"<h2 class=\"text-center fs_26 mb_20\">Param\u00e9terek<\/h2>\n<table class=\"detail-table\">\n<colgroup>\n<col width=\"50%\" \/>\n<col \/><\/colgroup>\n<tbody>\n<tr>\n<td>t\u00e9rfogat<\/td>\n<td>150 cm3<\/td>\n<\/tr>\n<tr>\n<td>munkasz\u00e9less\u00e9g<\/td>\n<td>46 cm<\/td>\n<\/tr>\n<tr>\n<td>t\u00f6meg<\/td>\n<td>31 kg<\/td>\n<\/tr>\n<tr>\n<td>v\u00e1g\u00e1si magass\u00e1g<\/td>\n<td>25-75 mm<\/td>\n<\/tr>\n<tr>\n<td>f\u00e9mh\u00e1zas<\/td>\n<td>igen<\/td>\n<\/tr>\n<tr>\n<td>gy\u0171jt\u0151kos\u00e1r<\/td>\n<td>55 l<\/td>\n<\/tr>\n<tr>\n<td>teljes\u00edtm\u00e9ny SAE J1940 szerint<\/td>\n<td>3,4 HP<\/td>\n<\/tr>\n<tr>\n<td>aj\u00e1nlott ter\u00fclet<\/td>\n<td>1000 m2<\/td>\n<\/tr>\n<tr>\n<td>kerekek els\u0151\/h\u00e1ts\u00f3 \u00e1tm\u00e9r\u0151je<\/td>\n<td>7\/10 coll<\/td>\n<\/tr>\n<tr>\n<td>max. nyomat\u00e9k<\/td>\n<td>7,8 Nm<\/td>\n<\/tr>\n<\/tbody>\n<\/table>\n","protected":false},"featured_media":528,"comment_status":"open","ping_status":"closed","template":"","meta":{"om_disable_all_campaigns":false,"_monsterinsights_skip_tracking":false,"_monsterinsights_sitenote_active":false,"_monsterinsights_sitenote_note":"","_monsterinsights_sitenote_category":0},"product_brand":[],"product_cat":[258],"product_tag":[],"class_list":{"0":"post-620","1":"product","2":"type-product","3":"status-publish","4":"has-post-thumbnail","6":"product_cat-hajtas-nelkuli","8":"first","9":"instock","10":"taxable","11":"shipping-taxable","12":"purchasable","13":"product-type-simple"},"aioseo_notices":[],"blog_post_layout_featured_media_urls":{"thumbnail":["https:\/\/i0.wp.com\/www.agroeshop.hu\/wp-content\/uploads\/2022\/09\/546.webp?resize=150%2C150&ssl=1",150,150,true],"full":["https:\/\/i0.wp.com\/www.agroeshop.hu\/wp-content\/uploads\/2022\/09\/546.webp?fit=590%2C590&ssl=1",590,590,false]},"categories":null,"categories_names":null,"comments_number":"0","jetpack-related-posts":[],"jetpack_sharing_enabled":true,"_links":{"self":[{"href":"https:\/\/www.agroeshop.hu\/index.php?rest_route=\/wp\/v2\/product\/620","targetHints":{"allow":["GET"]}}],"collection":[{"href":"https:\/\/www.agroeshop.hu\/index.php?rest_route=\/wp\/v2\/product"}],"about":[{"href":"https:\/\/www.agroeshop.hu\/index.php?rest_route=\/wp\/v2\/types\/product"}],"replies":[{"embeddable":true,"href":"https:\/\/www.agroeshop.hu\/index.php?rest_route=%2Fwp%2Fv2%2Fcomments&post=620"}],"wp:featuredmedia":[{"embeddable":true,"href":"https:\/\/www.agroeshop.hu\/index.php?rest_route=\/wp\/v2\/media\/528"}],"wp:attachment":[{"href":"https:\/\/www.agroeshop.hu\/index.php?rest_route=%2Fwp%2Fv2%2Fmedia&parent=620"}],"wp:term":[{"taxonomy":"product_brand","embeddable":true,"href":"https:\/\/www.agroeshop.hu\/index.php?rest_route=%2Fwp%2Fv2%2Fproduct_brand&post=620"},{"taxonomy":"product_cat","embeddable":true,"href":"https:\/\/www.agroeshop.hu\/index.php?rest_route=%2Fwp%2Fv2%2Fproduct_cat&post=620"},{"taxonomy":"product_tag","embeddable":true,"href":"https:\/\/www.agroeshop.hu\/index.php?rest_route=%2Fwp%2Fv2%2Fproduct_tag&post=620"}],"curies":[{"name":"wp","href":"https:\/\/api.w.org\/{rel}","templated":true}]}}