{"id":617,"date":"2022-09-23T19:32:37","date_gmt":"2022-09-23T18:32:37","guid":{"rendered":"https:\/\/www.agroeshop.hu\/?post_type=product&#038;p=617"},"modified":"2024-03-24T23:33:47","modified_gmt":"2024-03-24T22:33:47","slug":"hecht-546-c-benzinmotoros-funyiro","status":"publish","type":"product","link":"https:\/\/www.agroeshop.hu\/?product=hecht-546-c-benzinmotoros-funyiro","title":{"rendered":"HECHT 546 C &#8211; Benzinmotoros f\u0171ny\u00edr\u00f3"},"content":{"rendered":"<h2 class=\"text-center fs_26 mb_20\">Term\u00e9k le\u00edr\u00e1sa<\/h2>\n<p>&nbsp;<\/p>\n<p>HECHT 546 C benzinmotoros f\u0171ny\u00edr\u00f3 hajt\u00e1s n\u00e9lk\u00fcl HECHT OHV motorral, 2,5 kW n\u00e9vleges teljes\u00edtm\u00e9nnyel \u00e9s 144 cm3 \u0171rtartalommal. Ennek a f\u0171ny\u00edr\u00f3nak a munkasz\u00e9less\u00e9ge\u00a0 46 cm, a v\u00e1g\u00e1si magass\u00e1ga 25 \u00e9s 75 mm k\u00f6z\u00f6tt \u00e1ll\u00edthat\u00f3. A nagy, 60 l-es, sz\u00f6vetb\u0151l k\u00e9sz\u00fclt gy\u0171jt\u0151kos\u00e1r elegend\u0151 helyet biztos\u00edt a leny\u00edrt f\u0171 sz\u00e1m\u00e1ra. A Hecht 546 C t\u00f6m\u00f6r f\u00e9mv\u00e1zzal rendelkezik, amely hossz\u00fa \u00e9lettartamot \u00e9s nagyobb tart\u00f3ss\u00e1got biztos\u00edt. A f\u0171ny\u00edr\u00f3 1000 m2-es kasz\u00e1l\u00e1shoz aj\u00e1nlott. A nagy sz\u00e1rnyas any\u00e1knak k\u00f6sz\u00f6nhet\u0151en a foganty\u00fa k\u00f6nnyen \u00f6sszecsukhat\u00f3. A f\u0171ny\u00edr\u00f3 s\u00falya 29 kg.<\/p>\n","protected":false},"excerpt":{"rendered":"<h2 class=\"text-center fs_26 mb_20\">Param\u00e9terek<\/h2>\n<table class=\"detail-table\">\n<colgroup>\n<col width=\"50%\" \/>\n<col \/><\/colgroup>\n<tbody>\n<tr>\n<td>motor<\/td>\n<td>OHV<\/td>\n<\/tr>\n<tr>\n<td>t\u00e9rfogat<\/td>\n<td>144,3 cm3<\/td>\n<\/tr>\n<tr>\n<td>munkasz\u00e9less\u00e9g<\/td>\n<td>46 cm<\/td>\n<\/tr>\n<tr>\n<td>t\u00f6meg<\/td>\n<td>29 kg<\/td>\n<\/tr>\n<tr>\n<td>v\u00e1g\u00e1si magass\u00e1g<\/td>\n<td>27-75 mm<\/td>\n<\/tr>\n<tr>\n<td>f\u00e9mh\u00e1zas<\/td>\n<td>igen<\/td>\n<\/tr>\n<tr>\n<td>gy\u0171jt\u0151kos\u00e1r<\/td>\n<td>60 l<\/td>\n<\/tr>\n<tr>\n<td>max. nyomat\u00e9k<\/td>\n<td>7,8 Nm<\/td>\n<\/tr>\n<\/tbody>\n<\/table>\n","protected":false},"featured_media":527,"comment_status":"open","ping_status":"closed","template":"","meta":{"om_disable_all_campaigns":false,"_monsterinsights_skip_tracking":false,"_monsterinsights_sitenote_active":false,"_monsterinsights_sitenote_note":"","_monsterinsights_sitenote_category":0},"product_brand":[],"product_cat":[258],"product_tag":[],"class_list":{"0":"post-617","1":"product","2":"type-product","3":"status-publish","4":"has-post-thumbnail","6":"product_cat-hajtas-nelkuli","8":"first","9":"instock","10":"taxable","11":"shipping-taxable","12":"purchasable","13":"product-type-simple"},"aioseo_notices":[],"blog_post_layout_featured_media_urls":{"thumbnail":["https:\/\/i0.wp.com\/www.agroeshop.hu\/wp-content\/uploads\/2022\/09\/546-C.webp?resize=150%2C150&ssl=1",150,150,true],"full":["https:\/\/i0.wp.com\/www.agroeshop.hu\/wp-content\/uploads\/2022\/09\/546-C.webp?fit=590%2C590&ssl=1",590,590,false]},"categories":null,"categories_names":null,"comments_number":"0","jetpack-related-posts":[],"jetpack_sharing_enabled":true,"_links":{"self":[{"href":"https:\/\/www.agroeshop.hu\/index.php?rest_route=\/wp\/v2\/product\/617","targetHints":{"allow":["GET"]}}],"collection":[{"href":"https:\/\/www.agroeshop.hu\/index.php?rest_route=\/wp\/v2\/product"}],"about":[{"href":"https:\/\/www.agroeshop.hu\/index.php?rest_route=\/wp\/v2\/types\/product"}],"replies":[{"embeddable":true,"href":"https:\/\/www.agroeshop.hu\/index.php?rest_route=%2Fwp%2Fv2%2Fcomments&post=617"}],"wp:featuredmedia":[{"embeddable":true,"href":"https:\/\/www.agroeshop.hu\/index.php?rest_route=\/wp\/v2\/media\/527"}],"wp:attachment":[{"href":"https:\/\/www.agroeshop.hu\/index.php?rest_route=%2Fwp%2Fv2%2Fmedia&parent=617"}],"wp:term":[{"taxonomy":"product_brand","embeddable":true,"href":"https:\/\/www.agroeshop.hu\/index.php?rest_route=%2Fwp%2Fv2%2Fproduct_brand&post=617"},{"taxonomy":"product_cat","embeddable":true,"href":"https:\/\/www.agroeshop.hu\/index.php?rest_route=%2Fwp%2Fv2%2Fproduct_cat&post=617"},{"taxonomy":"product_tag","embeddable":true,"href":"https:\/\/www.agroeshop.hu\/index.php?rest_route=%2Fwp%2Fv2%2Fproduct_tag&post=617"}],"curies":[{"name":"wp","href":"https:\/\/api.w.org\/{rel}","templated":true}]}}