{"id":616,"date":"2022-09-23T19:30:17","date_gmt":"2022-09-23T18:30:17","guid":{"rendered":"https:\/\/www.agroeshop.hu\/?post_type=product&#038;p=616"},"modified":"2024-03-24T23:33:47","modified_gmt":"2024-03-24T22:33:47","slug":"hecht-540-benzinmotoros-funyiro","status":"publish","type":"product","link":"https:\/\/www.agroeshop.hu\/?product=hecht-540-benzinmotoros-funyiro","title":{"rendered":"HECHT 540 &#8211; Benzinmotoros f\u0171ny\u00edr\u00f3"},"content":{"rendered":"<h2 class=\"text-center fs_26 mb_20\">Term\u00e9k le\u00edr\u00e1sa<\/h2>\n<p>A HECHT 540\u00a0nem \u00f6nj\u00e1r\u00f3 benzinmotoros f\u0171ny\u00edr\u00f3.\u00a0A meghajt\u00e1sr\u00f3l 123 cm3, 3\u00a0HP teljes\u00edtm\u00e9ny\u0171 4-\u00fctem\u0171 OHV motor gondoskodik.<br \/>\nA f\u0171ny\u00edr\u00f3 csak 20,5\u00a0kg-t nyom.\u00a0A f\u0171ny\u00edr\u00f3 nem rendelkezik k\u00f6zponti magass\u00e1g\u00e1ll\u00edt\u00e1ssal, az egyes kerekek magass\u00e1g\u00e1t lehet be\u00e1ll\u00edtani 30-t\u00f3l 60 mm-es tartom\u00e1nyban. Ez\u00e9rt aj\u00e1nljuk a f\u0171ny\u00edr\u00f3t olyan kis kertekbe, amelyek rendszeresen \u00e1polva vannak, az alacsony s\u00faly\u00e1nak \u00e9s kis m\u00e9ret\u00e9nek k\u00f6sz\u00f6nhet\u0151en k\u00f6nnyen ir\u00e1ny\u00edthat\u00f3 az akad\u00e1lyok k\u00f6r\u00fcl.<br \/>\nA lev\u00e1gott f\u00fcvet 40\u00a0literes textil kos\u00e1rba gy\u0171jti. Ez\u00e9rt a kos\u00e1r k\u00f6nny\u0171, egyszer\u0171en kezelhet\u0151. A kisz\u00f3r\u00e1st a kos\u00e1r fels\u0151 r\u00e9sz\u00e9n tal\u00e1lhat\u00f3 f\u00e9m foganty\u00fa, \u00e9s a h\u00e1ts\u00f3 r\u00e9sz\u00e9n egy hurok k\u00f6nny\u00edti. A kos\u00e1r anyaga j\u00f3l leveg\u0151zik, ez biztos\u00edtja, hogy a j\u00f3 leveg\u0151\u00e1raml\u00e1snak k\u00f6sz\u00f6nhet\u0151en a kos\u00e1r teljesen meg tud telni. A k\u00e9sek munkasz\u00e9less\u00e9ge 40\u00a0cm. A f\u0171ny\u00edr\u00f3 beind\u00edt\u00e1sa klasszikus m\u00f3don, a ber\u00e1nt\u00f3val t\u00f6rt\u00e9nik.<br \/>\nA foganty\u00fan tal\u00e1lhat\u00f3 a motort ir\u00e1ny\u00edt\u00f3 kar, ami lenyomott \u00e1llapotban hagyja j\u00e1rni a motort, ha elengedi, a motor le\u00e1ll. \u00cdgy a f\u0171ny\u00edr\u00f3t m\u0171szakilag kev\u00e9sb\u00e9 j\u00e1rtas szem\u00e9ly is tudja haszn\u00e1lni. Ez a kar ugyanolyan sz\u00e9les, mint a foganty\u00fa, \u00edgy b\u00e1rmikor elengedheti az egyik kez\u00e9vel, pl. amikor el szeretn\u00e9 tartani az \u00d6n el\u00e9 bel\u00f3g\u00f3 \u00e1gakat. A foganty\u00fa nagy sz\u00e1rnyas any\u00e1val van r\u00f6gz\u00edtve, ami megk\u00f6nny\u00edti az \u00f6sszeszerel\u00e9s\u00e9t.<\/p>\n<p>&nbsp;<\/p>\n<p><strong>A term\u00e9k el\u0151nyei:<\/strong><\/p>\n<p>&nbsp;<\/p>\n<ul>\n<li>Min\u0151s\u00e9gi, OHV rendszer\u0171 benzinmotor<\/li>\n<li>Ide\u00e1lis kisebb telkekre<\/li>\n<li>Alacsony fogyaszt\u00e1s<\/li>\n<li>A felhaszn\u00e1l\u00f3k \u00e9rt\u00e9kelni fogj\u00e1k a k\u00fcls\u0151 hat\u00e1soknak ellen\u00e1ll\u00f3 f\u00e9m alv\u00e1zat<\/li>\n<li>Ez a f\u0171ny\u00edr\u00f3 az elektromos \u00e9s benzinmotor meghajt\u00e1s\u00fa f\u0171ny\u00edr\u00f3k k\u00f6z\u00f6tt azon v\u00e1s\u00e1rl\u00f3k sz\u00e1m\u00e1ra ide\u00e1lis, akiknek munk\u00e1j\u00e1t az elektromos vezet\u00e9k korl\u00e1tozn\u00e1<\/li>\n<li>Gyorsan \u00f6sszecsukhat\u00f3 foganty\u00fa a k\u00f6nnyebb sz\u00e1ll\u00edt\u00e1s, \u00e9s az \u00d6n gar\u00e1zs\u00e1ban val\u00f3 helytakar\u00e9koss\u00e1g \u00e9rdek\u00e9ben<\/li>\n<li>A puha markolattal ell\u00e1tott k\u00e9nyelmes foganty\u00fa n\u00f6veli a komfortos haszn\u00e1latot<\/li>\n<li>A f\u0171ny\u00edr\u00e1sn\u00e1l t\u00f6rt\u00e9n\u0151 kezel\u00e9s\u00e9t megk\u00f6nny\u00edti az els\u0151 \u00e9s h\u00e1ts\u00f3 7 colos kerekek, ami ezen kateg\u00f3ri\u00e1n bel\u00fcl ink\u00e1bb kiv\u00e9telnek sz\u00e1m\u00edt<\/li>\n<li>Az el\u00fcls\u0151 \u00fctk\u00f6z\u0151 a g\u00e9p v\u00e9delm\u00e9t szolg\u00e1lja, \u00e9s egy\u00fattal foganty\u00faval is el van l\u00e1tva az esetleges hordoz\u00e1s c\u00e9lj\u00e1ra<\/li>\n<li>Be\u00e1ll\u00edthat\u00f3 v\u00e1g\u00e1si magass\u00e1g 30-60\u00a0mm<\/li>\n<li>J\u00f3 min\u0151s\u00e9g\u0171, ellen\u00e1ll\u00f3 textilanyagb\u00f3l k\u00e9sz\u00fclt f\u0171gy\u0171jt\u0151 kos\u00e1r<\/li>\n<\/ul>\n","protected":false},"excerpt":{"rendered":"<h2 class=\"text-center fs_26 mb_20\">Param\u00e9terek<\/h2>\n<table class=\"detail-table\">\n<colgroup>\n<col width=\"50%\" \/>\n<col \/><\/colgroup>\n<tbody>\n<tr>\n<td>motor<\/td>\n<td>HECHT OHV<\/td>\n<\/tr>\n<tr>\n<td>munkasz\u00e9less\u00e9g<\/td>\n<td>40 cm<\/td>\n<\/tr>\n<tr>\n<td>t\u00f6meg<\/td>\n<td>20,5 kg<\/td>\n<\/tr>\n<tr>\n<td>v\u00e1g\u00e1si magass\u00e1g<\/td>\n<td>30-60 mm<\/td>\n<\/tr>\n<tr>\n<td>f\u00e9mh\u00e1zas<\/td>\n<td>igen<\/td>\n<\/tr>\n<tr>\n<td>gy\u0171jt\u0151kos\u00e1r<\/td>\n<td>40 l<\/td>\n<\/tr>\n<tr>\n<td>motor t\u00e9rfogat<\/td>\n<td>123 cm3<\/td>\n<\/tr>\n<tr>\n<td>teljes\u00edtm\u00e9ny SAE J1940 szerint<\/td>\n<td>3 HP<\/td>\n<\/tr>\n<tr>\n<td>aj\u00e1nlott ter\u00fclet<\/td>\n<td>750 m2<\/td>\n<\/tr>\n<tr>\n<td>kerekek els\u0151\/h\u00e1ts\u00f3 \u00e1tm\u00e9r\u0151je<\/td>\n<td>7\/7 coll<\/td>\n<\/tr>\n<tr>\n<td>max. nyomat\u00e9k<\/td>\n<td>6,8 Nm<\/td>\n<\/tr>\n<\/tbody>\n<\/table>\n","protected":false},"featured_media":524,"comment_status":"open","ping_status":"closed","template":"","meta":{"om_disable_all_campaigns":false,"_monsterinsights_skip_tracking":false,"_monsterinsights_sitenote_active":false,"_monsterinsights_sitenote_note":"","_monsterinsights_sitenote_category":0},"product_brand":[],"product_cat":[258],"product_tag":[],"class_list":{"0":"post-616","1":"product","2":"type-product","3":"status-publish","4":"has-post-thumbnail","6":"product_cat-hajtas-nelkuli","8":"first","9":"instock","10":"taxable","11":"shipping-taxable","12":"purchasable","13":"product-type-simple"},"aioseo_notices":[],"blog_post_layout_featured_media_urls":{"thumbnail":["https:\/\/i0.wp.com\/www.agroeshop.hu\/wp-content\/uploads\/2022\/09\/540.webp?resize=150%2C150&ssl=1",150,150,true],"full":["https:\/\/i0.wp.com\/www.agroeshop.hu\/wp-content\/uploads\/2022\/09\/540.webp?fit=590%2C590&ssl=1",590,590,false]},"categories":null,"categories_names":null,"comments_number":"0","jetpack-related-posts":[],"jetpack_sharing_enabled":true,"_links":{"self":[{"href":"https:\/\/www.agroeshop.hu\/index.php?rest_route=\/wp\/v2\/product\/616","targetHints":{"allow":["GET"]}}],"collection":[{"href":"https:\/\/www.agroeshop.hu\/index.php?rest_route=\/wp\/v2\/product"}],"about":[{"href":"https:\/\/www.agroeshop.hu\/index.php?rest_route=\/wp\/v2\/types\/product"}],"replies":[{"embeddable":true,"href":"https:\/\/www.agroeshop.hu\/index.php?rest_route=%2Fwp%2Fv2%2Fcomments&post=616"}],"wp:featuredmedia":[{"embeddable":true,"href":"https:\/\/www.agroeshop.hu\/index.php?rest_route=\/wp\/v2\/media\/524"}],"wp:attachment":[{"href":"https:\/\/www.agroeshop.hu\/index.php?rest_route=%2Fwp%2Fv2%2Fmedia&parent=616"}],"wp:term":[{"taxonomy":"product_brand","embeddable":true,"href":"https:\/\/www.agroeshop.hu\/index.php?rest_route=%2Fwp%2Fv2%2Fproduct_brand&post=616"},{"taxonomy":"product_cat","embeddable":true,"href":"https:\/\/www.agroeshop.hu\/index.php?rest_route=%2Fwp%2Fv2%2Fproduct_cat&post=616"},{"taxonomy":"product_tag","embeddable":true,"href":"https:\/\/www.agroeshop.hu\/index.php?rest_route=%2Fwp%2Fv2%2Fproduct_tag&post=616"}],"curies":[{"name":"wp","href":"https:\/\/api.w.org\/{rel}","templated":true}]}}