{"id":587,"date":"2022-09-21T18:33:56","date_gmt":"2022-09-21T17:33:56","guid":{"rendered":"https:\/\/www.agroeshop.hu\/?post_type=product&#038;p=587"},"modified":"2024-03-24T23:33:42","modified_gmt":"2024-03-24T22:33:42","slug":"hecht-1844-elektromos-funyiro","status":"publish","type":"product","link":"https:\/\/www.agroeshop.hu\/?product=hecht-1844-elektromos-funyiro","title":{"rendered":"HECHT 1844 &#8211; Elektromos f\u0171ny\u00edr\u00f3"},"content":{"rendered":"<h2 class=\"text-center fs_26 mb_20\">Term\u00e9k le\u00edr\u00e1sa<\/h2>\n<p>A HECHT 1844 nem \u00f6nj\u00e1r\u00f3 elektromos f\u0171ny\u00edr\u00f3 eleg\u00e1ns kivitelben. A f\u0171ny\u00edr\u00f3 alapja a tart\u00f3s \u00e9s ellen\u00e1ll\u00f3 m\u0171anyagb\u00f3l k\u00e9sz\u00fclt h\u00e1z. Tov\u00e1bbi el\u0151nye, hogy ellen\u00e1ll a korr\u00f3zi\u00f3nak, \u00e9s s\u00falya csak 15,5 kg. A f\u0171ny\u00edr\u00f3 meghajt\u00e1s\u00e1r\u00f3l az 1800 W teljes\u00edtm\u00e9ny\u0171 elektromos motor gondoskodik, munkasz\u00e9less\u00e9ge 420 mm. A v\u00e1g\u00e1si magass\u00e1got k\u00f6zpontilag lehet \u00e1ll\u00edtani egy kar seg\u00edts\u00e9g\u00e9vel, 25-85 mm tartom\u00e1nyban. A lev\u00e1gott f\u0171 \u00f6sszegy\u0171jt\u00e9se 50 literes kos\u00e1rba t\u00f6rt\u00e9nik. Maximum 900 m2 f\u00fcves ter\u00fclet rendszeres karbantart\u00e1s\u00e1ra aj\u00e1nljuk.<br \/>\nA f\u0171ny\u00edr\u00f3 tov\u00e1bbi el\u0151nye, hogy a kapcsol\u00f3kar a foganty\u00fa teljes hossz\u00e1ban el\u00e9rhet\u0151, aminek k\u00f6sz\u00f6nhet\u0151en a f\u0171ny\u00edr\u00f3t egy k\u00e9zzel is lehet ir\u00e1ny\u00edtani, \u00edgy a m\u00e1sik kez\u00e9vel biztons\u00e1gosan tudja a vezet\u00e9ket kezelni. Az \u00e1thelyez\u00e9st, sz\u00e1ll\u00edt\u00e1st k\u00e9nyelmes foganty\u00fa k\u00f6nny\u00edti, ami a motor burkolat\u00e1n tal\u00e1lhat\u00f3. A foganty\u00fa k\u00e9t kar kiold\u00e1s\u00e1val k\u00f6nnyen \u00e9s egyszer\u0171en \u00f6sszecsukhat\u00f3 az alv\u00e1z csatlakoz\u00e1s\u00e1n\u00e1l. Term\u00e9szetesen a f\u0171ny\u00edr\u00f3t ell\u00e1ttuk biztons\u00e1gi kapcsol\u00f3val \u00e9s a vezet\u00e9k fesz\u00fcl\u00e9s\u00e9t megakad\u00e1lyoz\u00f3 f\u00fcllel is.<\/p>\n","protected":false},"excerpt":{"rendered":"<h2 class=\"text-center fs_26 mb_20\">Param\u00e9terek<\/h2>\n<table class=\"detail-table\">\n<colgroup>\n<col width=\"50%\" \/>\n<col \/><\/colgroup>\n<tbody>\n<tr>\n<td>motor<\/td>\n<td>elektromos 230V\/50Hz<\/td>\n<\/tr>\n<tr>\n<td>munkasz\u00e9less\u00e9g<\/td>\n<td>42 cm<\/td>\n<\/tr>\n<tr>\n<td>t\u00f6meg<\/td>\n<td>15,5 kg<\/td>\n<\/tr>\n<tr>\n<td>v\u00e1g\u00e1si magass\u00e1g<\/td>\n<td>25-85 mm<\/td>\n<\/tr>\n<tr>\n<td>gy\u0171jt\u0151kos\u00e1r<\/td>\n<td>50 l<\/td>\n<\/tr>\n<tr>\n<td>teljes\u00edtm\u00e9ny (W)<\/td>\n<td>1800<\/td>\n<\/tr>\n<tr>\n<td>fordulatsz\u00e1m terhel\u00e9s n\u00e9lk\u00fcl<\/td>\n<td>3300 ford.\/perc<\/td>\n<\/tr>\n<tr>\n<td>m\u0171anyag h\u00e1z<\/td>\n<td>igen<\/td>\n<\/tr>\n<tr>\n<td>aj\u00e1nlott ter\u00fclet<\/td>\n<td>900 m2<\/td>\n<\/tr>\n<tr>\n<td>kerekek els\u0151\/h\u00e1ts\u00f3 \u00e1tm\u00e9r\u0151je<\/td>\n<td>6\/8 coll<\/td>\n<\/tr>\n<tr>\n<td>oldalkidob\u00f3<\/td>\n<td>nem<\/td>\n<\/tr>\n<tr>\n<td>hajt\u00e1s n\u00e9lk\u00fcli<\/td>\n<td>igen<\/td>\n<\/tr>\n<\/tbody>\n<\/table>\n","protected":false},"featured_media":496,"comment_status":"open","ping_status":"closed","template":"","meta":{"om_disable_all_campaigns":false,"_monsterinsights_skip_tracking":false,"_monsterinsights_sitenote_active":false,"_monsterinsights_sitenote_note":"","_monsterinsights_sitenote_category":0},"product_brand":[],"product_cat":[64],"product_tag":[],"class_list":{"0":"post-587","1":"product","2":"type-product","3":"status-publish","4":"has-post-thumbnail","6":"product_cat-elektromos-funyiro","8":"first","9":"instock","10":"taxable","11":"shipping-taxable","12":"purchasable","13":"product-type-simple"},"aioseo_notices":[],"blog_post_layout_featured_media_urls":{"thumbnail":["https:\/\/i0.wp.com\/www.agroeshop.hu\/wp-content\/uploads\/2022\/09\/1844.webp?resize=150%2C150&ssl=1",150,150,true],"full":["https:\/\/i0.wp.com\/www.agroeshop.hu\/wp-content\/uploads\/2022\/09\/1844.webp?fit=590%2C590&ssl=1",590,590,false]},"categories":null,"categories_names":null,"comments_number":"0","jetpack-related-posts":[],"jetpack_sharing_enabled":true,"_links":{"self":[{"href":"https:\/\/www.agroeshop.hu\/index.php?rest_route=\/wp\/v2\/product\/587","targetHints":{"allow":["GET"]}}],"collection":[{"href":"https:\/\/www.agroeshop.hu\/index.php?rest_route=\/wp\/v2\/product"}],"about":[{"href":"https:\/\/www.agroeshop.hu\/index.php?rest_route=\/wp\/v2\/types\/product"}],"replies":[{"embeddable":true,"href":"https:\/\/www.agroeshop.hu\/index.php?rest_route=%2Fwp%2Fv2%2Fcomments&post=587"}],"wp:featuredmedia":[{"embeddable":true,"href":"https:\/\/www.agroeshop.hu\/index.php?rest_route=\/wp\/v2\/media\/496"}],"wp:attachment":[{"href":"https:\/\/www.agroeshop.hu\/index.php?rest_route=%2Fwp%2Fv2%2Fmedia&parent=587"}],"wp:term":[{"taxonomy":"product_brand","embeddable":true,"href":"https:\/\/www.agroeshop.hu\/index.php?rest_route=%2Fwp%2Fv2%2Fproduct_brand&post=587"},{"taxonomy":"product_cat","embeddable":true,"href":"https:\/\/www.agroeshop.hu\/index.php?rest_route=%2Fwp%2Fv2%2Fproduct_cat&post=587"},{"taxonomy":"product_tag","embeddable":true,"href":"https:\/\/www.agroeshop.hu\/index.php?rest_route=%2Fwp%2Fv2%2Fproduct_tag&post=587"}],"curies":[{"name":"wp","href":"https:\/\/api.w.org\/{rel}","templated":true}]}}