{"id":2954,"date":"2023-12-23T11:03:45","date_gmt":"2023-12-23T10:03:45","guid":{"rendered":"https:\/\/www.agroeshop.hu\/?post_type=product&#038;p=2954"},"modified":"2024-03-24T23:35:54","modified_gmt":"2024-03-24T22:35:54","slug":"bogracsallvany-150-cm","status":"publish","type":"product","link":"https:\/\/www.agroeshop.hu\/?product=bogracsallvany-150-cm","title":{"rendered":"Bogr\u00e1cs\u00e1llv\u00e1ny 150 cm"},"content":{"rendered":"<p>A szabadt\u00e9ri f\u0151z\u00e9s elengedhetetlen kell\u00e9ke. \u00d6sszecsukhat\u00f3, ez\u00e1ltal k\u00f6nnyen t\u00e1rolhat\u00f3 \u00e9s sz\u00e1ll\u00edthat\u00f3.<br \/>\nMagass\u00e1g: 1,5 m Fix<\/p>\n","protected":false},"excerpt":{"rendered":"<p>A szabadt\u00e9ri f\u0151z\u00e9s elengedhetetlen kell\u00e9ke. \u00d6sszecsukhat\u00f3, ez\u00e1ltal k\u00f6nnyen t\u00e1rolhat\u00f3 \u00e9s sz\u00e1ll\u00edthat\u00f3. Magass\u00e1g: 1,5 m Fix<\/p>\n","protected":false},"featured_media":2951,"comment_status":"open","ping_status":"closed","template":"","meta":{"om_disable_all_campaigns":false,"_monsterinsights_skip_tracking":false,"_monsterinsights_sitenote_active":false,"_monsterinsights_sitenote_note":"","_monsterinsights_sitenote_category":0},"product_brand":[],"product_cat":[304],"product_tag":[],"class_list":{"0":"post-2954","1":"product","2":"type-product","3":"status-publish","4":"has-post-thumbnail","6":"product_cat-bogracs-bogracs-kellekek","8":"first","9":"instock","10":"taxable","11":"shipping-taxable","12":"purchasable","13":"product-type-simple"},"aioseo_notices":[],"blog_post_layout_featured_media_urls":{"thumbnail":["https:\/\/i0.wp.com\/www.agroeshop.hu\/wp-content\/uploads\/2023\/12\/004136.webp?resize=150%2C150&ssl=1",150,150,true],"full":["https:\/\/i0.wp.com\/www.agroeshop.hu\/wp-content\/uploads\/2023\/12\/004136.webp?fit=532%2C800&ssl=1",532,800,false]},"categories":null,"categories_names":null,"comments_number":"0","jetpack-related-posts":[],"jetpack_sharing_enabled":true,"_links":{"self":[{"href":"https:\/\/www.agroeshop.hu\/index.php?rest_route=\/wp\/v2\/product\/2954","targetHints":{"allow":["GET"]}}],"collection":[{"href":"https:\/\/www.agroeshop.hu\/index.php?rest_route=\/wp\/v2\/product"}],"about":[{"href":"https:\/\/www.agroeshop.hu\/index.php?rest_route=\/wp\/v2\/types\/product"}],"replies":[{"embeddable":true,"href":"https:\/\/www.agroeshop.hu\/index.php?rest_route=%2Fwp%2Fv2%2Fcomments&post=2954"}],"wp:featuredmedia":[{"embeddable":true,"href":"https:\/\/www.agroeshop.hu\/index.php?rest_route=\/wp\/v2\/media\/2951"}],"wp:attachment":[{"href":"https:\/\/www.agroeshop.hu\/index.php?rest_route=%2Fwp%2Fv2%2Fmedia&parent=2954"}],"wp:term":[{"taxonomy":"product_brand","embeddable":true,"href":"https:\/\/www.agroeshop.hu\/index.php?rest_route=%2Fwp%2Fv2%2Fproduct_brand&post=2954"},{"taxonomy":"product_cat","embeddable":true,"href":"https:\/\/www.agroeshop.hu\/index.php?rest_route=%2Fwp%2Fv2%2Fproduct_cat&post=2954"},{"taxonomy":"product_tag","embeddable":true,"href":"https:\/\/www.agroeshop.hu\/index.php?rest_route=%2Fwp%2Fv2%2Fproduct_tag&post=2954"}],"curies":[{"name":"wp","href":"https:\/\/api.w.org\/{rel}","templated":true}]}}