{"id":2920,"date":"2023-12-23T08:56:52","date_gmt":"2023-12-23T07:56:52","guid":{"rendered":"https:\/\/www.agroeshop.hu\/?post_type=product&#038;p=2920"},"modified":"2024-03-24T23:35:50","modified_gmt":"2024-03-24T22:35:50","slug":"tartaklor-3kg-200-g-os-tabletta","status":"publish","type":"product","link":"https:\/\/www.agroeshop.hu\/?product=tartaklor-3kg-200-g-os-tabletta","title":{"rendered":"Tartakl\u00f3r 3kg 200 g-os tabletta"},"content":{"rendered":"<p>Medencev\u00edz fert\u0151tlen\u00edt\u0151szer<br \/>\n&#8211; 200 g-os lassan old\u00f3d\u00f3 tablett\u00e1k 90% akt\u00edv kl\u00f3rtartalommal<br \/>\n&#8211; az uszodav\u00edz tisztas\u00e1g\u00e1t v\u00e9di a bakt\u00e9riumok, gomb\u00e1k ellen<br \/>\n&#8211; minden v\u00edzkem\u00e9nys\u00e9ghez alkalmas<br \/>\n&#8211; stabiliz\u00e1lt, ellen\u00e1ll a napf\u00e9ny \u00e9s h\u0151 hat\u00e1s\u00e1nak<\/p>\n<p>Alkalmaz\u00e1sa: A kl\u00f3rszint be\u00e1ll\u00edt\u00e1s\u00e1t k\u00f6vet\u0151en 10 m3 v\u00edzhez 2\u20133 tablett\u00e1t adunk. Folyamatos kl\u00f3roz\u00e1sn\u00e1l 10 m3 v\u00edzhez 4\u20136 naponta 1\u20133 tabletta \u00fasz\u00f3 vegyszeradagol\u00f3ba vagy a szkimmer kos\u00e1rba helyezve. Soha ne dobjuk a tablett\u00e1t k\u00f6zvetlen\u00fcl a medenc\u00e9be, mert kifak\u00edtja a burkolat sz\u00edn\u00e9t! Ide\u00e1lis kl\u00f3rtartalom: 0,6\u20131,0 mg\/l, ide\u00e1lis pH \u00e9rt\u00e9k: 7,2\u20137,6. A v\u00edzk\u00e9miai param\u00e9terek be\u00e1ll\u00edt\u00e1s\u00e1hoz v\u00edzelemz\u0151 sz\u00fcks\u00e9ges! A term\u00e9k k\u00f6z\u00f6ss\u00e9gi f\u00fcrd\u0151v\u00edzben is alkalmazhat\u00f3, ha a v\u00edzben egyik param\u00e9ter koncentr\u00e1ci\u00f3ja sem haladja meg a 37\/1996 (X.18.) NM rendeletben el\u0151\u00edrt hat\u00e1r\u00e9rt\u00e9keket.<br \/>\nKiszerel\u00e9s: 3 kg<\/p>\n","protected":false},"excerpt":{"rendered":"<p>Medencev\u00edz fert\u0151tlen\u00edt\u0151szer &#8211; 200 g-os lassan old\u00f3d\u00f3 tablett\u00e1k 90% akt\u00edv kl\u00f3rtartalommal &#8211; az uszodav\u00edz tisztas\u00e1g\u00e1t v\u00e9di a bakt\u00e9riumok, gomb\u00e1k ellen &#8211; minden v\u00edzkem\u00e9nys\u00e9ghez alkalmas &#8211; stabiliz\u00e1lt, ellen\u00e1ll a napf\u00e9ny \u00e9s h\u0151 hat\u00e1s\u00e1nak Alkalmaz\u00e1sa: A kl\u00f3rszint be\u00e1ll\u00edt\u00e1s\u00e1t k\u00f6vet\u0151en 10 m3 v\u00edzhez 2\u20133 tablett\u00e1t adunk. Folyamatos kl\u00f3roz\u00e1sn\u00e1l 10 m3 v\u00edzhez 4\u20136 naponta 1\u20133 tabletta \u00fasz\u00f3 vegyszeradagol\u00f3ba vagy<\/p>\n<div class=\"more-link\">\n\t\t\t\t <a href=\"https:\/\/www.agroeshop.hu\/?product=tartaklor-3kg-200-g-os-tabletta\" class=\"btn theme-btn inverted\"><span>B\u0151vebben <\/span><\/a>\n\t\t\t<\/div>\n","protected":false},"featured_media":2921,"comment_status":"open","ping_status":"closed","template":"","meta":{"om_disable_all_campaigns":false,"_monsterinsights_skip_tracking":false,"_monsterinsights_sitenote_active":false,"_monsterinsights_sitenote_note":"","_monsterinsights_sitenote_category":0},"product_brand":[],"product_cat":[302],"product_tag":[],"class_list":{"0":"post-2920","1":"product","2":"type-product","3":"status-publish","4":"has-post-thumbnail","6":"product_cat-medence-vegyszer","8":"first","9":"instock","10":"taxable","11":"shipping-taxable","12":"purchasable","13":"product-type-simple"},"aioseo_notices":[],"blog_post_layout_featured_media_urls":{"thumbnail":["https:\/\/i0.wp.com\/www.agroeshop.hu\/wp-content\/uploads\/2023\/12\/386501.jpg?resize=150%2C150&ssl=1",150,150,true],"full":["https:\/\/i0.wp.com\/www.agroeshop.hu\/wp-content\/uploads\/2023\/12\/386501.jpg?fit=600%2C600&ssl=1",600,600,false]},"categories":null,"categories_names":null,"comments_number":"0","jetpack-related-posts":[],"jetpack_sharing_enabled":true,"_links":{"self":[{"href":"https:\/\/www.agroeshop.hu\/index.php?rest_route=\/wp\/v2\/product\/2920","targetHints":{"allow":["GET"]}}],"collection":[{"href":"https:\/\/www.agroeshop.hu\/index.php?rest_route=\/wp\/v2\/product"}],"about":[{"href":"https:\/\/www.agroeshop.hu\/index.php?rest_route=\/wp\/v2\/types\/product"}],"replies":[{"embeddable":true,"href":"https:\/\/www.agroeshop.hu\/index.php?rest_route=%2Fwp%2Fv2%2Fcomments&post=2920"}],"wp:featuredmedia":[{"embeddable":true,"href":"https:\/\/www.agroeshop.hu\/index.php?rest_route=\/wp\/v2\/media\/2921"}],"wp:attachment":[{"href":"https:\/\/www.agroeshop.hu\/index.php?rest_route=%2Fwp%2Fv2%2Fmedia&parent=2920"}],"wp:term":[{"taxonomy":"product_brand","embeddable":true,"href":"https:\/\/www.agroeshop.hu\/index.php?rest_route=%2Fwp%2Fv2%2Fproduct_brand&post=2920"},{"taxonomy":"product_cat","embeddable":true,"href":"https:\/\/www.agroeshop.hu\/index.php?rest_route=%2Fwp%2Fv2%2Fproduct_cat&post=2920"},{"taxonomy":"product_tag","embeddable":true,"href":"https:\/\/www.agroeshop.hu\/index.php?rest_route=%2Fwp%2Fv2%2Fproduct_tag&post=2920"}],"curies":[{"name":"wp","href":"https:\/\/api.w.org\/{rel}","templated":true}]}}