{"id":2892,"date":"2023-12-22T10:01:57","date_gmt":"2023-12-22T09:01:57","guid":{"rendered":"https:\/\/www.agroeshop.hu\/?post_type=product&#038;p=2892"},"modified":"2024-03-24T23:35:50","modified_gmt":"2024-03-24T22:35:50","slug":"aquapak-1l-pelyhesito","status":"publish","type":"product","link":"https:\/\/www.agroeshop.hu\/?product=aquapak-1l-pelyhesito","title":{"rendered":"Aquapak 1L pelyhes\u00edt\u0151"},"content":{"rendered":"<p>Alkalmaz\u00e1sa: Csal\u00e1di \u00fasz\u00f3medenc\u00e9k eset\u00e9ben a sz\u0171r\u0151hat\u00e1s fokoz\u00e1sa \u00e9rdek\u00e9ben 10 m3 v\u00edzhez 50 &#8211; 100 ml vegyszert m\u0171k\u00f6d\u0151 v\u00edzforgat\u00f3 mellett a szkimmerbe vagy a medence t\u00f6bb pontj\u00e1n a v\u00edzbe \u00f6nt\u00fcnk. Algak\u00e9pz\u0151d\u00e9s eset\u00e9n alkalmazzunk sokkol\u00f3 kl\u00f3roz\u00e1st. Erre a GYORSAKL\u00d3R-t haszn\u00e1ljuk a doboz\u00e1n l\u00e9v\u0151 utas\u00edt\u00e1s szerint. A pH-t MINUSZAPH vagy PLUSZAPH seg\u00edts\u00e9g\u00e9vel \u00e1ll\u00edtsuk be 7,2 &#8211; 7,6 k\u00f6z\u00e9. 1 &#8211; 2 \u00f3ra v\u00edzforgat\u00e1s ut\u00e1n a norm\u00e1l adag 2 &#8211; 3 szoros\u00e1t kell adagolni ALGA\u00d6L vagy DEZALGA alga\u00f6l\u0151 szerb\u0151l. Ha a v\u00edz nem tisztulna ki, k\u00e9t nap m\u00falva ism\u00e9telje meg a v\u00edzforgat\u00e1st, \u00fclep\u00edt\u00e9st. A le\u00fclepedett szennyez\u0151d\u00e9st \u00fcr\u00edt\u0151 \u00e1ll\u00e1sba kapcsolt porsz\u00edv\u00f3val elt\u00e1vol\u00edtjuk.<\/p>\n<p>Hat\u00f3anyag: Polialum\u00ednium-klorid 4,0 %<\/p>\n","protected":false},"excerpt":{"rendered":"<p>Alkalmaz\u00e1sa: Csal\u00e1di \u00fasz\u00f3medenc\u00e9k eset\u00e9ben a sz\u0171r\u0151hat\u00e1s fokoz\u00e1sa \u00e9rdek\u00e9ben 10 m3 v\u00edzhez 50 &#8211; 100 ml vegyszert m\u0171k\u00f6d\u0151 v\u00edzforgat\u00f3 mellett a szkimmerbe vagy a medence t\u00f6bb pontj\u00e1n a v\u00edzbe \u00f6nt\u00fcnk. Algak\u00e9pz\u0151d\u00e9s eset\u00e9n alkalmazzunk sokkol\u00f3 kl\u00f3roz\u00e1st. Erre a GYORSAKL\u00d3R-t haszn\u00e1ljuk a doboz\u00e1n l\u00e9v\u0151 utas\u00edt\u00e1s szerint. A pH-t MINUSZAPH vagy PLUSZAPH seg\u00edts\u00e9g\u00e9vel \u00e1ll\u00edtsuk be 7,2 &#8211; 7,6 k\u00f6z\u00e9.<\/p>\n<div class=\"more-link\">\n\t\t\t\t <a href=\"https:\/\/www.agroeshop.hu\/?product=aquapak-1l-pelyhesito\" class=\"btn theme-btn inverted\"><span>B\u0151vebben <\/span><\/a>\n\t\t\t<\/div>\n","protected":false},"featured_media":2893,"comment_status":"open","ping_status":"closed","template":"","meta":{"om_disable_all_campaigns":false,"_monsterinsights_skip_tracking":false,"_monsterinsights_sitenote_active":false,"_monsterinsights_sitenote_note":"","_monsterinsights_sitenote_category":0},"product_brand":[],"product_cat":[302],"product_tag":[],"class_list":{"0":"post-2892","1":"product","2":"type-product","3":"status-publish","4":"has-post-thumbnail","6":"product_cat-medence-vegyszer","8":"first","9":"instock","10":"taxable","11":"shipping-taxable","12":"purchasable","13":"product-type-simple"},"aioseo_notices":[],"blog_post_layout_featured_media_urls":{"thumbnail":["https:\/\/i0.wp.com\/www.agroeshop.hu\/wp-content\/uploads\/2023\/12\/386901.jpg?resize=150%2C150&ssl=1",150,150,true],"full":["https:\/\/i0.wp.com\/www.agroeshop.hu\/wp-content\/uploads\/2023\/12\/386901.jpg?fit=600%2C600&ssl=1",600,600,false]},"categories":null,"categories_names":null,"comments_number":"0","jetpack-related-posts":[],"jetpack_sharing_enabled":true,"_links":{"self":[{"href":"https:\/\/www.agroeshop.hu\/index.php?rest_route=\/wp\/v2\/product\/2892","targetHints":{"allow":["GET"]}}],"collection":[{"href":"https:\/\/www.agroeshop.hu\/index.php?rest_route=\/wp\/v2\/product"}],"about":[{"href":"https:\/\/www.agroeshop.hu\/index.php?rest_route=\/wp\/v2\/types\/product"}],"replies":[{"embeddable":true,"href":"https:\/\/www.agroeshop.hu\/index.php?rest_route=%2Fwp%2Fv2%2Fcomments&post=2892"}],"wp:featuredmedia":[{"embeddable":true,"href":"https:\/\/www.agroeshop.hu\/index.php?rest_route=\/wp\/v2\/media\/2893"}],"wp:attachment":[{"href":"https:\/\/www.agroeshop.hu\/index.php?rest_route=%2Fwp%2Fv2%2Fmedia&parent=2892"}],"wp:term":[{"taxonomy":"product_brand","embeddable":true,"href":"https:\/\/www.agroeshop.hu\/index.php?rest_route=%2Fwp%2Fv2%2Fproduct_brand&post=2892"},{"taxonomy":"product_cat","embeddable":true,"href":"https:\/\/www.agroeshop.hu\/index.php?rest_route=%2Fwp%2Fv2%2Fproduct_cat&post=2892"},{"taxonomy":"product_tag","embeddable":true,"href":"https:\/\/www.agroeshop.hu\/index.php?rest_route=%2Fwp%2Fv2%2Fproduct_tag&post=2892"}],"curies":[{"name":"wp","href":"https:\/\/api.w.org\/{rel}","templated":true}]}}