{"id":1913,"date":"2022-10-11T19:11:40","date_gmt":"2022-10-11T18:11:40","guid":{"rendered":"https:\/\/www.agroeshop.hu\/?post_type=product&#038;p=1913"},"modified":"2024-03-24T23:35:09","modified_gmt":"2024-03-24T22:35:09","slug":"fs8284019-napelem-50-w-toltesvezerlovel","status":"publish","type":"product","link":"https:\/\/www.agroeshop.hu\/?product=fs8284019-napelem-50-w-toltesvezerlovel","title":{"rendered":"FS8284019 Napelem 50 W, t\u00f6lt\u00e9svez\u00e9rl\u0151vel"},"content":{"rendered":"<p>A napelemes rendszer 12V-os akkumul\u00e1tor t\u00f6lt\u00e9s\u00e9re lett kialak\u00edtva.<\/p>\n<p>Kit\u0171n\u0151 megold\u00e1s olyan helyeken, ahol nincs lehet\u0151s\u00e9g a 230 V-os h\u00e1l\u00f3zati \u00e1ramell\u00e1t\u00e1shoz csatlakozni. A villanyp\u00e1sztor rendszerek t\u00e1pl\u00e1l\u00e1s\u00e1n k\u00edv\u00fcl m\u00e9g vil\u00e1g\u00edt\u00e1sra, vagy kis fogyaszt\u00e1s\u00fa, 12 V-os t\u00e1pfesz\u00fclts\u00e9g\u0171 k\u00e9sz\u00fcl\u00e9kek m\u0171k\u00f6dtet\u00e9s\u00e9re alkalmas.<\/p>\n<p>A rendszer m\u0171k\u00f6d\u00e9sbe helyez\u00e9s\u00e9hez tart\u00f3szerkezetet kell \u00e9p\u00edteni a napelemnek oly m\u00f3don, hogy 40-45\u00b0-ban d\u00e9l fel\u00e9 legyen ir\u00e1ny\u00edtva a panel fel\u00fclete.<\/p>\n<p>A begy\u0171jt\u00f6tt energia t\u00e1rol\u00e1s\u00e1ra egy 12 V-os, max. 100 Ah aut\u00f3akkumul\u00e1tor alkalmas. Az akkumul\u00e1tort a t\u00f6lt\u00e9svez\u00e9rl\u0151h\u00f6z kell k\u00f6tni, amely t\u00f6bb feladatot l\u00e1t el: v\u00e9di az akkumul\u00e1tort a t\u00falt\u00f6lt\u00e9s ellen illetve borus id\u0151ben is lehet\u00f6v\u00e9 teszi az akkumul\u00e1tor t\u00f6lt\u00e9s\u00e9t.<\/p>\n<p>Figyelem, a csomag nem tartalmazza az aut\u00f3akkumul\u00e1tort!<\/p>\n<p>Vigy\u00e1zat, a t\u00f6lt\u00e9svez\u00e9rl\u0151t nedvess\u00e9gt\u0151l, es\u0151t\u0151l v\u00e9dett helyen kell \u00fczembe helyezni!<\/p>\n<p>&nbsp;<\/p>\n<table>\n<tbody>\n<tr>\n<td>A NAPELEMES PANEL M\u0170SZAKI ADATAI<\/td>\n<td><\/td>\n<\/tr>\n<tr>\n<td>CELL\u00c1K T\u00cdPUSA<\/td>\n<td><strong>Monokrist\u00e1lyos<\/strong><\/td>\n<\/tr>\n<tr>\n<td>MAX. \u00c1RAMER\u0150SS\u00c9G<\/td>\n<td><strong>2,77 A<\/strong><\/td>\n<\/tr>\n<tr>\n<td>MAX. TELJES\u00cdTM\u00c9NY<\/td>\n<td><strong>50 W<\/strong><\/td>\n<\/tr>\n<tr>\n<td>M\u00c9RETEK<\/td>\n<td><strong>520 \u00d7 700 \u00d7 30 mm<\/strong><\/td>\n<\/tr>\n<tr>\n<td>ISC<\/td>\n<td><strong>2,99 A<\/strong><\/td>\n<\/tr>\n<tr>\n<td>VOC<\/td>\n<td><strong>22,1 V<\/strong><\/td>\n<\/tr>\n<tr>\n<td>VMP<\/td>\n<td><strong>18 V<\/strong><\/td>\n<\/tr>\n<tr>\n<td>K\u00c1BELEK HOSSZ\u00daS\u00c1GA<\/td>\n<td><\/td>\n<\/tr>\n<tr>\n<td>NAPELEM \u2014 T\u00d6LT\u00c9SVEZ\u00c9RL\u0150<\/td>\n<td><strong>5 m<\/strong><\/td>\n<\/tr>\n<tr>\n<td>T\u00d6LT\u00c9SVEZ\u00c9RL\u0150 \u2014 AKKUMUL\u00c1TOR<\/td>\n<td><strong>1 m<\/strong><\/td>\n<\/tr>\n<tr>\n<td>PWM 10 A T\u00d6LT\u00c9SVEZ\u00c9RL\u0150 M\u0170SZAKI ADATAI<\/td>\n<td><\/td>\n<\/tr>\n<tr>\n<td>N\u00c9VLEGES \u00c1RAMER\u0150SS\u00c9G<\/td>\n<td><strong>10 A<\/strong><\/td>\n<\/tr>\n<tr>\n<td>N\u00c9VLEGES FESZ\u00dcLTS\u00c9G<\/td>\n<td><strong>12\/24 V<\/strong><\/td>\n<\/tr>\n<tr>\n<td>MAXIM\u00c1LIS T\u00d6LT\u00c9SI FESZ\u00dcLTS\u00c9G<\/td>\n<td><strong>14 V \/ 28 V<\/strong><\/td>\n<\/tr>\n<tr>\n<td>S\u00daLY<\/td>\n<td><strong>0,25 kg<\/strong><\/td>\n<\/tr>\n<tr>\n<td>M\u00c9RETEK<\/td>\n<td><strong>14 \u00d7 9 \u00d7 3 cm<\/strong><\/td>\n<\/tr>\n<tr>\n<td>M\u0170K\u00d6D\u00c9SI H\u0150M\u00c9RS\u00c9KLET<\/td>\n<td><strong>\u201320&#8230;+60 C \u00b0<\/strong><\/td>\n<\/tr>\n<\/tbody>\n<\/table>\n","protected":false},"excerpt":{"rendered":"<p>A napelemes rendszer 12V-os akkumul\u00e1tor t\u00f6lt\u00e9s\u00e9re lett kialak\u00edtva. Kit\u0171n\u0151 megold\u00e1s olyan helyeken, ahol nincs lehet\u0151s\u00e9g a 230 V-os h\u00e1l\u00f3zati \u00e1ramell\u00e1t\u00e1shoz csatlakozni. A villanyp\u00e1sztor rendszerek t\u00e1pl\u00e1l\u00e1s\u00e1n k\u00edv\u00fcl m\u00e9g vil\u00e1g\u00edt\u00e1sra, vagy kis fogyaszt\u00e1s\u00fa, 12 V-os t\u00e1pfesz\u00fclts\u00e9g\u0171 k\u00e9sz\u00fcl\u00e9kek m\u0171k\u00f6dtet\u00e9s\u00e9re alkalmas. A rendszer m\u0171k\u00f6d\u00e9sbe helyez\u00e9s\u00e9hez tart\u00f3szerkezetet kell \u00e9p\u00edteni a napelemnek oly m\u00f3don, hogy 40-45\u00b0-ban d\u00e9l fel\u00e9 legyen ir\u00e1ny\u00edtva a<\/p>\n<div class=\"more-link\">\n\t\t\t\t <a href=\"https:\/\/www.agroeshop.hu\/?product=fs8284019-napelem-50-w-toltesvezerlovel\" class=\"btn theme-btn inverted\"><span>B\u0151vebben <\/span><\/a>\n\t\t\t<\/div>\n","protected":false},"featured_media":1912,"comment_status":"open","ping_status":"closed","template":"","meta":{"om_disable_all_campaigns":false,"_monsterinsights_skip_tracking":false,"_monsterinsights_sitenote_active":false,"_monsterinsights_sitenote_note":"","_monsterinsights_sitenote_category":0},"product_brand":[],"product_cat":[59],"product_tag":[],"class_list":{"0":"post-1913","1":"product","2":"type-product","3":"status-publish","4":"has-post-thumbnail","6":"product_cat-egyeb","8":"first","9":"instock","10":"taxable","11":"shipping-taxable","12":"purchasable","13":"product-type-simple"},"aioseo_notices":[],"blog_post_layout_featured_media_urls":{"thumbnail":["https:\/\/i0.wp.com\/www.agroeshop.hu\/wp-content\/uploads\/2022\/10\/fs8284017-farm-napelem-30-w-toltesvezerlovel.png?resize=150%2C150&ssl=1",150,150,true],"full":["https:\/\/i0.wp.com\/www.agroeshop.hu\/wp-content\/uploads\/2022\/10\/fs8284017-farm-napelem-30-w-toltesvezerlovel.png?fit=600%2C600&ssl=1",600,600,false]},"categories":null,"categories_names":null,"comments_number":"0","jetpack-related-posts":[],"jetpack_sharing_enabled":true,"_links":{"self":[{"href":"https:\/\/www.agroeshop.hu\/index.php?rest_route=\/wp\/v2\/product\/1913","targetHints":{"allow":["GET"]}}],"collection":[{"href":"https:\/\/www.agroeshop.hu\/index.php?rest_route=\/wp\/v2\/product"}],"about":[{"href":"https:\/\/www.agroeshop.hu\/index.php?rest_route=\/wp\/v2\/types\/product"}],"replies":[{"embeddable":true,"href":"https:\/\/www.agroeshop.hu\/index.php?rest_route=%2Fwp%2Fv2%2Fcomments&post=1913"}],"wp:featuredmedia":[{"embeddable":true,"href":"https:\/\/www.agroeshop.hu\/index.php?rest_route=\/wp\/v2\/media\/1912"}],"wp:attachment":[{"href":"https:\/\/www.agroeshop.hu\/index.php?rest_route=%2Fwp%2Fv2%2Fmedia&parent=1913"}],"wp:term":[{"taxonomy":"product_brand","embeddable":true,"href":"https:\/\/www.agroeshop.hu\/index.php?rest_route=%2Fwp%2Fv2%2Fproduct_brand&post=1913"},{"taxonomy":"product_cat","embeddable":true,"href":"https:\/\/www.agroeshop.hu\/index.php?rest_route=%2Fwp%2Fv2%2Fproduct_cat&post=1913"},{"taxonomy":"product_tag","embeddable":true,"href":"https:\/\/www.agroeshop.hu\/index.php?rest_route=%2Fwp%2Fv2%2Fproduct_tag&post=1913"}],"curies":[{"name":"wp","href":"https:\/\/api.w.org\/{rel}","templated":true}]}}