{"id":1641,"date":"2022-10-05T19:49:31","date_gmt":"2022-10-05T18:49:31","guid":{"rendered":"https:\/\/www.agroeshop.hu\/?post_type=product&#038;p=1641"},"modified":"2024-03-24T23:35:05","modified_gmt":"2024-03-24T22:35:05","slug":"folia-8501560-natur-1-ev-uv","status":"publish","type":"product","link":"https:\/\/www.agroeshop.hu\/?product=folia-8501560-natur-1-ev-uv","title":{"rendered":"F\u00f3lia f\u00e9nystabil s\u00e1torf\u00f3lia 8,5m sz\u00e9les"},"content":{"rendered":"","protected":false},"excerpt":{"rendered":"<p><strong>Az \u00e1r foly\u00f3m\u00e9terenk\u00e9nt \u00e9rtend\u0151!<\/strong><\/p>\n<p>Minden plusz m\u00e9ter rendel\u00e9se 8,5m2 f\u00f3li\u00e1t jelent, \u00edgy teh\u00e1t 1m = 8,5m2 , 2m = 17m2, stb.<\/p>\n<p>Nat\u00far sz\u00edn\u0171, kiv\u00e1l\u00f3 f\u00e9ny\u00e1tereszt\u00f5 k\u00e9pess\u00e9g\u0171, 1 \u00e9vre UV stabiliz\u00e1lt f\u00f3lia. S\u00e1torf\u00f3liak\u00e9nt \u00e1ltal\u00e1nos haszn\u00e1latra. (J\u00f3 v\u00e1zon 2-4 \u00e9v az \u00e9lettartalma.) Vastags\u00e1ga: 150 mikron. Eg\u00e9sz tekercs 60 m.<\/p>\n","protected":false},"featured_media":1640,"comment_status":"open","ping_status":"closed","template":"","meta":{"om_disable_all_campaigns":false,"_monsterinsights_skip_tracking":false,"_monsterinsights_sitenote_active":false,"_monsterinsights_sitenote_note":"","_monsterinsights_sitenote_category":0},"product_brand":[],"product_cat":[168],"product_tag":[],"class_list":{"0":"post-1641","1":"product","2":"type-product","3":"status-publish","4":"has-post-thumbnail","6":"product_cat-foliak","8":"first","9":"instock","10":"taxable","11":"shipping-taxable","12":"purchasable","13":"product-type-simple"},"aioseo_notices":[],"blog_post_layout_featured_media_urls":{"thumbnail":["https:\/\/i0.wp.com\/www.agroeshop.hu\/wp-content\/uploads\/2022\/10\/65.webp?resize=150%2C150&ssl=1",150,150,true],"full":["https:\/\/i0.wp.com\/www.agroeshop.hu\/wp-content\/uploads\/2022\/10\/65.webp?fit=1000%2C1000&ssl=1",1000,1000,false]},"categories":null,"categories_names":null,"comments_number":"0","jetpack-related-posts":[],"jetpack_sharing_enabled":true,"_links":{"self":[{"href":"https:\/\/www.agroeshop.hu\/index.php?rest_route=\/wp\/v2\/product\/1641","targetHints":{"allow":["GET"]}}],"collection":[{"href":"https:\/\/www.agroeshop.hu\/index.php?rest_route=\/wp\/v2\/product"}],"about":[{"href":"https:\/\/www.agroeshop.hu\/index.php?rest_route=\/wp\/v2\/types\/product"}],"replies":[{"embeddable":true,"href":"https:\/\/www.agroeshop.hu\/index.php?rest_route=%2Fwp%2Fv2%2Fcomments&post=1641"}],"wp:featuredmedia":[{"embeddable":true,"href":"https:\/\/www.agroeshop.hu\/index.php?rest_route=\/wp\/v2\/media\/1640"}],"wp:attachment":[{"href":"https:\/\/www.agroeshop.hu\/index.php?rest_route=%2Fwp%2Fv2%2Fmedia&parent=1641"}],"wp:term":[{"taxonomy":"product_brand","embeddable":true,"href":"https:\/\/www.agroeshop.hu\/index.php?rest_route=%2Fwp%2Fv2%2Fproduct_brand&post=1641"},{"taxonomy":"product_cat","embeddable":true,"href":"https:\/\/www.agroeshop.hu\/index.php?rest_route=%2Fwp%2Fv2%2Fproduct_cat&post=1641"},{"taxonomy":"product_tag","embeddable":true,"href":"https:\/\/www.agroeshop.hu\/index.php?rest_route=%2Fwp%2Fv2%2Fproduct_tag&post=1641"}],"curies":[{"name":"wp","href":"https:\/\/api.w.org\/{rel}","templated":true}]}}