{"id":1547,"date":"2022-10-03T13:43:27","date_gmt":"2022-10-03T12:43:27","guid":{"rendered":"https:\/\/www.agroeshop.hu\/?post_type=product&#038;p=1547"},"modified":"2024-03-24T23:34:54","modified_gmt":"2024-03-24T22:34:54","slug":"ultratech-futotest-ventilatoros-1000-2000w-2-fokozattal-termosztattal","status":"publish","type":"product","link":"https:\/\/www.agroeshop.hu\/?product=ultratech-futotest-ventilatoros-1000-2000w-2-fokozattal-termosztattal","title":{"rendered":"UltraTech f\u0171t\u0151test, ventil\u00e1toros, 1000\/2000W 2 fokozattal, termoszt\u00e1ttal"},"content":{"rendered":"<h2>Le\u00edr\u00e1s<\/h2>\n<p>UltraTech f\u0171t\u0151test, ventil\u00e1toros, 1000\/2000W 2 fokozattal, termoszt\u00e1ttal<\/p>\n<p>UltraTech f\u0171t\u0151test, ventil\u00e1toros, 1000\/2000W<br \/>\n2 fokozattal, termoszt\u00e1ttal, t\u00falhev\u00fcl\u00e9s elleni v\u00e9delemmel, automatikus kikapcsol\u00e1s felborul\u00e1s eset\u00e9n, feh\u00e9r<\/p>\n","protected":false},"excerpt":{"rendered":"<p>Le\u00edr\u00e1s UltraTech f\u0171t\u0151test, ventil\u00e1toros, 1000\/2000W 2 fokozattal, termoszt\u00e1ttal UltraTech f\u0171t\u0151test, ventil\u00e1toros, 1000\/2000W 2 fokozattal, termoszt\u00e1ttal, t\u00falhev\u00fcl\u00e9s elleni v\u00e9delemmel, automatikus kikapcsol\u00e1s felborul\u00e1s eset\u00e9n, feh\u00e9r<\/p>\n","protected":false},"featured_media":1548,"comment_status":"open","ping_status":"closed","template":"","meta":{"om_disable_all_campaigns":false,"_monsterinsights_skip_tracking":false,"_monsterinsights_sitenote_active":false,"_monsterinsights_sitenote_note":"","_monsterinsights_sitenote_category":0},"product_brand":[],"product_cat":[251],"product_tag":[],"class_list":{"0":"post-1547","1":"product","2":"type-product","3":"status-publish","4":"has-post-thumbnail","6":"product_cat-kalyhak","8":"first","9":"instock","10":"taxable","11":"shipping-taxable","12":"purchasable","13":"product-type-simple"},"aioseo_notices":[],"blog_post_layout_featured_media_urls":{"thumbnail":["https:\/\/i0.wp.com\/www.agroeshop.hu\/wp-content\/uploads\/2022\/10\/ultratech_h2000a_futotest_2000w.jpg?resize=150%2C150&ssl=1",150,150,true],"full":["https:\/\/i0.wp.com\/www.agroeshop.hu\/wp-content\/uploads\/2022\/10\/ultratech_h2000a_futotest_2000w.jpg?fit=1100%2C800&ssl=1",1100,800,false]},"categories":null,"categories_names":null,"comments_number":"0","jetpack-related-posts":[],"jetpack_sharing_enabled":true,"_links":{"self":[{"href":"https:\/\/www.agroeshop.hu\/index.php?rest_route=\/wp\/v2\/product\/1547","targetHints":{"allow":["GET"]}}],"collection":[{"href":"https:\/\/www.agroeshop.hu\/index.php?rest_route=\/wp\/v2\/product"}],"about":[{"href":"https:\/\/www.agroeshop.hu\/index.php?rest_route=\/wp\/v2\/types\/product"}],"replies":[{"embeddable":true,"href":"https:\/\/www.agroeshop.hu\/index.php?rest_route=%2Fwp%2Fv2%2Fcomments&post=1547"}],"wp:featuredmedia":[{"embeddable":true,"href":"https:\/\/www.agroeshop.hu\/index.php?rest_route=\/wp\/v2\/media\/1548"}],"wp:attachment":[{"href":"https:\/\/www.agroeshop.hu\/index.php?rest_route=%2Fwp%2Fv2%2Fmedia&parent=1547"}],"wp:term":[{"taxonomy":"product_brand","embeddable":true,"href":"https:\/\/www.agroeshop.hu\/index.php?rest_route=%2Fwp%2Fv2%2Fproduct_brand&post=1547"},{"taxonomy":"product_cat","embeddable":true,"href":"https:\/\/www.agroeshop.hu\/index.php?rest_route=%2Fwp%2Fv2%2Fproduct_cat&post=1547"},{"taxonomy":"product_tag","embeddable":true,"href":"https:\/\/www.agroeshop.hu\/index.php?rest_route=%2Fwp%2Fv2%2Fproduct_tag&post=1547"}],"curies":[{"name":"wp","href":"https:\/\/api.w.org\/{rel}","templated":true}]}}