{"id":1367,"date":"2022-09-30T19:37:31","date_gmt":"2022-09-30T18:37:31","guid":{"rendered":"https:\/\/www.agroeshop.hu\/?post_type=product&#038;p=1367"},"modified":"2024-03-24T23:34:38","modified_gmt":"2024-03-24T22:34:38","slug":"bros-hangyairto-szer-1kg-vizoldhato","status":"publish","type":"product","link":"https:\/\/www.agroeshop.hu\/?product=bros-hangyairto-szer-1kg-vizoldhato","title":{"rendered":"Bros hangyairt\u00f3 szer 1kg v\u00edzoldhat\u00f3"},"content":{"rendered":"","protected":false},"excerpt":{"rendered":"","protected":false},"featured_media":1368,"comment_status":"open","ping_status":"closed","template":"","meta":{"om_disable_all_campaigns":false,"_monsterinsights_skip_tracking":false,"_monsterinsights_sitenote_active":false,"_monsterinsights_sitenote_note":"","_monsterinsights_sitenote_category":0},"product_brand":[],"product_cat":[178],"product_tag":[],"class_list":{"0":"post-1367","1":"product","2":"type-product","3":"status-publish","4":"has-post-thumbnail","6":"product_cat-csotany-hangyairtok","8":"first","9":"instock","10":"taxable","11":"shipping-taxable","12":"purchasable","13":"product-type-simple"},"aioseo_notices":[],"blog_post_layout_featured_media_urls":{"thumbnail":["https:\/\/i0.wp.com\/www.agroeshop.hu\/wp-content\/uploads\/2022\/09\/Bros.jpg?resize=150%2C150&ssl=1",150,150,true],"full":["https:\/\/i0.wp.com\/www.agroeshop.hu\/wp-content\/uploads\/2022\/09\/Bros.jpg?fit=450%2C450&ssl=1",450,450,false]},"categories":null,"categories_names":null,"comments_number":"0","jetpack-related-posts":[],"jetpack_sharing_enabled":true,"_links":{"self":[{"href":"https:\/\/www.agroeshop.hu\/index.php?rest_route=\/wp\/v2\/product\/1367","targetHints":{"allow":["GET"]}}],"collection":[{"href":"https:\/\/www.agroeshop.hu\/index.php?rest_route=\/wp\/v2\/product"}],"about":[{"href":"https:\/\/www.agroeshop.hu\/index.php?rest_route=\/wp\/v2\/types\/product"}],"replies":[{"embeddable":true,"href":"https:\/\/www.agroeshop.hu\/index.php?rest_route=%2Fwp%2Fv2%2Fcomments&post=1367"}],"wp:featuredmedia":[{"embeddable":true,"href":"https:\/\/www.agroeshop.hu\/index.php?rest_route=\/wp\/v2\/media\/1368"}],"wp:attachment":[{"href":"https:\/\/www.agroeshop.hu\/index.php?rest_route=%2Fwp%2Fv2%2Fmedia&parent=1367"}],"wp:term":[{"taxonomy":"product_brand","embeddable":true,"href":"https:\/\/www.agroeshop.hu\/index.php?rest_route=%2Fwp%2Fv2%2Fproduct_brand&post=1367"},{"taxonomy":"product_cat","embeddable":true,"href":"https:\/\/www.agroeshop.hu\/index.php?rest_route=%2Fwp%2Fv2%2Fproduct_cat&post=1367"},{"taxonomy":"product_tag","embeddable":true,"href":"https:\/\/www.agroeshop.hu\/index.php?rest_route=%2Fwp%2Fv2%2Fproduct_tag&post=1367"}],"curies":[{"name":"wp","href":"https:\/\/api.w.org\/{rel}","templated":true}]}}