{"id":1165,"date":"2022-09-29T17:51:54","date_gmt":"2022-09-29T16:51:54","guid":{"rendered":"https:\/\/www.agroeshop.hu\/?post_type=product&#038;p=1165"},"modified":"2024-03-24T23:34:24","modified_gmt":"2024-03-24T22:34:24","slug":"hecht-001277-ch-akkumulator-tolto-akku-program-1278","status":"publish","type":"product","link":"https:\/\/www.agroeshop.hu\/?product=hecht-001277-ch-akkumulator-tolto-akku-program-1278","title":{"rendered":"HECHT 001277 CH &#8211; Akkumul\u00e1tor t\u00f6lt\u0151 akku program 1278"},"content":{"rendered":"<div id=\"prod-desc\" class=\"tab open bigger\" data-height=\"700\">\n<h2 class=\"text-center fs_26 mb_20\">Term\u00e9k le\u00edr\u00e1sa<\/h2>\n<p>Akkumul\u00e1tor t\u00f6lt\u0151 a 001277B \u00e9s 001278B akkumul\u00e1torokhoz, amely teljesen kompatibilis az \u00f6sszes ACCU 1278 program term\u00e9kkel.<\/p>\n<p>A j\u00f3 min\u0151s\u00e9g\u0171 Li-ion akkumul\u00e1tor az \u00faj term\u00e9k \u00e1r\u00e1nak jelent\u0151s r\u00e9sz\u00e9t teszi ki, \u00e9s \u00e9lettartama nagy r\u00e9sz\u00e9t kihaszn\u00e1latlanul t\u00f6lti, k\u00fcl\u00f6n\u00f6sen a bark\u00e1csm\u0171helyekben. Az ACCU-programnak k\u00f6sz\u00f6nhet\u0151en az akkumul\u00e1torokat teljes \u00e9lettartamuk alatt hat\u00e9konyan haszn\u00e1lhatja ak\u00e1r \u00f6t k\u00fcl\u00f6nb\u00f6z\u0151 eszk\u00f6z\u00f6n, an\u00e9lk\u00fcl, hogy t\u00f6bb p\u00e9nzt kellene \u00fajabb \u00e9s \u00fajabb akkumul\u00e1torokra k\u00f6ltenie. A HECHT 1277, HECHT 1278 \u00e9s HECHT 1289 akkumul\u00e1toros f\u00far\u00f3g\u00e9pek egy p\u00e1r kiv\u00e1l\u00f3 min\u0151s\u00e9g\u0171 20 V\/1,5 Ah Li-ion akkumul\u00e1torral vannak ell\u00e1tva, \u00e9s a f\u00far\u00f3szett r\u00e9szek\u00e9nt mell\u00e9kelt t\u00f6lt\u0151vel az akkumul\u00e1tor kb. 1 \u00f3ra alatt teljesen felt\u00f6lt\u0151dik. Ez a term\u00e9k az ACCU program r\u00e9sze, amely egyed\u00fcl\u00e1ll\u00f3 lehet\u0151s\u00e9get biztos\u00edt \u00d6nnek arra, hogy t\u00f6bb k\u00fcl\u00f6nb\u00f6z\u0151 t\u00edpus\u00fa szersz\u00e1mot m\u0171k\u00f6dtessen egy akkumul\u00e1torral, \u00e9s ez\u00e1ltal jelent\u0151s megtakar\u00edt\u00e1st \u00e9rjen el.<\/p>\n<p>Az ACCU program 1278 ikonnal jel\u00f6lt term\u00e9kek teljes m\u00e9rt\u00e9kben kompatibilisek a 001277B \u00e9s 001278B akkumul\u00e1torokkal.<\/p>\n<p>Hogyan kell \u00e1polni a Li-Ion akkumul\u00e1tort?<\/p>\n<p>Mi az ACCU 1278 program \u00e9s milyen el\u0151nyei vannak?<\/p>\n<p>Az akkumul\u00e1torral m\u0171k\u00f6d\u0151 g\u00e9pek sz\u00e1mos el\u0151nnyel j\u00e1rnak.\u00a0 Az elektromos motor csendes, \u00e9s nem termel er\u0151s szag\u00fa vagy m\u00e9rgez\u0151 f\u00fcst\u00f6t. A bels\u0151\u00e9g\u00e9s\u0171 motorokhoz k\u00e9pest nem kell bonyolultan beind\u00edtani a motort, nem kell rendszeres karbantart\u00e1st v\u00e9gezni, olajat \u00e9s l\u00e9gsz\u0171r\u0151t cser\u00e9lni. Egy elektromos motor megb\u00edzhat\u00f3bb, mint egy meglehet\u0151sen bonyolult bels\u0151\u00e9g\u00e9s\u0171 motor.\u00a0 A hagyom\u00e1nyos elektromos g\u00e9pek f\u0151 h\u00e1tr\u00e1nya azonban az, hogy sz\u00fcks\u00e9g van t\u00e1pk\u00e1belre. A k\u00e1bel korl\u00e1tozza a mozg\u00e1st, \u00e9s egy kis figyelmetlens\u00e9g s\u00e9r\u00fcl\u00e9st \u00e9s esetleges \u00e1ram\u00fct\u00e9st okozhat.<\/p>\n<p>Mindezek a h\u00e1tr\u00e1nyok \u00fagy old\u00f3dnak meg, hogy a g\u00e9pet egy k\u00f6nny\u0171 l\u00edtium akkumul\u00e1torral t\u00e1pl\u00e1ljuk.<\/p>\n<p>A modern l\u00edtium akkumul\u00e1torok k\u00f6nny\u0171ek, nagy mennyis\u00e9g\u0171 energi\u00e1t t\u00e1rolnak, \u00e9s megfelel\u0151 gondoskod\u00e1s mellett viszonylag hossz\u00fa \u00e9lettartam\u00faak. H\u00e1tr\u00e1nyuk a magasabb \u00e1r.\u00a0 Az ACCU program az\u00e1ltal k\u00fcsz\u00f6b\u00f6li ki ezt a h\u00e1tr\u00e1nyt, hogy lehet\u0151v\u00e9 teszi, hogy t\u00f6bb k\u00fcl\u00f6nb\u00f6z\u0151 term\u00e9k egyetlen akkumul\u00e1torr\u00f3l m\u0171k\u00f6dj\u00f6n.<\/p>\n<p>Ezenk\u00edv\u00fcl az ACCU 1278 program keret\u00e9ben mind a m\u0171helyszersz\u00e1mok, mind egyes kerti berendez\u00e9sek egyf\u00e9le akkumul\u00e1tort\u00edpussal m\u0171k\u00f6dtethet\u0151k. Ugyanaz az akkumul\u00e1tor, amely p\u00e9ld\u00e1ul egy f\u00far\u00f3g\u00e9pet m\u0171k\u00f6dtet, egy metsz\u0151f\u0171r\u00e9szt vagy egy s\u00f6v\u00e9nyv\u00e1g\u00f3t is m\u0171k\u00f6dtethet.<\/p>\n<p>Ha a HECHT 1277, HECHT 1278 vagy HECHT 1289 f\u00far\u00f3g\u00e9pek egyik\u00e9t v\u00e1s\u00e1rolja meg, akkor a f\u00far\u00f3g\u00e9p mell\u00e9 egy t\u00f6lt\u0151t \u00e9s k\u00e9t akkumul\u00e1tort kap, amelyek az ACCU 1278 programsorozat \u00f6sszes term\u00e9k\u00e9nek m\u0171k\u00f6dtet\u00e9s\u00e9re alkalmasak.<\/p>\n<p>Az ACCU programmal m\u00e1r a v\u00e1s\u00e1rl\u00e1skor t\u00f6bb ezer koron\u00e1t (forintot) takar\u00edthat meg. Az akkumul\u00e1tor t\u00f6lt\u00e9s\u00e9hez sz\u00fcks\u00e9ges \u00e1ram fogyaszt\u00e1sa alig \u00e9szrevehet\u0151 a m\u00e9r\u0151\u00f3r\u00e1n. Hasonl\u00edtsa ezt \u00f6ssze egy benzin\u00fczem\u0171 f\u0171ny\u00edr\u00f3 \u00fczemanyag\u00e1r\u00e1val, \u00e9s adja hozz\u00e1 a motorolaj vagy a l\u00e9gsz\u0171r\u0151 \u00e1r\u00e1t, amelyet szezononk\u00e9nt legal\u00e1bb egyszer cser\u00e9lni kell.<\/p>\n<p>Egy id\u0151 ut\u00e1n pedig, amikor az akkumul\u00e1tor korl\u00e1tozott \u00e9lettartama miatt kifullad, csak egy \u00fajat kell v\u00e1s\u00e1rolnia, \u00e9s ism\u00e9t megoldotta az \u00f6sszes g\u00e9p \u00e1ramell\u00e1t\u00e1s\u00e1nak probl\u00e9m\u00e1j\u00e1t.<\/p>\n<p>A m\u0171helyben vagy a gar\u00e1zsban egy t\u00f6lt\u0151 el\u00e9g egy t\u00edpus\u00fa akkumul\u00e1torhoz. A l\u00edtiumos akkumul\u00e1tort nem kell teljesen lemer\u00edtenie, minden haszn\u00e1lat ut\u00e1n \u00fajrat\u00f6ltheti, \u00edgy mindig k\u00e9szen \u00e1ll a m\u0171k\u00f6d\u00e9sre.<\/p>\n<p>Az ACCU 1278 program nemcsak az \u00d6n p\u00e9nz\u00e9t, hanem a term\u00e9szetet is k\u00edm\u00e9li.<\/p>\n<\/div>\n","protected":false},"excerpt":{"rendered":"<p>Term\u00e9k le\u00edr\u00e1sa Akkumul\u00e1tor t\u00f6lt\u0151 a 001277B \u00e9s 001278B akkumul\u00e1torokhoz, amely teljesen kompatibilis az \u00f6sszes ACCU 1278 program term\u00e9kkel. A j\u00f3 min\u0151s\u00e9g\u0171 Li-ion akkumul\u00e1tor az \u00faj term\u00e9k \u00e1r\u00e1nak jelent\u0151s r\u00e9sz\u00e9t teszi ki, \u00e9s \u00e9lettartama nagy r\u00e9sz\u00e9t kihaszn\u00e1latlanul t\u00f6lti, k\u00fcl\u00f6n\u00f6sen a bark\u00e1csm\u0171helyekben. Az ACCU-programnak k\u00f6sz\u00f6nhet\u0151en az akkumul\u00e1torokat teljes \u00e9lettartamuk alatt hat\u00e9konyan haszn\u00e1lhatja ak\u00e1r \u00f6t k\u00fcl\u00f6nb\u00f6z\u0151 eszk\u00f6z\u00f6n, an\u00e9lk\u00fcl,<\/p>\n<div class=\"more-link\">\n\t\t\t\t <a href=\"https:\/\/www.agroeshop.hu\/?product=hecht-001277-ch-akkumulator-tolto-akku-program-1278\" class=\"btn theme-btn inverted\"><span>B\u0151vebben <\/span><\/a>\n\t\t\t<\/div>\n","protected":false},"featured_media":1166,"comment_status":"open","ping_status":"closed","template":"","meta":{"om_disable_all_campaigns":false,"_monsterinsights_skip_tracking":false,"_monsterinsights_sitenote_active":false,"_monsterinsights_sitenote_note":"","_monsterinsights_sitenote_category":0},"product_brand":[],"product_cat":[190],"product_tag":[],"class_list":{"0":"post-1165","1":"product","2":"type-product","3":"status-publish","4":"has-post-thumbnail","6":"product_cat-barkacsolas-epitkezes","8":"first","9":"instock","10":"taxable","11":"shipping-taxable","12":"purchasable","13":"product-type-simple"},"aioseo_notices":[],"blog_post_layout_featured_media_urls":{"thumbnail":["https:\/\/i0.wp.com\/www.agroeshop.hu\/wp-content\/uploads\/2022\/09\/001277-CH.webp?resize=150%2C150&ssl=1",150,150,true],"full":["https:\/\/i0.wp.com\/www.agroeshop.hu\/wp-content\/uploads\/2022\/09\/001277-CH.webp?fit=590%2C590&ssl=1",590,590,false]},"categories":null,"categories_names":null,"comments_number":"0","jetpack-related-posts":[],"jetpack_sharing_enabled":true,"_links":{"self":[{"href":"https:\/\/www.agroeshop.hu\/index.php?rest_route=\/wp\/v2\/product\/1165","targetHints":{"allow":["GET"]}}],"collection":[{"href":"https:\/\/www.agroeshop.hu\/index.php?rest_route=\/wp\/v2\/product"}],"about":[{"href":"https:\/\/www.agroeshop.hu\/index.php?rest_route=\/wp\/v2\/types\/product"}],"replies":[{"embeddable":true,"href":"https:\/\/www.agroeshop.hu\/index.php?rest_route=%2Fwp%2Fv2%2Fcomments&post=1165"}],"wp:featuredmedia":[{"embeddable":true,"href":"https:\/\/www.agroeshop.hu\/index.php?rest_route=\/wp\/v2\/media\/1166"}],"wp:attachment":[{"href":"https:\/\/www.agroeshop.hu\/index.php?rest_route=%2Fwp%2Fv2%2Fmedia&parent=1165"}],"wp:term":[{"taxonomy":"product_brand","embeddable":true,"href":"https:\/\/www.agroeshop.hu\/index.php?rest_route=%2Fwp%2Fv2%2Fproduct_brand&post=1165"},{"taxonomy":"product_cat","embeddable":true,"href":"https:\/\/www.agroeshop.hu\/index.php?rest_route=%2Fwp%2Fv2%2Fproduct_cat&post=1165"},{"taxonomy":"product_tag","embeddable":true,"href":"https:\/\/www.agroeshop.hu\/index.php?rest_route=%2Fwp%2Fv2%2Fproduct_tag&post=1165"}],"curies":[{"name":"wp","href":"https:\/\/api.w.org\/{rel}","templated":true}]}}