{"id":1159,"date":"2022-09-29T17:32:06","date_gmt":"2022-09-29T16:32:06","guid":{"rendered":"https:\/\/www.agroeshop.hu\/?post_type=product&#038;p=1159"},"modified":"2024-03-24T23:34:23","modified_gmt":"2024-03-24T22:34:23","slug":"hecht-1277-akkumulatoros-csavarbehajto","status":"publish","type":"product","link":"https:\/\/www.agroeshop.hu\/?product=hecht-1277-akkumulatoros-csavarbehajto","title":{"rendered":"HECHT 1277 &#8211; Akkumul\u00e1toros csavarbehajt\u00f3"},"content":{"rendered":"<h2 class=\"text-center fs_26 mb_20\">Term\u00e9k le\u00edr\u00e1sa<\/h2>\n<p>Hecht 1277 akkumul\u00e1toros csavarbehajt\u00f3 fesz\u00fclts\u00e9ge: 20 V Akkumul\u00e1tor: 2db Li-ion, 2\u00a0Ah. Fordulatsz\u00e1m (terhel\u00e9s n\u00e9lk\u00fcl) ford. \/perc: 0-350\/0-1250 Max. forgat\u00f3nyomat\u00e9k: 25 Nm Nyomat\u00e9k be\u00e1ll\u00edt\u00e1s: 16 + 1 Befog\u00e1s \u00e1tm\u00e9r\u0151: 0,8-10 mm Gyorst\u00f6lt\u0151: 1 \u00f3ra. Ergonomikus, gum\u00edrozott markolata j\u00f3 fog\u00e1st biztos\u00edt Szab\u00e1lyozhat\u00f3 fordulatsz\u00e1m: 0-350 \/ 0 -1250 ford. \/perc A tokm\u00e1ny alatt egy LED l\u00e1mpa tal\u00e1lhat\u00f3, amely lehet\u0151v\u00e9 teszi a gyeng\u00e9n megvil\u00e1g\u00edtott ter\u00fcleteken val\u00f3 munk\u00e1t M\u0171anyag sz\u00e1ll\u00edt\u00f3kofferban k\u00fcldj\u00fck a benne l\u00e9v\u0151 tartoz\u00e9kokkal egy\u00fctt Tartoz\u00e9kok: gyorst\u00f6lt\u0151, 2 db akkumul\u00e1tor, 6 db bit fej, 6 db f\u00far\u00f3fej, m\u00e1gneses fejbefog\u00f3<\/p>\n<p>A term\u00e9k r\u00e9sze az ACCU 1278 programnak, melynek k\u00f6sz\u00f6nhet\u0151en 8 g\u00e9p m\u0171k\u00f6dtethet\u0151 egy akkumul\u00e1torral \u00e9s egy t\u00f6lt\u0151vel. Az ehhez a g\u00e9phez j\u00e1r\u00f3 akkumul\u00e1torok \u00e9s t\u00f6lt\u0151 kompatibilis minden ACCU 1278 programban szerepl\u0151 g\u00e9ppel.<\/p>\n<p>&nbsp;<\/p>\n<p><strong>2 akkumul\u00e1tor (2Ah) \u00e9s a t\u00f6lt\u0151 az \u00e1rban!<\/strong><\/p>\n","protected":false},"excerpt":{"rendered":"<h2 class=\"text-center fs_26 mb_20\">Param\u00e9terek<\/h2>\n<table class=\"detail-table\">\n<colgroup>\n<col width=\"50%\" \/>\n<col \/><\/colgroup>\n<tbody>\n<tr>\n<td>Akkumul\u00e1tor<\/td>\n<td>LI-ion, 2Ah Ah<\/td>\n<\/tr>\n<tr>\n<td>fordulatsz\u00e1m terhel\u00e9s n\u00e9lk\u00fcl<\/td>\n<td>0-350\/0-1250 ford.\/perc<\/td>\n<\/tr>\n<tr>\n<td>fesz\u00fclts\u00e9g<\/td>\n<td>20 V\/Hz<\/td>\n<\/tr>\n<tr>\n<td>max. forgat\u00f3nyomat\u00e9k<\/td>\n<td>25 Nm<\/td>\n<\/tr>\n<tr>\n<td>ACCUprogram 1278<\/td>\n<td>x<\/td>\n<\/tr>\n<\/tbody>\n<\/table>\n","protected":false},"featured_media":1160,"comment_status":"open","ping_status":"closed","template":"","meta":{"om_disable_all_campaigns":false,"_monsterinsights_skip_tracking":false,"_monsterinsights_sitenote_active":false,"_monsterinsights_sitenote_note":"","_monsterinsights_sitenote_category":0},"product_brand":[],"product_cat":[230],"product_tag":[],"class_list":{"0":"post-1159","1":"product","2":"type-product","3":"status-publish","4":"has-post-thumbnail","6":"product_cat-furo-csavarozok","8":"first","9":"instock","10":"taxable","11":"shipping-taxable","12":"purchasable","13":"product-type-simple"},"aioseo_notices":[],"blog_post_layout_featured_media_urls":{"thumbnail":["https:\/\/i0.wp.com\/www.agroeshop.hu\/wp-content\/uploads\/2022\/09\/1277.webp?resize=150%2C150&ssl=1",150,150,true],"full":["https:\/\/i0.wp.com\/www.agroeshop.hu\/wp-content\/uploads\/2022\/09\/1277.webp?fit=590%2C590&ssl=1",590,590,false]},"categories":null,"categories_names":null,"comments_number":"0","jetpack-related-posts":[],"jetpack_sharing_enabled":true,"_links":{"self":[{"href":"https:\/\/www.agroeshop.hu\/index.php?rest_route=\/wp\/v2\/product\/1159","targetHints":{"allow":["GET"]}}],"collection":[{"href":"https:\/\/www.agroeshop.hu\/index.php?rest_route=\/wp\/v2\/product"}],"about":[{"href":"https:\/\/www.agroeshop.hu\/index.php?rest_route=\/wp\/v2\/types\/product"}],"replies":[{"embeddable":true,"href":"https:\/\/www.agroeshop.hu\/index.php?rest_route=%2Fwp%2Fv2%2Fcomments&post=1159"}],"wp:featuredmedia":[{"embeddable":true,"href":"https:\/\/www.agroeshop.hu\/index.php?rest_route=\/wp\/v2\/media\/1160"}],"wp:attachment":[{"href":"https:\/\/www.agroeshop.hu\/index.php?rest_route=%2Fwp%2Fv2%2Fmedia&parent=1159"}],"wp:term":[{"taxonomy":"product_brand","embeddable":true,"href":"https:\/\/www.agroeshop.hu\/index.php?rest_route=%2Fwp%2Fv2%2Fproduct_brand&post=1159"},{"taxonomy":"product_cat","embeddable":true,"href":"https:\/\/www.agroeshop.hu\/index.php?rest_route=%2Fwp%2Fv2%2Fproduct_cat&post=1159"},{"taxonomy":"product_tag","embeddable":true,"href":"https:\/\/www.agroeshop.hu\/index.php?rest_route=%2Fwp%2Fv2%2Fproduct_tag&post=1159"}],"curies":[{"name":"wp","href":"https:\/\/api.w.org\/{rel}","templated":true}]}}