{"id":1145,"date":"2022-09-29T14:45:58","date_gmt":"2022-09-29T13:45:58","guid":{"rendered":"https:\/\/www.agroeshop.hu\/?post_type=product&#038;p=1145"},"modified":"2024-03-24T23:34:21","modified_gmt":"2024-03-24T22:34:21","slug":"hecht-1140-e-habarcskevero","status":"publish","type":"product","link":"https:\/\/www.agroeshop.hu\/?product=hecht-1140-e-habarcskevero","title":{"rendered":"HECHT 1140 &#8211; E.habarcskever\u0151"},"content":{"rendered":"<h2 class=\"text-center fs_26 mb_20\">Term\u00e9k le\u00edr\u00e1sa<\/h2>\n<p>Mag\u00e1ban foglalja a kever\u0151t (M14 foganyty\u00fa)<\/p>\n","protected":false},"excerpt":{"rendered":"<h2 class=\"text-center fs_26 mb_20\">Param\u00e9terek<\/h2>\n<table class=\"detail-table\">\n<colgroup>\n<col width=\"50%\" \/>\n<col \/><\/colgroup>\n<tbody>\n<tr>\n<td>t\u00f6meg<\/td>\n<td>7,25 kg<\/td>\n<\/tr>\n<tr>\n<td>teljes\u00edtm\u00e9ny (W)<\/td>\n<td>1800<\/td>\n<\/tr>\n<tr>\n<td>fordulatsz\u00e1m terhel\u00e9s n\u00e9lk\u00fcl<\/td>\n<td>0-440 \/ 0-780 ford.\/perc<\/td>\n<\/tr>\n<tr>\n<td>szersz\u00e1m \u00e1tm\u00e9r\u0151je<\/td>\n<td>140 mm<\/td>\n<\/tr>\n<tr>\n<td>szersz\u00e1m magass\u00e1ga<\/td>\n<td>590 mm<\/td>\n<\/tr>\n<tr>\n<td>bemeneti fesz\u00fclts\u00e9g<\/td>\n<td>230\/50 V\/Hz<\/td>\n<\/tr>\n<\/tbody>\n<\/table>\n","protected":false},"featured_media":1146,"comment_status":"open","ping_status":"closed","template":"","meta":{"om_disable_all_campaigns":false,"_monsterinsights_skip_tracking":false,"_monsterinsights_sitenote_active":false,"_monsterinsights_sitenote_note":"","_monsterinsights_sitenote_category":0},"product_brand":[],"product_cat":[239],"product_tag":[],"class_list":{"0":"post-1145","1":"product","2":"type-product","3":"status-publish","4":"has-post-thumbnail","6":"product_cat-habarcskevero","8":"first","9":"instock","10":"taxable","11":"shipping-taxable","12":"purchasable","13":"product-type-simple"},"aioseo_notices":[],"blog_post_layout_featured_media_urls":{"thumbnail":["https:\/\/i0.wp.com\/www.agroeshop.hu\/wp-content\/uploads\/2022\/09\/1140.webp?resize=150%2C150&ssl=1",150,150,true],"full":["https:\/\/i0.wp.com\/www.agroeshop.hu\/wp-content\/uploads\/2022\/09\/1140.webp?fit=590%2C590&ssl=1",590,590,false]},"categories":null,"categories_names":null,"comments_number":"0","jetpack-related-posts":[],"jetpack_sharing_enabled":true,"_links":{"self":[{"href":"https:\/\/www.agroeshop.hu\/index.php?rest_route=\/wp\/v2\/product\/1145","targetHints":{"allow":["GET"]}}],"collection":[{"href":"https:\/\/www.agroeshop.hu\/index.php?rest_route=\/wp\/v2\/product"}],"about":[{"href":"https:\/\/www.agroeshop.hu\/index.php?rest_route=\/wp\/v2\/types\/product"}],"replies":[{"embeddable":true,"href":"https:\/\/www.agroeshop.hu\/index.php?rest_route=%2Fwp%2Fv2%2Fcomments&post=1145"}],"wp:featuredmedia":[{"embeddable":true,"href":"https:\/\/www.agroeshop.hu\/index.php?rest_route=\/wp\/v2\/media\/1146"}],"wp:attachment":[{"href":"https:\/\/www.agroeshop.hu\/index.php?rest_route=%2Fwp%2Fv2%2Fmedia&parent=1145"}],"wp:term":[{"taxonomy":"product_brand","embeddable":true,"href":"https:\/\/www.agroeshop.hu\/index.php?rest_route=%2Fwp%2Fv2%2Fproduct_brand&post=1145"},{"taxonomy":"product_cat","embeddable":true,"href":"https:\/\/www.agroeshop.hu\/index.php?rest_route=%2Fwp%2Fv2%2Fproduct_cat&post=1145"},{"taxonomy":"product_tag","embeddable":true,"href":"https:\/\/www.agroeshop.hu\/index.php?rest_route=%2Fwp%2Fv2%2Fproduct_tag&post=1145"}],"curies":[{"name":"wp","href":"https:\/\/api.w.org\/{rel}","templated":true}]}}