{"id":1106,"date":"2022-09-29T12:58:31","date_gmt":"2022-09-29T11:58:31","guid":{"rendered":"https:\/\/www.agroeshop.hu\/?post_type=product&#038;p=1106"},"modified":"2024-03-24T23:34:20","modified_gmt":"2024-03-24T22:34:20","slug":"hecht-gg11000-hibrid-generator","status":"publish","type":"product","link":"https:\/\/www.agroeshop.hu\/?product=hecht-gg11000-hibrid-generator","title":{"rendered":"HECHT GG11000 &#8211; Hibrid gener\u00e1tor"},"content":{"rendered":"<h2 class=\"text-center fs_26 mb_20\">Term\u00e9k le\u00edr\u00e1sa<\/h2>\n<p>automatikus fesz\u00fclts\u00e9gszab\u00e1lyoz\u00e1s, e-start, 12V DC kapcsok, kerekek, \u00f6sszecsukhat\u00f3 foganty\u00fak, egy \/ h\u00e1romf\u00e1zis\u00fa hibrid rendszer<\/p>\n","protected":false},"excerpt":{"rendered":"<h2 class=\"text-center fs_26 mb_20\"><\/h2>\n<table class=\"detail-table\" style=\"height: 406px;\" width=\"473\">\n<colgroup>\n<col width=\"50%\" \/>\n<col \/><\/colgroup>\n<tbody>\n<tr>\n<td>\n<h2 class=\"text-center fs_26 mb_20\">Param\u00e9terek<\/h2>\n<table class=\"detail-table\">\n<colgroup>\n<col width=\"50%\" \/>\n<col \/><\/colgroup>\n<tbody>\n<tr>\n<td>t\u00e9rfogat<\/td>\n<td>459 cm3<\/td>\n<\/tr>\n<tr>\n<td>t\u00f6meg<\/td>\n<td>105 kg<\/td>\n<\/tr>\n<tr>\n<td>tart\u00e1ly t\u00e9rfogata<\/td>\n<td>25 l<\/td>\n<\/tr>\n<tr>\n<td>\u00e1lland\u00f3 teljes\u00edtm\u00e9ny<\/td>\n<td>8000 W<\/td>\n<\/tr>\n<tr>\n<td>bemeneti fesz\u00fclts\u00e9g<\/td>\n<td>~230V \/ 400V=12V V\/Hz<\/td>\n<\/tr>\n<tr>\n<td>aljzat<\/td>\n<td>1*12 V DC, 1*230 V \/16A, 1*230 V 32A, 1*400 V \/ 16A<\/td>\n<\/tr>\n<\/tbody>\n<\/table>\n<\/td>\n<td><\/td>\n<\/tr>\n<tr>\n<td><\/td>\n<td><\/td>\n<\/tr>\n<tr>\n<td><\/td>\n<td><\/td>\n<\/tr>\n<tr>\n<td><\/td>\n<td><\/td>\n<\/tr>\n<tr>\n<td><\/td>\n<td><\/td>\n<\/tr>\n<\/tbody>\n<\/table>\n","protected":false},"featured_media":1107,"comment_status":"open","ping_status":"closed","template":"","meta":{"om_disable_all_campaigns":false,"_monsterinsights_skip_tracking":false,"_monsterinsights_sitenote_active":false,"_monsterinsights_sitenote_note":"","_monsterinsights_sitenote_category":0},"product_brand":[],"product_cat":[261],"product_tag":[],"class_list":{"0":"post-1106","1":"product","2":"type-product","3":"status-publish","4":"has-post-thumbnail","6":"product_cat-aramfejlesztok","8":"first","9":"instock","10":"taxable","11":"shipping-taxable","12":"purchasable","13":"product-type-simple"},"aioseo_notices":[],"blog_post_layout_featured_media_urls":{"thumbnail":["https:\/\/i0.wp.com\/www.agroeshop.hu\/wp-content\/uploads\/2022\/09\/GG11000.webp?resize=150%2C150&ssl=1",150,150,true],"full":["https:\/\/i0.wp.com\/www.agroeshop.hu\/wp-content\/uploads\/2022\/09\/GG11000.webp?fit=590%2C590&ssl=1",590,590,false]},"categories":null,"categories_names":null,"comments_number":"0","jetpack-related-posts":[],"jetpack_sharing_enabled":true,"_links":{"self":[{"href":"https:\/\/www.agroeshop.hu\/index.php?rest_route=\/wp\/v2\/product\/1106","targetHints":{"allow":["GET"]}}],"collection":[{"href":"https:\/\/www.agroeshop.hu\/index.php?rest_route=\/wp\/v2\/product"}],"about":[{"href":"https:\/\/www.agroeshop.hu\/index.php?rest_route=\/wp\/v2\/types\/product"}],"replies":[{"embeddable":true,"href":"https:\/\/www.agroeshop.hu\/index.php?rest_route=%2Fwp%2Fv2%2Fcomments&post=1106"}],"wp:featuredmedia":[{"embeddable":true,"href":"https:\/\/www.agroeshop.hu\/index.php?rest_route=\/wp\/v2\/media\/1107"}],"wp:attachment":[{"href":"https:\/\/www.agroeshop.hu\/index.php?rest_route=%2Fwp%2Fv2%2Fmedia&parent=1106"}],"wp:term":[{"taxonomy":"product_brand","embeddable":true,"href":"https:\/\/www.agroeshop.hu\/index.php?rest_route=%2Fwp%2Fv2%2Fproduct_brand&post=1106"},{"taxonomy":"product_cat","embeddable":true,"href":"https:\/\/www.agroeshop.hu\/index.php?rest_route=%2Fwp%2Fv2%2Fproduct_cat&post=1106"},{"taxonomy":"product_tag","embeddable":true,"href":"https:\/\/www.agroeshop.hu\/index.php?rest_route=%2Fwp%2Fv2%2Fproduct_tag&post=1106"}],"curies":[{"name":"wp","href":"https:\/\/api.w.org\/{rel}","templated":true}]}}