{"id":1094,"date":"2022-09-28T14:43:38","date_gmt":"2022-09-28T13:43:38","guid":{"rendered":"https:\/\/www.agroeshop.hu\/?post_type=product&#038;p=1094"},"modified":"2024-03-24T23:34:19","modified_gmt":"2024-03-24T22:34:19","slug":"hecht-256-szorokocsi-kezi-60l","status":"publish","type":"product","link":"https:\/\/www.agroeshop.hu\/?product=hecht-256-szorokocsi-kezi-60l","title":{"rendered":"HECHT 256 &#8211; Sz\u00f3r\u00f3kocsi k\u00e9zi 60l"},"content":{"rendered":"<h2 class=\"text-center fs_26 mb_20\">Term\u00e9k le\u00edr\u00e1sa<\/h2>\n<p>Hecht 256 Sz\u00f3r\u00f3kocsi vontathat\u00f3 m\u0171tr\u00e1gya, vet\u0151mag \u00e9s \u00fatsz\u00f3r\u00f3 s\u00f3 sz\u00f3r\u00e1s\u00e1ra alkalmas sz\u00f3r\u00f3kocsi, ami nagy seg\u00edts\u00e9get ny\u00fajthat nagy ter\u00fcletek rendben tart\u00e1s\u00e1n\u00e1l, mint a kerti traktor kieg\u00e9sz\u00edt\u0151je. A kerekek forgat\u00f3nyomat\u00e9k\u00e1t hasznos\u00edtja a sz\u00f3r\u00f3rendszer meghajt\u00e1s\u00e1ra. Ez biztos\u00edtja az egyenletes sz\u00f3r\u00e1st \u2013 a kisz\u00f3rt anyag mennyis\u00e9ge egyenesen ar\u00e1nyos a megtett \u00fattal. A sz\u00f3r\u00e1s er\u0151\u0151s\u00e9g\u00e9nek szab\u00e1lyoz\u00e1sa a von\u00f3r\u00fadon tal\u00e1lhat\u00f3 kar seg\u00edts\u00e9g\u00e9vel t\u00f6rt\u00e9nik. \u00cdgy a kar, a kerti traktorok t\u00f6bbs\u00e9g\u00e9n\u00e9l, k\u00f6nnyen el\u00e9rhet\u0151 a vezet\u0151 \u00fcl\u00e9sb\u0151l, ami lehet\u0151v\u00e9 teszi a sz\u00f3r\u00e1s tetsz\u0151leges megszak\u00edt\u00e1s\u00e1t. A kar a sz\u00f3r\u00e1s er\u0151ss\u00e9g\u00e9nek be\u00e1ll\u00edt\u00e1s\u00e1ra is szolg\u00e1l. A tart\u00e1lyban 60 l vet\u0151mag, m\u0171tr\u00e1gya vagy \u00fatsz\u00f3r\u00f3 s\u00f3 f\u00e9r el, \u00e9s rost\u00e1val van ell\u00e1tva, hogy megakad\u00e1lyozza a sz\u00f3r\u00f3rendszer elt\u00f6m\u0151d\u00e9s\u00e9t. Tartoz\u00e9kk\u00e9nt takar\u00f3ponyv\u00e1t is adunk a sz\u00f3r\u00f3kocsihoz.<\/p>\n","protected":false},"excerpt":{"rendered":"<h2 class=\"text-center fs_26 mb_20\">Param\u00e9terek<\/h2>\n<table class=\"detail-table\">\n<colgroup>\n<col width=\"50%\" \/>\n<col \/><\/colgroup>\n<tbody>\n<tr>\n<td>t\u00e9rfogat<\/td>\n<td>60 cm3<\/td>\n<\/tr>\n<tr>\n<td>sz\u00f3r\u00f3 s\u00falya<\/td>\n<td>17,3 kg<\/td>\n<\/tr>\n<tr>\n<td>max. sz\u00f3r\u00e1s sz\u00e9less\u00e9g<\/td>\n<td>3,5 m<\/td>\n<\/tr>\n<\/tbody>\n<\/table>\n","protected":false},"featured_media":1095,"comment_status":"open","ping_status":"closed","template":"","meta":{"om_disable_all_campaigns":false,"_monsterinsights_skip_tracking":false,"_monsterinsights_sitenote_active":false,"_monsterinsights_sitenote_note":"","_monsterinsights_sitenote_category":0},"product_brand":[],"product_cat":[150],"product_tag":[],"class_list":{"0":"post-1094","1":"product","2":"type-product","3":"status-publish","4":"has-post-thumbnail","6":"product_cat-szorokocsik-kezi-szorok","8":"first","9":"instock","10":"taxable","11":"shipping-taxable","12":"purchasable","13":"product-type-simple"},"aioseo_notices":[],"blog_post_layout_featured_media_urls":{"thumbnail":["https:\/\/i0.wp.com\/www.agroeshop.hu\/wp-content\/uploads\/2022\/09\/256-Szorokocsi-kezi-60l.webp?resize=150%2C150&ssl=1",150,150,true],"full":["https:\/\/i0.wp.com\/www.agroeshop.hu\/wp-content\/uploads\/2022\/09\/256-Szorokocsi-kezi-60l.webp?fit=590%2C590&ssl=1",590,590,false]},"categories":null,"categories_names":null,"comments_number":"0","jetpack-related-posts":[],"jetpack_sharing_enabled":true,"_links":{"self":[{"href":"https:\/\/www.agroeshop.hu\/index.php?rest_route=\/wp\/v2\/product\/1094","targetHints":{"allow":["GET"]}}],"collection":[{"href":"https:\/\/www.agroeshop.hu\/index.php?rest_route=\/wp\/v2\/product"}],"about":[{"href":"https:\/\/www.agroeshop.hu\/index.php?rest_route=\/wp\/v2\/types\/product"}],"replies":[{"embeddable":true,"href":"https:\/\/www.agroeshop.hu\/index.php?rest_route=%2Fwp%2Fv2%2Fcomments&post=1094"}],"wp:featuredmedia":[{"embeddable":true,"href":"https:\/\/www.agroeshop.hu\/index.php?rest_route=\/wp\/v2\/media\/1095"}],"wp:attachment":[{"href":"https:\/\/www.agroeshop.hu\/index.php?rest_route=%2Fwp%2Fv2%2Fmedia&parent=1094"}],"wp:term":[{"taxonomy":"product_brand","embeddable":true,"href":"https:\/\/www.agroeshop.hu\/index.php?rest_route=%2Fwp%2Fv2%2Fproduct_brand&post=1094"},{"taxonomy":"product_cat","embeddable":true,"href":"https:\/\/www.agroeshop.hu\/index.php?rest_route=%2Fwp%2Fv2%2Fproduct_cat&post=1094"},{"taxonomy":"product_tag","embeddable":true,"href":"https:\/\/www.agroeshop.hu\/index.php?rest_route=%2Fwp%2Fv2%2Fproduct_tag&post=1094"}],"curies":[{"name":"wp","href":"https:\/\/api.w.org\/{rel}","templated":true}]}}