{"id":1029,"date":"2022-09-28T09:29:46","date_gmt":"2022-09-28T08:29:46","guid":{"rendered":"https:\/\/www.agroeshop.hu\/?post_type=product&#038;p=1029"},"modified":"2024-03-24T23:34:15","modified_gmt":"2024-03-24T22:34:15","slug":"hecht-343-benzinmotoros-szivattyu","status":"publish","type":"product","link":"https:\/\/www.agroeshop.hu\/?product=hecht-343-benzinmotoros-szivattyu","title":{"rendered":"HECHT 343 &#8211; Benzinmotoros szivatty\u00fa"},"content":{"rendered":"<h2 class=\"text-center fs_26 mb_20\">Term\u00e9k le\u00edr\u00e1sa<\/h2>\n<p>A Hecht\u00a0343\u00a0szivatty\u00fat k\u00e9t\u00fctem\u0171 benzines motor hajtja, \u00edgy haszn\u00e1lhat\u00f3 olyan helyeken is ahol villamosenergia nem \u00e1ll rendelkez\u00e9sre.<br \/>\n43cm3 -es l\u00f6kett\u00e9rfogat\u00e1nak k\u00f6sz\u00f6nhet\u0151en \u00f3r\u00e1nk\u00e9nt 15000 liter vizet pump\u00e1lhatunk ki vele, ak\u00e1r 8 m\u00e9ter m\u00e9lyr\u0151l. Tiszta v\u00edz \u00e9s szennyezett v\u00edz elt\u00e1vol\u00edt\u00e1s\u00e1ra egyar\u00e1nt haszn\u00e1lhat\u00f3. T\u00f6k\u00e9letes v\u00e1laszt\u00e1s tavak, medenc\u00e9k \u00e9s v\u00edzt\u00e1roz\u00f3k kiszivatty\u00faz\u00e1s\u00e1ra.\u00a0S\u00faly.9,5 kg. Sz\u00edv\u00f3 \u00e9s nyom\u00f3 csatlakoz\u00f3 \u00e1tm\u00e9r\u0151je 40 mm<\/p>\n","protected":false},"excerpt":{"rendered":"<h2 class=\"text-center fs_26 mb_20\">Param\u00e9terek<\/h2>\n<table class=\"detail-table\">\n<colgroup>\n<col width=\"50%\" \/>\n<col \/><\/colgroup>\n<tbody>\n<tr>\n<td>motor<\/td>\n<td>2-\u00fctem\u0171 motor<\/td>\n<\/tr>\n<tr>\n<td>motor t\u00e9rfogat<\/td>\n<td>43 cm3<\/td>\n<\/tr>\n<tr>\n<td>max. emel\u0151magass\u00e1g<\/td>\n<td>35 m<\/td>\n<\/tr>\n<tr>\n<td>max. \u00e1tfoly\u00e1s<\/td>\n<td>15 l\/\u00f3ra<\/td>\n<\/tr>\n<tr>\n<td>max. sz\u00edv\u00f3m\u00e9lys\u00e9g<\/td>\n<td>8 m<\/td>\n<\/tr>\n<tr>\n<td>sz\u00edv\u00f3 &#8211; \u00e9s nyom\u00f3csatlakoz\u00f3 \u00e1tm\u00e9r\u0151je<\/td>\n<td>40 mm<\/td>\n<\/tr>\n<\/tbody>\n<\/table>\n","protected":false},"featured_media":1030,"comment_status":"open","ping_status":"closed","template":"","meta":{"om_disable_all_campaigns":false,"_monsterinsights_skip_tracking":false,"_monsterinsights_sitenote_active":false,"_monsterinsights_sitenote_note":"","_monsterinsights_sitenote_category":0},"product_brand":[],"product_cat":[129],"product_tag":[],"class_list":{"0":"post-1029","1":"product","2":"type-product","3":"status-publish","4":"has-post-thumbnail","6":"product_cat-benzinmotoros-szivattyuk","8":"first","9":"instock","10":"taxable","11":"shipping-taxable","12":"purchasable","13":"product-type-simple"},"aioseo_notices":[],"blog_post_layout_featured_media_urls":{"thumbnail":["https:\/\/i0.wp.com\/www.agroeshop.hu\/wp-content\/uploads\/2022\/09\/343.webp?resize=150%2C150&ssl=1",150,150,true],"full":["https:\/\/i0.wp.com\/www.agroeshop.hu\/wp-content\/uploads\/2022\/09\/343.webp?fit=590%2C590&ssl=1",590,590,false]},"categories":null,"categories_names":null,"comments_number":"0","jetpack-related-posts":[],"jetpack_sharing_enabled":true,"_links":{"self":[{"href":"https:\/\/www.agroeshop.hu\/index.php?rest_route=\/wp\/v2\/product\/1029","targetHints":{"allow":["GET"]}}],"collection":[{"href":"https:\/\/www.agroeshop.hu\/index.php?rest_route=\/wp\/v2\/product"}],"about":[{"href":"https:\/\/www.agroeshop.hu\/index.php?rest_route=\/wp\/v2\/types\/product"}],"replies":[{"embeddable":true,"href":"https:\/\/www.agroeshop.hu\/index.php?rest_route=%2Fwp%2Fv2%2Fcomments&post=1029"}],"wp:featuredmedia":[{"embeddable":true,"href":"https:\/\/www.agroeshop.hu\/index.php?rest_route=\/wp\/v2\/media\/1030"}],"wp:attachment":[{"href":"https:\/\/www.agroeshop.hu\/index.php?rest_route=%2Fwp%2Fv2%2Fmedia&parent=1029"}],"wp:term":[{"taxonomy":"product_brand","embeddable":true,"href":"https:\/\/www.agroeshop.hu\/index.php?rest_route=%2Fwp%2Fv2%2Fproduct_brand&post=1029"},{"taxonomy":"product_cat","embeddable":true,"href":"https:\/\/www.agroeshop.hu\/index.php?rest_route=%2Fwp%2Fv2%2Fproduct_cat&post=1029"},{"taxonomy":"product_tag","embeddable":true,"href":"https:\/\/www.agroeshop.hu\/index.php?rest_route=%2Fwp%2Fv2%2Fproduct_tag&post=1029"}],"curies":[{"name":"wp","href":"https:\/\/api.w.org\/{rel}","templated":true}]}}