{"id":1024,"date":"2022-09-28T09:23:47","date_gmt":"2022-09-28T08:23:47","guid":{"rendered":"https:\/\/www.agroeshop.hu\/?post_type=product&#038;p=1024"},"modified":"2024-03-24T23:34:15","modified_gmt":"2024-03-24T22:34:15","slug":"hecht-344-uszo-szivattyu","status":"publish","type":"product","link":"https:\/\/www.agroeshop.hu\/?product=hecht-344-uszo-szivattyu","title":{"rendered":"HECHT 344 &#8211; \u00dasz\u00f3 szivatty\u00fa"},"content":{"rendered":"<h2 class=\"text-center fs_26 mb_20\">Term\u00e9k le\u00edr\u00e1sa<\/h2>\n<p>43 cm3, t\u00f6meg 9,5 Kg, max. emel\u0151magass\u00e1g 25m, max. \u00e1tfoly\u00e1s 25.000 l\/\u00f3ra<\/p>\n","protected":false},"excerpt":{"rendered":"<h2 class=\"text-center fs_26 mb_20\">Param\u00e9terek<\/h2>\n<table class=\"detail-table\">\n<colgroup>\n<col width=\"50%\" \/>\n<col \/><\/colgroup>\n<tbody>\n<tr>\n<td>motor<\/td>\n<td>HECHT 2 \u00fctem\u0171<\/td>\n<\/tr>\n<tr>\n<td>t\u00e9rfogat<\/td>\n<td>43 cm3<\/td>\n<\/tr>\n<tr>\n<td>t\u00f6meg<\/td>\n<td>9,5 kg<\/td>\n<\/tr>\n<tr>\n<td>max. emel\u0151magass\u00e1g<\/td>\n<td>25 m<\/td>\n<\/tr>\n<tr>\n<td>max. \u00e1tfoly\u00e1s<\/td>\n<td>12 000 l\/\u00f3ra<\/td>\n<\/tr>\n<\/tbody>\n<\/table>\n","protected":false},"featured_media":1025,"comment_status":"open","ping_status":"closed","template":"","meta":{"om_disable_all_campaigns":false,"_monsterinsights_skip_tracking":false,"_monsterinsights_sitenote_active":false,"_monsterinsights_sitenote_note":"","_monsterinsights_sitenote_category":0},"product_brand":[],"product_cat":[129],"product_tag":[],"class_list":{"0":"post-1024","1":"product","2":"type-product","3":"status-publish","4":"has-post-thumbnail","6":"product_cat-benzinmotoros-szivattyuk","8":"first","9":"instock","10":"taxable","11":"shipping-taxable","12":"purchasable","13":"product-type-simple"},"aioseo_notices":[],"blog_post_layout_featured_media_urls":{"thumbnail":["https:\/\/i0.wp.com\/www.agroeshop.hu\/wp-content\/uploads\/2022\/09\/344.webp?resize=150%2C150&ssl=1",150,150,true],"full":["https:\/\/i0.wp.com\/www.agroeshop.hu\/wp-content\/uploads\/2022\/09\/344.webp?fit=590%2C590&ssl=1",590,590,false]},"categories":null,"categories_names":null,"comments_number":"0","jetpack-related-posts":[],"jetpack_sharing_enabled":true,"_links":{"self":[{"href":"https:\/\/www.agroeshop.hu\/index.php?rest_route=\/wp\/v2\/product\/1024","targetHints":{"allow":["GET"]}}],"collection":[{"href":"https:\/\/www.agroeshop.hu\/index.php?rest_route=\/wp\/v2\/product"}],"about":[{"href":"https:\/\/www.agroeshop.hu\/index.php?rest_route=\/wp\/v2\/types\/product"}],"replies":[{"embeddable":true,"href":"https:\/\/www.agroeshop.hu\/index.php?rest_route=%2Fwp%2Fv2%2Fcomments&post=1024"}],"wp:featuredmedia":[{"embeddable":true,"href":"https:\/\/www.agroeshop.hu\/index.php?rest_route=\/wp\/v2\/media\/1025"}],"wp:attachment":[{"href":"https:\/\/www.agroeshop.hu\/index.php?rest_route=%2Fwp%2Fv2%2Fmedia&parent=1024"}],"wp:term":[{"taxonomy":"product_brand","embeddable":true,"href":"https:\/\/www.agroeshop.hu\/index.php?rest_route=%2Fwp%2Fv2%2Fproduct_brand&post=1024"},{"taxonomy":"product_cat","embeddable":true,"href":"https:\/\/www.agroeshop.hu\/index.php?rest_route=%2Fwp%2Fv2%2Fproduct_cat&post=1024"},{"taxonomy":"product_tag","embeddable":true,"href":"https:\/\/www.agroeshop.hu\/index.php?rest_route=%2Fwp%2Fv2%2Fproduct_tag&post=1024"}],"curies":[{"name":"wp","href":"https:\/\/api.w.org\/{rel}","templated":true}]}}