{"id":1012,"date":"2022-09-27T19:10:39","date_gmt":"2022-09-27T18:10:39","guid":{"rendered":"https:\/\/www.agroeshop.hu\/?post_type=product&#038;p=1012"},"modified":"2024-03-24T23:34:13","modified_gmt":"2024-03-24T22:34:13","slug":"hecht-901-ronktarto-allvany","status":"publish","type":"product","link":"https:\/\/www.agroeshop.hu\/?product=hecht-901-ronktarto-allvany","title":{"rendered":"HECHT 901 &#8211; R\u00f6nktart\u00f3 \u00e1llv\u00e1ny"},"content":{"rendered":"<h2 class=\"text-center fs_26 mb_20\">Term\u00e9k le\u00edr\u00e1sa<\/h2>\n<p>\u00d6nz\u00e1r\u00f3 r\u00f6nktart\u00f3 \u00e1llv\u00e1ny &#8211; a fa m\u00e9retre v\u00e1g\u00e1s\u00e1hoz. Ennek az \u00e1llv\u00e1nynak a seg\u00edts\u00e9g\u00e9vel egy ember is, seg\u00edts\u00e9g n\u00e9lk\u00fcl tud 24 mm-t\u0151l 230 mm \u00e1tm\u00e9r\u0151j\u0171 f\u00e1t v\u00e1gni. Az egyszer\u0171 \u00e9s hat\u00e9kony rendszer a fa saj\u00e1t s\u00faly\u00e1t haszn\u00e1lja ki a megtart\u00e1s\u00e1hoz. Terhelhet\u0151s\u00e9ge 100 kg. Haszn\u00e1lhat\u00f3 motoros \u00e9s k\u00e9zi f\u0171r\u00e9sszel egyar\u00e1nt.<\/p>\n","protected":false},"excerpt":{"rendered":"<h2 class=\"text-center fs_26 mb_20\">Param\u00e9terek<\/h2>\n<table class=\"detail-table\">\n<colgroup>\n<col width=\"50%\" \/>\n<col \/><\/colgroup>\n<tbody>\n<tr>\n<td>t\u00f6meg<\/td>\n<td>12 kg<\/td>\n<\/tr>\n<tr>\n<td>r\u00f6nk \u00e1tm\u00e9r\u0151<\/td>\n<td>25-230 mm<\/td>\n<\/tr>\n<\/tbody>\n<\/table>\n","protected":false},"featured_media":1013,"comment_status":"open","ping_status":"closed","template":"","meta":{"om_disable_all_campaigns":false,"_monsterinsights_skip_tracking":false,"_monsterinsights_sitenote_active":false,"_monsterinsights_sitenote_note":"","_monsterinsights_sitenote_category":0},"product_brand":[],"product_cat":[117],"product_tag":[],"class_list":{"0":"post-1012","1":"product","2":"type-product","3":"status-publish","4":"has-post-thumbnail","6":"product_cat-ronktartok-fureszbakok","8":"first","9":"instock","10":"taxable","11":"shipping-taxable","12":"purchasable","13":"product-type-simple"},"aioseo_notices":[],"blog_post_layout_featured_media_urls":{"thumbnail":["https:\/\/i0.wp.com\/www.agroeshop.hu\/wp-content\/uploads\/2022\/09\/901.webp?resize=150%2C150&ssl=1",150,150,true],"full":["https:\/\/i0.wp.com\/www.agroeshop.hu\/wp-content\/uploads\/2022\/09\/901.webp?fit=590%2C590&ssl=1",590,590,false]},"categories":null,"categories_names":null,"comments_number":"0","jetpack-related-posts":[],"jetpack_sharing_enabled":true,"_links":{"self":[{"href":"https:\/\/www.agroeshop.hu\/index.php?rest_route=\/wp\/v2\/product\/1012","targetHints":{"allow":["GET"]}}],"collection":[{"href":"https:\/\/www.agroeshop.hu\/index.php?rest_route=\/wp\/v2\/product"}],"about":[{"href":"https:\/\/www.agroeshop.hu\/index.php?rest_route=\/wp\/v2\/types\/product"}],"replies":[{"embeddable":true,"href":"https:\/\/www.agroeshop.hu\/index.php?rest_route=%2Fwp%2Fv2%2Fcomments&post=1012"}],"wp:featuredmedia":[{"embeddable":true,"href":"https:\/\/www.agroeshop.hu\/index.php?rest_route=\/wp\/v2\/media\/1013"}],"wp:attachment":[{"href":"https:\/\/www.agroeshop.hu\/index.php?rest_route=%2Fwp%2Fv2%2Fmedia&parent=1012"}],"wp:term":[{"taxonomy":"product_brand","embeddable":true,"href":"https:\/\/www.agroeshop.hu\/index.php?rest_route=%2Fwp%2Fv2%2Fproduct_brand&post=1012"},{"taxonomy":"product_cat","embeddable":true,"href":"https:\/\/www.agroeshop.hu\/index.php?rest_route=%2Fwp%2Fv2%2Fproduct_cat&post=1012"},{"taxonomy":"product_tag","embeddable":true,"href":"https:\/\/www.agroeshop.hu\/index.php?rest_route=%2Fwp%2Fv2%2Fproduct_tag&post=1012"}],"curies":[{"name":"wp","href":"https:\/\/api.w.org\/{rel}","templated":true}]}}