{"id":1757,"date":"2022-10-10T14:17:40","date_gmt":"2022-10-10T13:17:40","guid":{"rendered":"https:\/\/www.agroeshop.hu\/?page_id=1757"},"modified":"2026-03-16T20:29:34","modified_gmt":"2026-03-16T19:29:34","slug":"fizetes-es-szallitas","status":"publish","type":"page","link":"https:\/\/www.agroeshop.hu\/?page_id=1757","title":{"rendered":"Fizet\u00e9si \u00e9s sz\u00e1ll\u00edt\u00e1si m\u00f3dok"},"content":{"rendered":"\n<p><a href=\"https:\/\/www.agroeshop.hu\/uzlet\/\" title=\"Agro E-shop web\u00e1ruh\u00e1z\">Agroeshop.hu web\u00e1ruh\u00e1z<\/a>unkban a k\u00f6vetkez\u0151 fizet\u00e9si \u00e9s sz\u00e1ll\u00edt\u00e1si m\u00f3dok k\u00f6z\u00fcl v\u00e1laszthat megrendel\u00e9se sor\u00e1n<\/p>\n\n\n\n<h2 class=\"wp-block-heading\">Fizet\u00e9si m\u00f3dok<\/h2>\n\n\n\n<h3 class=\"wp-block-heading\">a)&nbsp;El\u0151re utal\u00e1ssal<\/h3>\n\n\n\n<p>Az el\u0151re utal\u00e1sos fizet\u00e9si m\u00f3d menete:<\/p>\n\n\n\n<p>A megrendel\u00e9s t\u00e9nyleges feldolgoz\u00e1sa ut\u00e1n e-mailt k\u00fcld\u00fcnk az utal\u00e1shoz sz\u00fcks\u00e9ges adatokkal (banksz\u00e1mlasz\u00e1m, k\u00f6zlem\u00e9ny hivatkoz\u00e1s). A csomag \u00e1tad\u00e1sa logisztikai partner\u00fcnknek \u00e1ltal\u00e1ban a fizet\u00e9st k\u00f6vet\u0151 munkanapon t\u00f6rt\u00e9nik meg.<\/p>\n\n\n\n<p>50000 Ft \u00f6sszeg\u0171 rendel\u00e9s felett a kisz\u00e1ll\u00edt\u00e1s d\u00edjtalan, maximum 20 kg-ig \u00e9s 100 cm hossz\u00fas\u00e1g.&nbsp;Az akci\u00f3ban r\u00e9sztvev\u0151 term\u00e9kekre nem vonatkozik!<\/p>\n\n\n\n<p>K\u00e9rj\u00fck, hogy az utal\u00e1s el\u0151tt v\u00e1rja meg az err\u0151l sz\u00f3l\u00f3 \u00e9rtes\u00edt\u0151 level\u00fcnket, addig semmik\u00e9pp ne utaljon!<\/p>\n\n\n\n<h3 class=\"wp-block-heading\">b) Ut\u00e1nv\u00e9t, k\u00e9szp\u00e9nz<\/h3>\n\n\n\n<p>A megrendel\u00e9s\u00e9nek \u00f6sszeg\u00e9t k\u00f6zvetlen\u00fcl a kisz\u00e1ll\u00edt\u00e1st v\u00e9gz\u0151 fut\u00e1rn\u00e1l rendezheti k\u00e9szp\u00e9nzben annak \u00e1tv\u00e9telekor.<\/p>\n\n\n\n<p>50000 Ft \u00f6sszeg\u0171 rendel\u00e9s felett a kisz\u00e1ll\u00edt\u00e1s d\u00edjtalan,maximum 20 kg-ig \u00e9s 100cm hossz\u00fas\u00e1g. (az akci\u00f3ban r\u00e9sztvev\u0151 term\u00e9kekre nem vonatkozik!), azonban az ut\u00e1nv\u00e9ttel t\u00f6rt\u00e9n\u0151 megrendel\u00e9s eset\u00e9n minden esetben 490 Ft d\u00edjat sz\u00e1m\u00edtunk fel.<\/p>\n\n\n\n<p>Amennyiben a megrendel\u00e9se sor\u00e1n a szem\u00e9lyes \u00e1tv\u00e9telt v\u00e1lasztotta boltunkban:<\/p>\n\n\n\n<p>Az \u00fczletben k\u00e9szp\u00e9nzzel vagy k\u00e1rty\u00e1val is van lehet\u0151s\u00e9ge fizetni.<\/p>\n\n\n\n<p>Term\u00e9szetesen a szem\u00e9lyes \u00e1tv\u00e9tel minden esetben ingyenes, azt egy\u00e9b k\u00f6lts\u00e9g nem terheli.<\/p>\n\n\n\n<h2 class=\"wp-block-heading\">\u00c1rusz\u00e1ll\u00edt\u00e1s<\/h2>\n\n\n\n<h3 class=\"wp-block-heading\">a) Fut\u00e1rszolg\u00e1lattal t\u00f6rt\u00e9n\u0151 sz\u00e1ll\u00edt\u00e1s<\/h3>\n\n\n\n<p>A web\u00e1ruh\u00e1zunkban megrendelt term\u00e9keket a felad\u00e1st k\u00f6vet\u0151en az MPL (Magyar Posta Logiszika) sz\u00e1ll\u00edtja (kiv\u00e9tel el\u0151fordulhat) a megrendel\u00e9s sor\u00e1n megadott (magyarorsz\u00e1gi) c\u00edmre.<\/p>\n\n\n\n<p>A kisz\u00e1ll\u00edt\u00e1s 50000 Ft \u00f6sszeg\u0171 rendel\u00e9s felett d\u00edjtalan,maximum 20 kg-ig \u00e9s 100 cm hossz\u00fas\u00e1g . (az akci\u00f3ban r\u00e9sztvev\u0151 term\u00e9kekre nem vonatkozik), azonban az ut\u00e1nv\u00e9ttel t\u00f6rt\u00e9n\u0151 megrendel\u00e9s sor\u00e1n &nbsp;minden esetben 490 Ft d\u00edjat sz\u00e1m\u00edtunk fel.<\/p>\n\n\n\n<p>50000 Ft alatti v\u00e1s\u00e1rl\u00e1s eset\u00e9ben :<\/p>\n\n\n\n<p>Kisz\u00e1ll\u00edt\u00e1s &#8211; Bankk\u00e1rty\u00e1s fizet\u00e9s\u00a0 2490 Ft*<br>Kisz\u00e1ll\u00edt\u00e1s &#8211; El\u0151re utal\u00e1s\u00a0\u00a0\u00a0\u00a0\u00a0\u00a0\u00a0\u00a0\u00a0\u00a0\u00a0 2490 Ft*<br>Kisz\u00e1ll\u00edt\u00e1s \u2013 Ut\u00e1nv\u00e9t\u00a0\u00a0\u00a0\u00a0\u00a02980 Ft<\/p>\n\n\n\n<p>Kisz\u00e1ll\u00edt\u00e1s &#8211; PostaPont, Csomagautomata ,maximum 20 kg-ig \u00e9s 50 cm hossz\u00fas\u00e1g. 990 Ft<\/p>\n\n\n\n<p>-Post\u00e1n marad\u00f3 maximum 20 kg \u00e9s 100cm hossz\u00fas\u00e1g.                                             990Ft<\/p>\n\n\n\n<p>-Post\u00e1n marad\u00f3 maximum 20 kg \u00e9s  101cm-200cm hossz\u00fas\u00e1g.                               1980Ft  <\/p>\n\n\n\n<p>*Sz\u00e1ll\u00edt\u00e1si k\u00f6lts\u00e9gek \u00f6sszege a csomag m\u00e9rete \u00e9s s\u00faly\u00e1t\u00f3l is f\u00fcgg!<\/p>\n\n\n\n<p>20-40 kg&nbsp;&nbsp;&nbsp;&nbsp;&nbsp;&nbsp;&nbsp;&nbsp; 5980 Ft<\/p>\n\n\n\n<p>Nagyobb t\u00f6meg\u0171 \u00e1r\u00fa eset\u00e9n egyedi sz\u00e1ll\u00edt\u00e1si aj\u00e1nlatot adunk.<\/p>\n\n\n\n<p>A csomagokat \u00e1ltal\u00e1ban a megrendel\u00e9st k\u00f6vet\u0151 24 \u00f3r\u00e1n bel\u00fcl \u2013 kiz\u00e1r\u00f3lag h\u00e9tk\u00f6znapokon &#8211; \u00e1tadjuk logisztikai partner\u00fcnknek, a felad\u00e1sr\u00f3l \u00fajabb e-mailben t\u00e1j\u00e9koztatjuk.<\/p>\n\n\n\n<p>K\u00fcldem\u00e9nye(i) fel\u0151l \u2013 sz\u00fcks\u00e9g eset\u00e9n &#8211; az al\u00e1bbi el\u00e9rhet\u0151s\u00e9geken \u00e9rdekl\u0151dhet:<\/p>\n\n\n\n<p>Telefonon: <a href=\"tel:+3617678282\" title=\"\">+361-767-8282<\/a> \/ 2. men\u00fcpont (H\u00e9tf\u0151t\u0151l szerd\u00e1ig \u00e9s p\u00e9nteken 08:00-17:00, Cs\u00fct\u00f6rt\u00f6k\u00f6n 08:00-20:00 \u00f3r\u00e1ig)<\/p>\n\n\n\n<p>E-mailben:&nbsp;<a href=\"mailto:ugyfelszolgalat@posta.hu\">ugyfelszolgalat@posta.hu<\/a><\/p>\n\n\n\n<p>A k\u00fcldem\u00e9ny a felad\u00e1s ut\u00e1n nyomon k\u00f6vethet\u0151 a&nbsp;<a href=\"http:\/\/posta.hu\/ugyfelszolgalat\/nyomkovetes\">http:\/\/posta.hu\/ugyfelszolgalat\/nyomkovetes<\/a>&nbsp;oldalon<br>a k\u00fcldem\u00e9nyazonos\u00edt\u00f3(k)ra kattintva.<\/p>\n\n\n\n<p>a k\u00fcldem\u00e9nyazonos\u00edt\u00f3(k)ra kattintva.<\/p>\n\n\n\n<h3 class=\"wp-block-heading\">b)&nbsp;Cserecsomag kezel\u00e9s<\/h3>\n\n\n\n<p>Web\u00e1ruh\u00e1zunkban rendelt term\u00e9keket cserecsomag keretein bel\u00fcl ki tudjuk \u00d6nnek cser\u00e9lni (helytelen m\u00e9retv\u00e1laszt\u00e1s, m\u00e1sik sz\u00edn stb.). Szeretn\u00e9 ig\u00e9nybe venni a lehet\u0151s\u00e9get, els\u0151 l\u00e9p\u00e9sben minden esetben vegye fel a kapcsolatot vel\u00fcnk a info@agroeshop.hu email c\u00edmen.<\/p>\n\n\n\n<p>Cserecsomagot minden esetben postak\u00f6lts\u00e9g terheli.&nbsp;<\/p>\n\n\n\n<ul class=\"wp-block-list\">\n<li>alap csomag csere d\u00edja: 3500-5000 Ft-ig.<\/li>\n\n\n\n<li>kiemelt csomag csere d\u00edja: 25.000 Ft. (raklapos nagy terjedelm\u0171 term\u00e9kek vagy 40 Kg-ot meghalad\u00f3 term\u00e9kek)<\/li>\n<\/ul>\n\n\n\n<h4 class=\"wp-block-heading\">Ingyenes sz\u00e1ll\u00edt\u00e1si k\u00f6lts\u00e9g<\/h4>\n\n\n\n<h3 class=\"wp-block-heading\">a)&nbsp;Fut\u00e1rszolg\u00e1lat<\/h3>\n\n\n\n<p>50000 Ft \u00f6sszeg\u0171 rendel\u00e9s felett a kisz\u00e1ll\u00edt\u00e1s d\u00edjtalan maximum 20kg-ig \u00e9s 100cm hossz\u00fas\u00e1g.. (az akci\u00f3ban r\u00e9sztvev\u0151 term\u00e9kekre nem vonatkozik), azonban az ut\u00e1nv\u00e9ttel t\u00f6rt\u00e9n\u0151 megrendel\u00e9s eset\u00e9ben 490 Ft d\u00edjat sz\u00e1m\u00edtunk fel.<\/p>\n\n\n\n<h3 class=\"wp-block-heading\">b) Agro E-shop sz\u00e1ll\u00edt\u00e1s<\/h3>\n\n\n\n<p>Olyan \u00e1ruk eset\u00e9ben, amelyek meghaladj\u00e1k a fut\u00e1rszolg\u00e1lat lehet\u0151s\u00e9geit (p\u00e9ld\u00e1ul annak m\u00e9rete, s\u00e9r\u00fcl\u00e9kenys\u00e9ge miatt), vagy olyan \u00e1ruk eset\u00e9ben, amelyek extra figyelmet ig\u00e9nyelnek (p\u00e9ld\u00e1ul be\u00fczemelt term\u00e9kek) azokat c\u00e9g\u00fcnk sz\u00e1ll\u00edtja ki a megrendel\u00e9s sor\u00e1n megadott (magyarorsz\u00e1gi) c\u00edmre.<\/p>\n\n\n\n<p>A kisz\u00e1ll\u00edt\u00e1s el\u0151tt, annak pontos id\u0151pontj\u00e1nak egyeztet\u00e9se \u00fcgy\u00e9ben telefonon keress\u00fck fel.<\/p>\n\n\n\n<h3 class=\"wp-block-heading\">c) Szem\u00e9lyes \u00e1tv\u00e9tel<\/h3>\n\n\n\n<p>Szem\u00e9lyes \u00e1tv\u00e9tel az \u00d6n \u00e1ltal a megrendel\u00e9s sor\u00e1n megjel\u00f6lt m\u00e1rkaboltunkban t\u00f6rt\u00e9nik. Szem\u00e9lyes \u00e1tv\u00e9telre sz\u00e1nt term\u00e9keket a web\u00e1ruh\u00e1zunkban rendelheti meg, majd egyszer\u0171en kiv\u00e1laszthatja a szem\u00e9lyes \u00e1tv\u00e9tel lehet\u0151s\u00e9g\u00e9t.<\/p>\n\n\n\n<p><\/p>\n","protected":false},"excerpt":{"rendered":"<p>Agroeshop.hu web\u00e1ruh\u00e1zunkban a k\u00f6vetkez\u0151 fizet\u00e9si \u00e9s sz\u00e1ll\u00edt\u00e1si m\u00f3dok k\u00f6z\u00fcl v\u00e1laszthat megrendel\u00e9se sor\u00e1n Fizet\u00e9si m\u00f3dok a)&nbsp;El\u0151re utal\u00e1ssal Az el\u0151re utal\u00e1sos fizet\u00e9si m\u00f3d menete: A megrendel\u00e9s t\u00e9nyleges feldolgoz\u00e1sa ut\u00e1n e-mailt k\u00fcld\u00fcnk az utal\u00e1shoz sz\u00fcks\u00e9ges adatokkal (banksz\u00e1mlasz\u00e1m, k\u00f6zlem\u00e9ny hivatkoz\u00e1s). A csomag \u00e1tad\u00e1sa logisztikai partner\u00fcnknek \u00e1ltal\u00e1ban a fizet\u00e9st k\u00f6vet\u0151 munkanapon t\u00f6rt\u00e9nik meg. 50000 Ft \u00f6sszeg\u0171 rendel\u00e9s felett a kisz\u00e1ll\u00edt\u00e1s<\/p>\n<div class=\"more-link\">\n\t\t\t\t <a href=\"https:\/\/www.agroeshop.hu\/?page_id=1757\" class=\"btn theme-btn inverted\"><span>B\u0151vebben <\/span><\/a>\n\t\t\t<\/div>\n","protected":false},"author":1,"featured_media":0,"parent":0,"menu_order":0,"comment_status":"closed","ping_status":"closed","template":"","meta":{"om_disable_all_campaigns":false,"_monsterinsights_skip_tracking":false,"_monsterinsights_sitenote_active":false,"_monsterinsights_sitenote_note":"","_monsterinsights_sitenote_category":0,"footnotes":""},"class_list":["post-1757","page","type-page","status-publish","hentry"],"aioseo_notices":[],"blog_post_layout_featured_media_urls":{"thumbnail":"","full":""},"categories_names":null,"comments_number":"0","jetpack-related-posts":[],"jetpack_sharing_enabled":true,"_links":{"self":[{"href":"https:\/\/www.agroeshop.hu\/index.php?rest_route=\/wp\/v2\/pages\/1757","targetHints":{"allow":["GET"]}}],"collection":[{"href":"https:\/\/www.agroeshop.hu\/index.php?rest_route=\/wp\/v2\/pages"}],"about":[{"href":"https:\/\/www.agroeshop.hu\/index.php?rest_route=\/wp\/v2\/types\/page"}],"author":[{"embeddable":true,"href":"https:\/\/www.agroeshop.hu\/index.php?rest_route=\/wp\/v2\/users\/1"}],"replies":[{"embeddable":true,"href":"https:\/\/www.agroeshop.hu\/index.php?rest_route=%2Fwp%2Fv2%2Fcomments&post=1757"}],"version-history":[{"count":13,"href":"https:\/\/www.agroeshop.hu\/index.php?rest_route=\/wp\/v2\/pages\/1757\/revisions"}],"predecessor-version":[{"id":4139,"href":"https:\/\/www.agroeshop.hu\/index.php?rest_route=\/wp\/v2\/pages\/1757\/revisions\/4139"}],"wp:attachment":[{"href":"https:\/\/www.agroeshop.hu\/index.php?rest_route=%2Fwp%2Fv2%2Fmedia&parent=1757"}],"curies":[{"name":"wp","href":"https:\/\/api.w.org\/{rel}","templated":true}]}}