{"id":1743,"date":"2022-10-10T13:56:27","date_gmt":"2022-10-10T12:56:27","guid":{"rendered":"https:\/\/www.agroeshop.hu\/?page_id=1743"},"modified":"2022-10-10T14:06:14","modified_gmt":"2022-10-10T13:06:14","slug":"a-vasarlas-menete","status":"publish","type":"page","link":"https:\/\/www.agroeshop.hu\/?page_id=1743","title":{"rendered":"A v\u00e1s\u00e1rl\u00e1s menete"},"content":{"rendered":"\t\t<div data-elementor-type=\"wp-page\" data-elementor-id=\"1743\" class=\"elementor elementor-1743\">\n\t\t\t\t\t\t<section class=\"elementor-section elementor-top-section elementor-element elementor-element-c665626 elementor-section-boxed elementor-section-height-default elementor-section-height-default\" data-id=\"c665626\" data-element_type=\"section\" data-e-type=\"section\">\n\t\t\t\t\t\t<div class=\"elementor-container elementor-column-gap-default\">\n\t\t\t\t\t<div class=\"elementor-column elementor-col-100 elementor-top-column elementor-element elementor-element-34f6994\" data-id=\"34f6994\" data-element_type=\"column\" data-e-type=\"column\">\n\t\t\t<div class=\"elementor-widget-wrap elementor-element-populated\">\n\t\t\t\t\t\t<div class=\"elementor-element elementor-element-c8e3608 elementor-widget elementor-widget-heading\" data-id=\"c8e3608\" data-element_type=\"widget\" data-e-type=\"widget\" data-widget_type=\"heading.default\">\n\t\t\t\t<div class=\"elementor-widget-container\">\n\t\t\t\t\t<h3 class=\"elementor-heading-title elementor-size-default\">Hogyan v\u00e1s\u00e1roljak<\/h3>\t\t\t\t<\/div>\n\t\t\t\t<\/div>\n\t\t\t\t\t<\/div>\n\t\t<\/div>\n\t\t\t\t\t<\/div>\n\t\t<\/section>\n\t\t\t\t<section class=\"elementor-section elementor-top-section elementor-element elementor-element-1d039c9 elementor-section-boxed elementor-section-height-default elementor-section-height-default\" data-id=\"1d039c9\" data-element_type=\"section\" data-e-type=\"section\">\n\t\t\t\t\t\t<div class=\"elementor-container elementor-column-gap-default\">\n\t\t\t\t\t<div class=\"elementor-column elementor-col-100 elementor-top-column elementor-element elementor-element-006a3da\" data-id=\"006a3da\" data-element_type=\"column\" data-e-type=\"column\">\n\t\t\t<div class=\"elementor-widget-wrap elementor-element-populated\">\n\t\t\t\t\t\t<div class=\"elementor-element elementor-element-45347946 elementor-position-inline-start elementor-view-default elementor-mobile-position-block-start elementor-widget elementor-widget-icon-box\" data-id=\"45347946\" data-element_type=\"widget\" data-e-type=\"widget\" data-widget_type=\"icon-box.default\">\n\t\t\t\t<div class=\"elementor-widget-container\">\n\t\t\t\t\t\t\t<div class=\"elementor-icon-box-wrapper\">\n\n\t\t\t\t\t\t<div class=\"elementor-icon-box-icon\">\n\t\t\t\t<span  class=\"elementor-icon elementor-animation-grow\">\n\t\t\t\t<i aria-hidden=\"true\" class=\"fas fa-thumbs-up\"><\/i>\t\t\t\t<\/span>\n\t\t\t<\/div>\n\t\t\t\n\t\t\t\t\t\t<div class=\"elementor-icon-box-content\">\n\n\t\t\t\t\t\t\t\t\t<h3 class=\"elementor-icon-box-title\">\n\t\t\t\t\t\t<span  >\n\t\t\t\t\t\t\tMi\u00e9rt v\u00e1s\u00e1roljon t\u0151l\u00fcnk\t\t\t\t\t\t<\/span>\n\t\t\t\t\t<\/h3>\n\t\t\t\t\n\t\t\t\t\n\t\t\t<\/div>\n\t\t\t\n\t\t<\/div>\n\t\t\t\t\t\t<\/div>\n\t\t\t\t<\/div>\n\t\t\t\t<div class=\"elementor-element elementor-element-652585de elementor-align-start elementor-icon-list--layout-traditional elementor-list-item-link-full_width elementor-widget elementor-widget-icon-list\" data-id=\"652585de\" data-element_type=\"widget\" data-e-type=\"widget\" data-widget_type=\"icon-list.default\">\n\t\t\t\t<div class=\"elementor-widget-container\">\n\t\t\t\t\t\t\t<ul class=\"elementor-icon-list-items\">\n\t\t\t\t\t\t\t<li class=\"elementor-icon-list-item\">\n\t\t\t\t\t\t\t\t\t\t\t<span class=\"elementor-icon-list-icon\">\n\t\t\t\t\t\t\t<i aria-hidden=\"true\" class=\"fas fa-check\"><\/i>\t\t\t\t\t\t<\/span>\n\t\t\t\t\t\t\t\t\t\t<span class=\"elementor-icon-list-text\">A legt\u00f6bb \u00e1ru azonnal, rakt\u00e1rr\u00f3l.<\/span>\n\t\t\t\t\t\t\t\t\t<\/li>\n\t\t\t\t\t\t\t\t<li class=\"elementor-icon-list-item\">\n\t\t\t\t\t\t\t\t\t\t\t<span class=\"elementor-icon-list-icon\">\n\t\t\t\t\t\t\t<i aria-hidden=\"true\" class=\"fas fa-check\"><\/i>\t\t\t\t\t\t<\/span>\n\t\t\t\t\t\t\t\t\t\t<span class=\"elementor-icon-list-text\">Azonnal reag\u00e1lunk a megrendel\u00e9sekre.<\/span>\n\t\t\t\t\t\t\t\t\t<\/li>\n\t\t\t\t\t\t\t\t<li class=\"elementor-icon-list-item\">\n\t\t\t\t\t\t\t\t\t\t\t<span class=\"elementor-icon-list-icon\">\n\t\t\t\t\t\t\t<i aria-hidden=\"true\" class=\"fas fa-check\"><\/i>\t\t\t\t\t\t<\/span>\n\t\t\t\t\t\t\t\t\t\t<span class=\"elementor-icon-list-text\"> Garanci\u00e1lis \u00e9s garancia ut\u00e1ni szolg\u00e1ltat\u00e1sokat ny\u00fajtunk.<\/span>\n\t\t\t\t\t\t\t\t\t<\/li>\n\t\t\t\t\t\t<\/ul>\n\t\t\t\t\t\t<\/div>\n\t\t\t\t<\/div>\n\t\t\t\t\t<\/div>\n\t\t<\/div>\n\t\t\t\t\t<\/div>\n\t\t<\/section>\n\t\t\t\t<section class=\"elementor-section elementor-top-section elementor-element elementor-element-5d524fe6 elementor-section-content-middle elementor-section-boxed elementor-section-height-default elementor-section-height-default\" data-id=\"5d524fe6\" data-element_type=\"section\" data-e-type=\"section\">\n\t\t\t\t\t\t<div class=\"elementor-container elementor-column-gap-no\">\n\t\t\t\t\t<div class=\"elementor-column elementor-col-100 elementor-top-column elementor-element elementor-element-10901726\" data-id=\"10901726\" data-element_type=\"column\" data-e-type=\"column\">\n\t\t\t<div class=\"elementor-widget-wrap elementor-element-populated\">\n\t\t\t\t\t\t<div class=\"elementor-element elementor-element-274fe2cd elementor-widget elementor-widget-heading\" data-id=\"274fe2cd\" data-element_type=\"widget\" data-e-type=\"widget\" data-widget_type=\"heading.default\">\n\t\t\t\t<div class=\"elementor-widget-container\">\n\t\t\t\t\t<h4 class=\"elementor-heading-title elementor-size-default\">GYIK<\/h4>\t\t\t\t<\/div>\n\t\t\t\t<\/div>\n\t\t\t\t<div class=\"elementor-element elementor-element-2c431996 elementor-widget elementor-widget-heading\" data-id=\"2c431996\" data-element_type=\"widget\" data-e-type=\"widget\" data-widget_type=\"heading.default\">\n\t\t\t\t<div class=\"elementor-widget-container\">\n\t\t\t\t\t<h5 class=\"elementor-heading-title elementor-size-default\">N\u00e9h\u00e1ny gyakori k\u00e9rd\u00e9s \u00e9s v\u00e1lasz<\/h5>\t\t\t\t<\/div>\n\t\t\t\t<\/div>\n\t\t\t\t<div class=\"elementor-element elementor-element-2c0cc69f elementor-widget elementor-widget-toggle\" data-id=\"2c0cc69f\" data-element_type=\"widget\" data-e-type=\"widget\" data-widget_type=\"toggle.default\">\n\t\t\t\t<div class=\"elementor-widget-container\">\n\t\t\t\t\t\t\t<div class=\"elementor-toggle\">\n\t\t\t\t\t\t\t<div class=\"elementor-toggle-item\">\n\t\t\t\t\t<div id=\"elementor-tab-title-7391\" class=\"elementor-tab-title\" data-tab=\"1\" role=\"button\" aria-controls=\"elementor-tab-content-7391\" aria-expanded=\"false\">\n\t\t\t\t\t\t\t\t\t\t\t\t<span class=\"elementor-toggle-icon elementor-toggle-icon-right\" aria-hidden=\"true\">\n\t\t\t\t\t\t\t\t\t\t\t\t\t\t\t<span class=\"elementor-toggle-icon-closed\"><i class=\"fas fa-caret-right\"><\/i><\/span>\n\t\t\t\t\t\t\t\t<span class=\"elementor-toggle-icon-opened\"><i class=\"elementor-toggle-icon-opened fas fa-caret-up\"><\/i><\/span>\n\t\t\t\t\t\t\t\t\t\t\t\t\t<\/span>\n\t\t\t\t\t\t\t\t\t\t\t\t<a class=\"elementor-toggle-title\" tabindex=\"0\">Hogyan v\u00e1s\u00e1rolhatok?<\/a>\n\t\t\t\t\t<\/div>\n\n\t\t\t\t\t<div id=\"elementor-tab-content-7391\" class=\"elementor-tab-content elementor-clearfix\" data-tab=\"1\" role=\"region\" aria-labelledby=\"elementor-tab-title-7391\"><p>Online \u00fczlet\u00fcnkben regisztr\u00e1ci\u00f3val (aj\u00e1nlott) \u00e9s regisztr\u00e1ci\u00f3 n\u00e9lk\u00fcl is v\u00e1s\u00e1rolhat. Amennyiben regisztr\u00e1lt webshopunkba, \u00fagy a megrendel\u00e9s\u00e9t nyomon tudja k\u00f6vetni illetve szem\u00e9lyes adatait is tudja szerkeszteni.<\/p><p><strong>Hogyan v\u00e1laszthatok term\u00e9ket?<\/strong><br \/>Az \u00e1rukat a katal\u00f3gus b\u00f6ng\u00e9sz\u00e9s\u00e9vel v\u00e1laszthatja ki (v\u00e1lassza ki a k\u00edv\u00e1nt kateg\u00f3ri\u00e1t a bal oldali oszlopban).<\/p><p><strong>Hogyan tudom a kiv\u00e1lasztott term\u00e9ket kos\u00e1rba helyezni?<\/strong><br \/>Egyszer\u0171en csak helyezze a kosar\u00e1ba a &#8222;kos\u00e1rba helyez\u00e9s&#8221; gombbal.<\/p><p><strong>A v\u00e1s\u00e1rl\u00e1s menete<\/strong><br \/>A jobb fels\u0151 sarokban tal\u00e1lhat\u00f3 kos\u00e1r gombbal nyomon k\u00f6vetheti rendel\u00e9se \u00e1llapot\u00e1t. A sz\u00e1ll\u00edt\u00e1si d\u00edjat a rendszer a megrendel\u00e9s v\u00e9gleges\u00edt\u00e9s\u00e9n\u00e9l sz\u00e1molja ki.<\/p><p><strong>Hogyan m\u00f3dos\u00edthatom a megrendel\u00e9sem?<\/strong><br \/>K\u00f6nnyed\u00e9n \u00e9s gyorsan szerkesztheti megrendel\u00e9s\u00e9t a bev\u00e1s\u00e1rl\u00f3kos\u00e1rban. Megv\u00e1ltoztathatja az egyes term\u00e9kek mennyis\u00e9g\u00e9t, vagy kereszttel teljesen elt\u00e1vol\u00edthatja azt.<\/p><p><strong>A megrendel\u00e9s v\u00e9gleges\u00edt\u00e9se<\/strong><br \/>Ha \u00fagy d\u00f6nt\u00f6tt, hogy befejezi a v\u00e1s\u00e1rl\u00e1st, folytassa a sz\u00e1ll\u00edt\u00e1si \u00e9s fizet\u00e9si m\u00f3d kiv\u00e1laszt\u00e1s\u00e1val, majd kattintson a RENDEL\u00c9S. Fontos kit\u00f6lteni a k\u00f6telez\u0151 mez\u0151ket. Ha meg akarja v\u00e1s\u00e1rolni az \u00e1rut a c\u00e9g nev\u00e9re, kattintson a &#8222;V\u00e1s\u00e1rolok a c\u00e9gnek&#8221; gombra, \u00e9s adjon meg tov\u00e1bbi sz\u00fcks\u00e9ges adatokat. A sz\u00e1ml\u00e1z\u00e1si adatok \u00e9s az \u00f6sszes t\u00f6bbi k\u00f6telez\u0151 t\u00e9tel kit\u00f6lt\u00e9se ut\u00e1n r\u00e1kattinthat a RENDEL\u00c9S V\u00c9GLEGES\u00cdT\u00c9SE gombra.<\/p><\/div>\n\t\t\t\t<\/div>\n\t\t\t\t\t\t\t\t<\/div>\n\t\t\t\t\t\t<\/div>\n\t\t\t\t<\/div>\n\t\t\t\t<div class=\"elementor-element elementor-element-510fc32d elementor-widget elementor-widget-toggle\" data-id=\"510fc32d\" data-element_type=\"widget\" data-e-type=\"widget\" data-widget_type=\"toggle.default\">\n\t\t\t\t<div class=\"elementor-widget-container\">\n\t\t\t\t\t\t\t<div class=\"elementor-toggle\">\n\t\t\t\t\t\t\t<div class=\"elementor-toggle-item\">\n\t\t\t\t\t<div id=\"elementor-tab-title-1351\" class=\"elementor-tab-title\" data-tab=\"1\" role=\"button\" aria-controls=\"elementor-tab-content-1351\" aria-expanded=\"false\">\n\t\t\t\t\t\t\t\t\t\t\t\t<span class=\"elementor-toggle-icon elementor-toggle-icon-right\" aria-hidden=\"true\">\n\t\t\t\t\t\t\t\t\t\t\t\t\t\t\t<span class=\"elementor-toggle-icon-closed\"><i class=\"fas fa-caret-right\"><\/i><\/span>\n\t\t\t\t\t\t\t\t<span class=\"elementor-toggle-icon-opened\"><i class=\"elementor-toggle-icon-opened fas fa-caret-up\"><\/i><\/span>\n\t\t\t\t\t\t\t\t\t\t\t\t\t<\/span>\n\t\t\t\t\t\t\t\t\t\t\t\t<a class=\"elementor-toggle-title\" tabindex=\"0\">Mikor \u00e9s hogyan kapom meg az \u00e1ltalam kiv\u00e1lasztott term\u00e9keket?<\/a>\n\t\t\t\t\t<\/div>\n\n\t\t\t\t\t<div id=\"elementor-tab-content-1351\" class=\"elementor-tab-content elementor-clearfix\" data-tab=\"1\" role=\"region\" aria-labelledby=\"elementor-tab-title-1351\"><p>A k\u00e9zbes\u00edt\u00e9s m\u00f3dj\u00e1t a megrendel\u00e9s sor\u00e1n v\u00e1laszthatja ki. Az \u00e1rut a megrendel\u00e9sben megadott c\u00edmre sz\u00e1ll\u00edtathatja, vagy szem\u00e9lyesen \u00e1tveheti m\u00e1rkaboltunkban. Ha a c\u00edmre t\u00f6rt\u00e9n\u0151 k\u00e9zbes\u00edt\u00e9st v\u00e1lasztja, \u00e9s ez elt\u00e9r az \u00e1lland\u00f3 lak\u00f3helyt\u0151l vagy a sz\u00e1ml\u00e1z\u00e1si c\u00edmet\u0151l, akkor a megrendel\u00e9s sor\u00e1n v\u00e1lassza a &#8222;K\u00e9zbes\u00edt\u00e9s nem sz\u00e1ml\u00e1z\u00e1si c\u00edmre&#8221; opci\u00f3t, \u00e9s t\u00f6ltse ki azt a c\u00edmet, ahov\u00e1 val\u00f3ban szeretn\u00e9 az \u00e1rut sz\u00e1ll\u00edtani.<\/p><\/div>\n\t\t\t\t<\/div>\n\t\t\t\t\t\t\t\t<\/div>\n\t\t\t\t\t\t<\/div>\n\t\t\t\t<\/div>\n\t\t\t\t\t<\/div>\n\t\t<\/div>\n\t\t\t\t\t<\/div>\n\t\t<\/section>\n\t\t\t\t<\/div>\n\t\t","protected":false},"excerpt":{"rendered":"<p>Hogyan v\u00e1s\u00e1roljak Mi\u00e9rt v\u00e1s\u00e1roljon t\u0151l\u00fcnk A legt\u00f6bb \u00e1ru azonnal, rakt\u00e1rr\u00f3l. Azonnal reag\u00e1lunk a megrendel\u00e9sekre. Garanci\u00e1lis \u00e9s garancia ut\u00e1ni szolg\u00e1ltat\u00e1sokat ny\u00fajtunk. GYIK N\u00e9h\u00e1ny gyakori k\u00e9rd\u00e9s \u00e9s v\u00e1lasz Hogyan v\u00e1s\u00e1rolhatok? Online \u00fczlet\u00fcnkben regisztr\u00e1ci\u00f3val (aj\u00e1nlott) \u00e9s regisztr\u00e1ci\u00f3 n\u00e9lk\u00fcl is v\u00e1s\u00e1rolhat. Amennyiben regisztr\u00e1lt webshopunkba, \u00fagy a megrendel\u00e9s\u00e9t nyomon tudja k\u00f6vetni illetve szem\u00e9lyes adatait is tudja szerkeszteni. Hogyan v\u00e1laszthatok term\u00e9ket?Az<\/p>\n<div class=\"more-link\">\n\t\t\t\t <a href=\"https:\/\/www.agroeshop.hu\/?page_id=1743\" class=\"btn theme-btn inverted\"><span>B\u0151vebben <\/span><\/a>\n\t\t\t<\/div>\n","protected":false},"author":1,"featured_media":0,"parent":0,"menu_order":0,"comment_status":"closed","ping_status":"closed","template":"","meta":{"om_disable_all_campaigns":false,"_monsterinsights_skip_tracking":false,"_monsterinsights_sitenote_active":false,"_monsterinsights_sitenote_note":"","_monsterinsights_sitenote_category":0,"footnotes":""},"class_list":["post-1743","page","type-page","status-publish","hentry"],"aioseo_notices":[],"blog_post_layout_featured_media_urls":{"thumbnail":"","full":""},"categories_names":null,"comments_number":"0","jetpack-related-posts":[],"jetpack_sharing_enabled":true,"_links":{"self":[{"href":"https:\/\/www.agroeshop.hu\/index.php?rest_route=\/wp\/v2\/pages\/1743","targetHints":{"allow":["GET"]}}],"collection":[{"href":"https:\/\/www.agroeshop.hu\/index.php?rest_route=\/wp\/v2\/pages"}],"about":[{"href":"https:\/\/www.agroeshop.hu\/index.php?rest_route=\/wp\/v2\/types\/page"}],"author":[{"embeddable":true,"href":"https:\/\/www.agroeshop.hu\/index.php?rest_route=\/wp\/v2\/users\/1"}],"replies":[{"embeddable":true,"href":"https:\/\/www.agroeshop.hu\/index.php?rest_route=%2Fwp%2Fv2%2Fcomments&post=1743"}],"version-history":[{"count":8,"href":"https:\/\/www.agroeshop.hu\/index.php?rest_route=\/wp\/v2\/pages\/1743\/revisions"}],"predecessor-version":[{"id":1752,"href":"https:\/\/www.agroeshop.hu\/index.php?rest_route=\/wp\/v2\/pages\/1743\/revisions\/1752"}],"wp:attachment":[{"href":"https:\/\/www.agroeshop.hu\/index.php?rest_route=%2Fwp%2Fv2%2Fmedia&parent=1743"}],"curies":[{"name":"wp","href":"https:\/\/api.w.org\/{rel}","templated":true}]}}