{"id":141,"date":"2020-09-13T09:22:51","date_gmt":"2020-09-13T08:22:51","guid":{"rendered":"https:\/\/athemeart.com\/demo\/grocery-store\/demo-1\/?page_id=141"},"modified":"2026-03-14T19:49:49","modified_gmt":"2026-03-14T18:49:49","slug":"agroeshop","status":"publish","type":"page","link":"https:\/\/www.agroeshop.hu\/","title":{"rendered":"Kerti g\u00e9pek, kerti szersz\u00e1mok web\u00e1ruh\u00e1za &#8211; Agro E-shop"},"content":{"rendered":"\t\t<div data-elementor-type=\"wp-page\" data-elementor-id=\"141\" class=\"elementor elementor-141\">\n\t\t\t\t\t\t<section class=\"elementor-section elementor-top-section elementor-element elementor-element-5a253c9 elementor-section-boxed elementor-section-height-default elementor-section-height-default\" data-id=\"5a253c9\" data-element_type=\"section\" data-e-type=\"section\">\n\t\t\t\t\t\t<div class=\"elementor-container elementor-column-gap-default\">\n\t\t\t\t\t<div class=\"elementor-column elementor-col-100 elementor-top-column elementor-element elementor-element-d1e6f45\" data-id=\"d1e6f45\" data-element_type=\"column\" data-e-type=\"column\">\n\t\t\t<div class=\"elementor-widget-wrap elementor-element-populated\">\n\t\t\t\t\t\t<div class=\"elementor-element elementor-element-6318752 elementor-widget elementor-widget-ata-heading\" data-id=\"6318752\" data-element_type=\"widget\" data-e-type=\"widget\" data-widget_type=\"ata-heading.default\">\n\t\t\t\t<div class=\"elementor-widget-container\">\n\t\t\t\t\t<div class=\"ata-section-title  ata_heading_style_1\">\r\n            <h2 class=\"be-heading default\" data-bigletter=\"\">Agro E-shop<br \/>Kerti g\u00e9pek \u00e9s kerti szersz\u00e1mok, eszk\u00f6z\u00f6k web\u00e1ruh\u00e1za!<br \/>Minden ami a <span class=\"theme-color\">kertben <span class=\"theme-color\">sz\u00fcks\u00e9g!<\/span><\/span><\/h2>\r\n            <p class=\"be_description\"><ul><li>Kerti g\u00e9pek, eszk\u00f6z\u00f6k: <a href=\"https:\/\/www.agroeshop.hu\/termekkategoria\/kerti-gepek-eszkozok\/\">Hecht term\u00e9kek sz\u00e9les v\u00e1laszt\u00e9ka<\/a><\/li>\n<li>Ami egy bor\u00e1szatban is sz\u00fcks\u00e9ges: <a href=\"https:\/\/www.agroeshop.hu\/termekkategoria\/boraszat\/\">Bor\u00e1szati kell\u00e9kek<\/a><\/li>\n<li>Mert fontos a gazdas\u00e1gos \u00f6nt\u00f6z\u00e9s: <a href=\"https:\/\/www.agroeshop.hu\/termekkategoria\/ontozestechnika\/\">\u00d6nt\u00f6z\u00e9stechnika<\/a><\/li>\n<\/ul><p>Tov\u00e1bbi kerti term\u00e9kek, f\u00f3li\u00e1k, h\u00e1l\u00f3k, vegyszerek, \u00edrt\u00f3szerek, csapd\u00e1k<\/p><\/p>\r\n          \t<\/div>\t\t\t\t<\/div>\n\t\t\t\t<\/div>\n\t\t\t\t\t<\/div>\n\t\t<\/div>\n\t\t\t\t\t<\/div>\n\t\t<\/section>\n\t\t\t\t<section class=\"elementor-section elementor-top-section elementor-element elementor-element-afe27fb elementor-section-boxed elementor-section-height-default elementor-section-height-default\" data-id=\"afe27fb\" data-element_type=\"section\" data-e-type=\"section\">\n\t\t\t\t\t\t<div class=\"elementor-container elementor-column-gap-default\">\n\t\t\t\t\t<header class=\"elementor-column elementor-col-100 elementor-top-column elementor-element elementor-element-8c12532\" data-id=\"8c12532\" data-element_type=\"column\" data-e-type=\"column\">\n\t\t\t<div class=\"elementor-widget-wrap elementor-element-populated\">\n\t\t\t\t\t\t<div class=\"elementor-element elementor-element-bea85cf elementor-widget elementor-widget-text-editor\" data-id=\"bea85cf\" data-element_type=\"widget\" data-e-type=\"widget\" data-widget_type=\"text-editor.default\">\n\t\t\t\t<div class=\"elementor-widget-container\">\n\t\t\t\t\t\t\t\t\t<h3 style=\"text-align: center;\"><span style=\"color: #008000;\"><strong>Kl\u00edma, h\u0151szivatty\u00fa \u00e9rt\u00e9kes\u00edt\u00e9s,telep\u00edt\u00e9s, tiszt\u00edt\u00e1s,karbantart\u00e1s<\/strong><\/span><\/h3><h1>\u00a0<\/h1><h5 style=\"text-align: center;\"><span style=\"color: #3366ff;\"><strong>(B\u00e1cs-Kiskun, Csongr\u00e1d, Tolna megye).<\/strong><\/span><\/h5><h3>\u00a0<\/h3><h5 style=\"text-align: center;\">Munk\u00e1nkra 100% garanci\u00e1t v\u00e1llalunk.<\/h5><h5 style=\"text-align: center;\">H\u0171t\u0151-f\u0171t\u0151 kl\u00edma \u00e1rak szerel\u00e9ssel egy\u00fctt, garanci\u00e1val 2026-ban.<\/h5><h3>\u00a0<\/h3><h3>\u00a0<\/h3><h6 style=\"text-align: center;\"><span style=\"color: #000080;\">3,5KW-os kl\u00edm\u00e1k:<\/span><\/h6><h6 style=\"text-align: center;\"><span style=\"color: #000080;\">Midea Xtreme Save (SEER:7*SCOOP:4,2)\u00a0 \u00a0 \u00a0 \u00a0 \u00a0 \u00a0 \u00a0 \u00a0250000.-,<\/span><br \/><span style=\"color: #000080;\">Bosch Climate 4000i (SEER:8*SCOOP:4,6)\u00a0 \u00a0 \u00a0 \u00a0 \u00a0 \u00a0265000.-,<\/span><br \/><span style=\"color: #000080;\">Midea Xtreme Save Pro (SEER:8,5*SCOOP:4,6)\u00a0 \u00a0 \u00a0275000.-,<\/span><br \/><span style=\"color: #000080;\">Gree Comfort Pro (SEER:8,5*SCOOP:4,8)\u00a0 \u00a0 \u00a0 \u00a0 \u00a0 \u00a0 \u00a0 \u00a0 285000.-, <\/span><br \/><span style=\"color: #000080;\">\u00a0 \u00a0 \u00a0 Aux Magma 2 (SEER:8,5*SCOOP:4,6)\u00a0 \u00a0 \u00a0 \u00a0 \u00a0 \u00a0 \u00a0 \u00a0 \u00a0 \u00a0310000.-,\u00a0 \u00a0 <\/span><\/h6><h3 style=\"text-align: center;\"><span style=\"color: #3366ff;\">\u00a0 \u00a0<\/span><\/h3><h3 style=\"text-align: center;\">\u00a0<\/h3><h6 style=\"text-align: center;\"><span style=\"color: #003300;\">5,2-5,4KW-os kl\u00edm\u00e1k:<\/span><\/h6><h6 style=\"text-align: center;\"><span style=\"color: #003300;\">Bosch Climate 4000i (SEER:8*SCOOP:4,6)\u00a0 \u00a0 \u00a0 \u00a0 \u00a0 \u00a0 \u00a0 375000.-,<\/span><br \/><span style=\"color: #003300;\">Gree Comfort Pro (SEER:8,5*SCOOP:4,6)\u00a0 \u00a0 \u00a0 \u00a0 \u00a0 \u00a0 \u00a0 \u00a0 \u00a0 380000.-,<\/span><br \/><span style=\"color: #003300;\">Midea Solstice Sol-18-SP (SEER:8,5*SCOOP:4,6)\u00a0 \u00a0410000.-,<\/span><br \/><span style=\"color: #003300;\">Aux Magma 2 (SEER:8,8*SCOOP:4,6)\u00a0 \u00a0 \u00a0 \u00a0 \u00a0 \u00a0 \u00a0 \u00a0 \u00a0 \u00a0 \u00a0 \u00a0 \u00a0430000.-<\/span><\/h6><ul><li>\u00a0<\/li><li style=\"text-align: center;\"><strong><span style=\"color: #800000;\">Tavaszi kl\u00edma akci\u00f3 <\/span><\/strong><strong><span style=\"color: #800000;\">\u00e1prilis 12-ig!<\/span><\/strong><\/li><\/ul><p style=\"text-align: center;\"><span style=\"color: #000000;\"><strong>MDV One 3,5 KW 210000.-<\/strong><\/span><\/p><p style=\"text-align: center;\"><span style=\"color: #000000;\"><strong>Midea Xtreme Save 3,5KW 240000.-<\/strong><\/span><\/p><p style=\"text-align: center;\"><span style=\"color: #000000;\"><strong>Midea Breezless 5,3 KW 360000.-<\/strong><\/span><\/p><p style=\"text-align: center;\"><span style=\"color: #000000;\"><strong>Aux Delta 3 3,5KW 245000.-<\/strong><\/span><\/p><p style=\"text-align: center;\"><span style=\"color: #000000;\"><strong>Aux Delta 3 5,4KW 335000.-<\/strong><\/span><\/p><p style=\"text-align: center;\"><span style=\"color: #000000;\"><strong>Aux Aura 3,5KW 280000.-<\/strong><\/span><\/p><p style=\"text-align: center;\"><span style=\"color: #000000;\"><strong>Aux Aura 5,4KW 390000.-<\/strong><\/span><\/p><p style=\"text-align: center;\"><span style=\"color: #000000;\"><strong>\/Az \u00e1r tartalmazza a telep\u00edt\u00e9st, be\u00fczemel\u00e9st, garanci\u00e1t.\/<\/strong><\/span><\/p><p><span style=\"color: #ff0000;\"><strong>A Rotovill HEM Max programmal most ak\u00e1r f\u00e9l\u00e1ron v\u00e1s\u00e1rolhatsz f\u0171t\u00e9sre alkalmas l\u00e9gkondit, mik\u00f6zben otthonod energiahat\u00e9konys\u00e1g\u00e1t is n\u00f6veled.(AUX, RCOOL, Hitachi )<\/strong><\/span><\/p><p>A HEM (Hiteles\u00edtett Energia-megtakar\u00edt\u00e1s) a korszer\u0171s\u00edt\u00e9sek \u00e9s innovat\u00edv technol\u00f3gi\u00e1k alkalmaz\u00e1sa r\u00e9v\u00e9n el\u00e9rt igazolt energia-megtakar\u00edt\u00e1st jelent. Ezeket a fejleszt\u00e9seket egy Eur\u00f3pai Uni\u00f3s program r\u00e9szek\u00e9nt az erre k\u00f6telezett energiaszolg\u00e1ltat\u00f3k finansz\u00edrozz\u00e1k az EKR, vagyis az Energiahat\u00e9konys\u00e1gi K\u00f6telezetts\u00e9gi Rendszer keret\u00e9ben. A HEM Max programmal b\u00e1rki \u00e9lvezheti ezt a t\u00e1mogat\u00e1st. Most alacsonyabb \u00e1ron teheted otthonodat fenntarthat\u00f3bb\u00e1 \u00e9s energiatakar\u00e9kosabb\u00e1.<\/p><p><span style=\"color: #ff0000;\"><strong>Vedd fel vel\u00fcnk a kapcsolatot.<\/strong><\/span><\/p><h3 style=\"text-align: center;\">\u00a0<\/h3><h3>\u00a0<\/h3><h5 style=\"text-align: center;\"><span style=\"color: #000000;\">K\u00e9rjen \u00e1raj\u00e1nlatot, ha m\u00e1s m\u00e1rka, teljes\u00edtm\u00e9ny \u00e9rdekli, szerel\u0151i kedvezm\u00e9nnyel, b\u00e1rmilyen Magyarorsz\u00e1gon forgalmazott t\u00edpus beszerezhet\u0151!<\/span><\/h5><h3>\u00a0<\/h3><h5><span style=\"color: #000000;\"><strong><em>Gr\u00e1nicz Antal EV. <\/em><\/strong><\/span><br \/><span style=\"color: #000000;\"><strong><em>6430 B\u00e1csalm\u00e1s <\/em><\/strong><\/span><br \/><span style=\"color: #000000;\"><strong><em>Gr. Sz\u00e9chenyi u. 72<\/em><\/strong><\/span><br \/><span style=\"color: #000000;\"><strong><em>Ad\u00f3sz\u00e1m: 78693681-1-23<\/em><\/strong><\/span><br \/><span style=\"color: #000000;\"><strong><em>F-g\u00e1z azonos\u00edt\u00f3: 1000000077407<\/em><\/strong><\/span><\/h5><h3>\u00a0<\/h3><h3>\u00a0<\/h3><h5><span style=\"color: #000000;\">Mobil: <strong>+36 30 911 9013<\/strong><\/span><\/h5><h3>\u00a0<\/h3><h3>\u00a0<\/h3><h5><span style=\"color: #000000;\">Aj\u00e1nlatk\u00e9r\u00e9s email: <strong>agroklima2000@gmail.com<\/strong><\/span><\/h5>\t\t\t\t\t\t\t\t<\/div>\n\t\t\t\t<\/div>\n\t\t\t\t\t<\/div>\n\t\t<\/header>\n\t\t\t\t\t<\/div>\n\t\t<\/section>\n\t\t\t\t<section class=\"elementor-section elementor-top-section elementor-element elementor-element-2a0c669 elementor-section-boxed elementor-section-height-default elementor-section-height-default\" data-id=\"2a0c669\" data-element_type=\"section\" data-e-type=\"section\">\n\t\t\t\t\t\t<div class=\"elementor-container elementor-column-gap-default\">\n\t\t\t\t\t<div class=\"elementor-column elementor-col-100 elementor-top-column elementor-element elementor-element-fc04fec\" data-id=\"fc04fec\" data-element_type=\"column\" data-e-type=\"column\">\n\t\t\t<div class=\"elementor-widget-wrap\">\n\t\t\t\t\t\t\t<\/div>\n\t\t<\/div>\n\t\t\t\t\t<\/div>\n\t\t<\/section>\n\t\t\t\t<\/div>\n\t\t","protected":false},"excerpt":{"rendered":"<p>Agro E-shopKerti g\u00e9pek \u00e9s kerti szersz\u00e1mok, eszk\u00f6z\u00f6k web\u00e1ruh\u00e1za!Minden ami a kertben sz\u00fcks\u00e9g! Kerti g\u00e9pek, eszk\u00f6z\u00f6k: Hecht term\u00e9kek sz\u00e9les v\u00e1laszt\u00e9ka Ami egy bor\u00e1szatban is sz\u00fcks\u00e9ges: Bor\u00e1szati kell\u00e9kek Mert fontos a gazdas\u00e1gos \u00f6nt\u00f6z\u00e9s: \u00d6nt\u00f6z\u00e9stechnika Tov\u00e1bbi kerti term\u00e9kek, f\u00f3li\u00e1k, h\u00e1l\u00f3k, vegyszerek, \u00edrt\u00f3szerek, csapd\u00e1k Kl\u00edma, h\u0151szivatty\u00fa \u00e9rt\u00e9kes\u00edt\u00e9s,telep\u00edt\u00e9s, tiszt\u00edt\u00e1s,karbantart\u00e1s \u00a0 (B\u00e1cs-Kiskun, Csongr\u00e1d, Tolna megye). \u00a0 Munk\u00e1nkra 100% garanci\u00e1t v\u00e1llalunk. H\u0171t\u0151-f\u0171t\u0151<\/p>\n<div class=\"more-link\">\n\t\t\t\t <a href=\"https:\/\/www.agroeshop.hu\/\" class=\"btn theme-btn inverted\"><span>B\u0151vebben <\/span><\/a>\n\t\t\t<\/div>\n","protected":false},"author":1,"featured_media":0,"parent":0,"menu_order":0,"comment_status":"closed","ping_status":"closed","template":"templates\/home-page.php","meta":{"om_disable_all_campaigns":false,"_monsterinsights_skip_tracking":false,"_monsterinsights_sitenote_active":false,"_monsterinsights_sitenote_note":"","_monsterinsights_sitenote_category":0,"footnotes":""},"class_list":["post-141","page","type-page","status-publish","hentry"],"aioseo_notices":[],"blog_post_layout_featured_media_urls":{"thumbnail":"","full":""},"categories_names":null,"comments_number":"0","jetpack-related-posts":[],"jetpack_sharing_enabled":true,"_links":{"self":[{"href":"https:\/\/www.agroeshop.hu\/index.php?rest_route=\/wp\/v2\/pages\/141","targetHints":{"allow":["GET"]}}],"collection":[{"href":"https:\/\/www.agroeshop.hu\/index.php?rest_route=\/wp\/v2\/pages"}],"about":[{"href":"https:\/\/www.agroeshop.hu\/index.php?rest_route=\/wp\/v2\/types\/page"}],"author":[{"embeddable":true,"href":"https:\/\/www.agroeshop.hu\/index.php?rest_route=\/wp\/v2\/users\/1"}],"replies":[{"embeddable":true,"href":"https:\/\/www.agroeshop.hu\/index.php?rest_route=%2Fwp%2Fv2%2Fcomments&post=141"}],"version-history":[{"count":227,"href":"https:\/\/www.agroeshop.hu\/index.php?rest_route=\/wp\/v2\/pages\/141\/revisions"}],"predecessor-version":[{"id":4136,"href":"https:\/\/www.agroeshop.hu\/index.php?rest_route=\/wp\/v2\/pages\/141\/revisions\/4136"}],"wp:attachment":[{"href":"https:\/\/www.agroeshop.hu\/index.php?rest_route=%2Fwp%2Fv2%2Fmedia&parent=141"}],"curies":[{"name":"wp","href":"https:\/\/api.w.org\/{rel}","templated":true}]}}